{"id":28436,"date":"2016-11-17T23:48:19","date_gmt":"2016-11-17T23:48:19","guid":{"rendered":"https:\/\/beyondtype2.org\/?page_id=28436"},"modified":"2024-12-13T22:20:17","modified_gmt":"2024-12-13T22:20:17","slug":"comida","status":"publish","type":"page","link":"https:\/\/beyondtype1.org\/es\/comida\/","title":{"rendered":"Comida"},"content":{"rendered":"<p>Vivir con diabetes tipo 1 o tipo 2 significa tener una relaci&oacute;n &uacute;nica y especial con los alimentos. Eres m&aacute;s consciente que la mayor&iacute;&shy;a de las personas acerca de lo que est&aacute;s ofreciendo a tu cuerpo debido al impacto que tienen los alimentos en tu manejo de diabetes. Esta conciencia puede ser una gran ventaja, te ayudar&aacute; a cuidar de tu salud mejor. Si bien puede ser complicado contar carbohidratos y dosificar la insulina, hay quienes han encontrado ciertas combinaciones de alimentos &uacute;tiles en el manejo de la diabetes. Aqu&iacute;&shy; encontrar&aacute;s algunos consejos de nutrici&oacute;n que puede ser de utilidad para ti. Recuerda, todo el mundo es diferente, y as&iacute;&shy; como los gustos var&iacute;&shy;an, los reg&iacute;menes de alimentos que trabajan para algunos, para otros no resultar&aacute;n, prueba y decide cual te beneficia a ti. <em>&iexcl;Buen provecho!<\/em><\/p>\n\n","protected":false},"excerpt":{"rendered":"<p>Vivir con diabetes tipo 1 o tipo 2 significa tener una relaci&oacute;n &uacute;nica y especial con los alimentos. Eres m&aacute;s consciente que la mayor&iacute;&shy;a de las personas acerca de lo que est&aacute;s ofreciendo a tu cuerpo debido al impacto que tienen los alimentos en tu manejo de diabetes. Esta conciencia puede ser una gran ventaja, [&hellip;]<\/p>\n","protected":false},"author":5,"featured_media":28437,"parent":0,"menu_order":0,"comment_status":"closed","ping_status":"closed","template":"page_templates\/section.php","meta":{"_acf_changed":false,"footnotes":""},"class_list":["post-28436","page","type-page","status-publish","has-post-thumbnail","hentry","content-categories-educacion","topics-manejo-de-la-diabetes","topics-nutricion","diabetes-types-tipo-1","diabetes-types-tipo-2","tags-recursos"],"acf":[],"yoast_head":"<!-- This site is optimized with the Yoast SEO plugin v27.0 - https:\/\/yoast.com\/product\/yoast-seo-wordpress\/ -->\n<title>Comida | Beyond Type 1<\/title>\n<meta name=\"description\" content=\"Vivir con diabetes Tipo 1 o Tipo 2 significa tener una relaci\u00f3n \u00fanica y especial con los alimentos. Eres m\u00e1s consciente que la mayor\u00ed\u00ada de las personas acerca de lo que est\u00e1s ofreciendo a tu cuerpo debido al impacto que tienen los alimentos en tu manejo de diabetes.\" \/>\n<meta name=\"robots\" content=\"index, follow, max-snippet:-1, max-image-preview:large, max-video-preview:-1\" \/>\n<link rel=\"canonical\" href=\"https:\/\/beyondtype1.org\/es\/comida\/\" \/>\n<meta property=\"og:locale\" content=\"es_ES\" \/>\n<meta property=\"og:type\" content=\"article\" \/>\n<meta property=\"og:title\" content=\"Comida | Beyond Type 1\" \/>\n<meta property=\"og:description\" content=\"Vivir con diabetes Tipo 1 o Tipo 2 significa tener una relaci\u00f3n \u00fanica y especial con los alimentos. Eres m\u00e1s consciente que la mayor\u00ed\u00ada de las personas acerca de lo que est\u00e1s ofreciendo a tu cuerpo debido al impacto que tienen los alimentos en tu manejo de diabetes.\" \/>\n<meta property=\"og:url\" content=\"https:\/\/beyondtype1.org\/es\/comida\/\" \/>\n<meta property=\"og:site_name\" content=\"Beyond Type 1\" \/>\n<meta property=\"article:publisher\" content=\"https:\/\/www.facebook.com\/beyondtype1\" \/>\n<meta property=\"article:modified_time\" content=\"2024-12-13T22:20:17+00:00\" \/>\n<meta property=\"og:image\" content=\"https:\/\/beyondtype1.org\/wp-content\/uploads\/2024\/11\/BT1-HEADER-FOOD-768x275-1.png\" \/>\n\t<meta property=\"og:image:width\" content=\"768\" \/>\n\t<meta property=\"og:image:height\" content=\"275\" \/>\n\t<meta property=\"og:image:type\" content=\"image\/png\" \/>\n<meta name=\"twitter:card\" content=\"summary_large_image\" \/>\n<meta name=\"twitter:site\" content=\"@BeyondType1\" \/>\n<meta name=\"twitter:label1\" content=\"Tiempo de lectura\" \/>\n\t<meta name=\"twitter:data1\" content=\"1 minuto\" \/>\n<script type=\"application\/ld+json\" class=\"yoast-schema-graph\">{\"@context\":\"https:\/\/schema.org\",\"@graph\":[{\"@type\":\"WebPage\",\"@id\":\"https:\/\/beyondtype1.org\/es\/comida\/\",\"url\":\"https:\/\/beyondtype1.org\/es\/comida\/\",\"name\":\"Comida | Beyond Type 1\",\"isPartOf\":{\"@id\":\"https:\/\/beyondtype1.org\/es\/#website\"},\"primaryImageOfPage\":{\"@id\":\"https:\/\/beyondtype1.org\/es\/comida\/#primaryimage\"},\"image\":{\"@id\":\"https:\/\/beyondtype1.org\/es\/comida\/#primaryimage\"},\"thumbnailUrl\":\"https:\/\/beyondtype1.org\/wp-content\/uploads\/2024\/11\/BT1-HEADER-FOOD-768x275-1.png\",\"datePublished\":\"2016-11-17T23:48:19+00:00\",\"dateModified\":\"2024-12-13T22:20:17+00:00\",\"description\":\"Vivir con diabetes Tipo 1 o Tipo 2 significa tener una relaci\u00f3n \u00fanica y especial con los alimentos. Eres m\u00e1s consciente que la mayor\u00ed\u00ada de las personas acerca de lo que est\u00e1s ofreciendo a tu cuerpo debido al impacto que tienen los alimentos en tu manejo de diabetes.\",\"breadcrumb\":{\"@id\":\"https:\/\/beyondtype1.org\/es\/comida\/#breadcrumb\"},\"inLanguage\":\"es\",\"potentialAction\":[{\"@type\":\"ReadAction\",\"target\":[\"https:\/\/beyondtype1.org\/es\/comida\/\"]}]},{\"@type\":\"ImageObject\",\"inLanguage\":\"es\",\"@id\":\"https:\/\/beyondtype1.org\/es\/comida\/#primaryimage\",\"url\":\"https:\/\/beyondtype1.org\/wp-content\/uploads\/2024\/11\/BT1-HEADER-FOOD-768x275-1.png\",\"contentUrl\":\"https:\/\/beyondtype1.org\/wp-content\/uploads\/2024\/11\/BT1-HEADER-FOOD-768x275-1.png\",\"width\":768,\"height\":275},{\"@type\":\"BreadcrumbList\",\"@id\":\"https:\/\/beyondtype1.org\/es\/comida\/#breadcrumb\",\"itemListElement\":[{\"@type\":\"ListItem\",\"position\":1,\"name\":\"Home\",\"item\":\"https:\/\/beyondtype1.org\/es\/\"},{\"@type\":\"ListItem\",\"position\":2,\"name\":\"Comida\"}]},{\"@type\":\"WebSite\",\"@id\":\"https:\/\/beyondtype1.org\/es\/#website\",\"url\":\"https:\/\/beyondtype1.org\/es\/\",\"name\":\"Beyond Type 1\",\"description\":\"Beyond Type 1 is the largest diabetes org online, funding advocacy, education and cure research.\",\"publisher\":{\"@id\":\"https:\/\/beyondtype1.org\/es\/#organization\"},\"potentialAction\":[{\"@type\":\"SearchAction\",\"target\":{\"@type\":\"EntryPoint\",\"urlTemplate\":\"https:\/\/beyondtype1.org\/es\/?s={search_term_string}\"},\"query-input\":{\"@type\":\"PropertyValueSpecification\",\"valueRequired\":true,\"valueName\":\"search_term_string\"}}],\"inLanguage\":\"es\"},{\"@type\":\"Organization\",\"@id\":\"https:\/\/beyondtype1.org\/es\/#organization\",\"name\":\"Beyond Type 1\",\"url\":\"https:\/\/beyondtype1.org\/es\/\",\"logo\":{\"@type\":\"ImageObject\",\"inLanguage\":\"es\",\"@id\":\"https:\/\/beyondtype1.org\/es\/#\/schema\/logo\/image\/\",\"url\":\"https:\/\/beyondtype1.org\/wp-content\/uploads\/2025\/08\/header-logo.svg\",\"contentUrl\":\"https:\/\/beyondtype1.org\/wp-content\/uploads\/2025\/08\/header-logo.svg\",\"width\":56,\"height\":56,\"caption\":\"Beyond Type 1\"},\"image\":{\"@id\":\"https:\/\/beyondtype1.org\/es\/#\/schema\/logo\/image\/\"},\"sameAs\":[\"https:\/\/www.facebook.com\/beyondtype1\",\"https:\/\/x.com\/BeyondType1\",\"http:\/\/instagram.com\/BeyondType1\/\",\"https:\/\/www.youtube.com\/c\/BeyondType1\",\"https:\/\/www.tiktok.com\/@beyondtype1\",\"https:\/\/www.linkedin.com\/company\/beyond-type1\/\"]}]}<\/script>\n<!-- \/ Yoast SEO plugin. -->","yoast_head_json":{"title":"Comida | Beyond Type 1","description":"Vivir con diabetes Tipo 1 o Tipo 2 significa tener una relaci\u00f3n \u00fanica y especial con los alimentos. Eres m\u00e1s consciente que la mayor\u00ed\u00ada de las personas acerca de lo que est\u00e1s ofreciendo a tu cuerpo debido al impacto que tienen los alimentos en tu manejo de diabetes.","robots":{"index":"index","follow":"follow","max-snippet":"max-snippet:-1","max-image-preview":"max-image-preview:large","max-video-preview":"max-video-preview:-1"},"canonical":"https:\/\/beyondtype1.org\/es\/comida\/","og_locale":"es_ES","og_type":"article","og_title":"Comida | Beyond Type 1","og_description":"Vivir con diabetes Tipo 1 o Tipo 2 significa tener una relaci\u00f3n \u00fanica y especial con los alimentos. Eres m\u00e1s consciente que la mayor\u00ed\u00ada de las personas acerca de lo que est\u00e1s ofreciendo a tu cuerpo debido al impacto que tienen los alimentos en tu manejo de diabetes.","og_url":"https:\/\/beyondtype1.org\/es\/comida\/","og_site_name":"Beyond Type 1","article_publisher":"https:\/\/www.facebook.com\/beyondtype1","article_modified_time":"2024-12-13T22:20:17+00:00","og_image":[{"width":768,"height":275,"url":"https:\/\/beyondtype1.org\/wp-content\/uploads\/2024\/11\/BT1-HEADER-FOOD-768x275-1.png","type":"image\/png"}],"twitter_card":"summary_large_image","twitter_site":"@BeyondType1","twitter_misc":{"Tiempo de lectura":"1 minuto"},"schema":{"@context":"https:\/\/schema.org","@graph":[{"@type":"WebPage","@id":"https:\/\/beyondtype1.org\/es\/comida\/","url":"https:\/\/beyondtype1.org\/es\/comida\/","name":"Comida | Beyond Type 1","isPartOf":{"@id":"https:\/\/beyondtype1.org\/es\/#website"},"primaryImageOfPage":{"@id":"https:\/\/beyondtype1.org\/es\/comida\/#primaryimage"},"image":{"@id":"https:\/\/beyondtype1.org\/es\/comida\/#primaryimage"},"thumbnailUrl":"https:\/\/beyondtype1.org\/wp-content\/uploads\/2024\/11\/BT1-HEADER-FOOD-768x275-1.png","datePublished":"2016-11-17T23:48:19+00:00","dateModified":"2024-12-13T22:20:17+00:00","description":"Vivir con diabetes Tipo 1 o Tipo 2 significa tener una relaci\u00f3n \u00fanica y especial con los alimentos. Eres m\u00e1s consciente que la mayor\u00ed\u00ada de las personas acerca de lo que est\u00e1s ofreciendo a tu cuerpo debido al impacto que tienen los alimentos en tu manejo de diabetes.","breadcrumb":{"@id":"https:\/\/beyondtype1.org\/es\/comida\/#breadcrumb"},"inLanguage":"es","potentialAction":[{"@type":"ReadAction","target":["https:\/\/beyondtype1.org\/es\/comida\/"]}]},{"@type":"ImageObject","inLanguage":"es","@id":"https:\/\/beyondtype1.org\/es\/comida\/#primaryimage","url":"https:\/\/beyondtype1.org\/wp-content\/uploads\/2024\/11\/BT1-HEADER-FOOD-768x275-1.png","contentUrl":"https:\/\/beyondtype1.org\/wp-content\/uploads\/2024\/11\/BT1-HEADER-FOOD-768x275-1.png","width":768,"height":275},{"@type":"BreadcrumbList","@id":"https:\/\/beyondtype1.org\/es\/comida\/#breadcrumb","itemListElement":[{"@type":"ListItem","position":1,"name":"Home","item":"https:\/\/beyondtype1.org\/es\/"},{"@type":"ListItem","position":2,"name":"Comida"}]},{"@type":"WebSite","@id":"https:\/\/beyondtype1.org\/es\/#website","url":"https:\/\/beyondtype1.org\/es\/","name":"Beyond Type 1","description":"Beyond Type 1 is the largest diabetes org online, funding advocacy, education and cure research.","publisher":{"@id":"https:\/\/beyondtype1.org\/es\/#organization"},"potentialAction":[{"@type":"SearchAction","target":{"@type":"EntryPoint","urlTemplate":"https:\/\/beyondtype1.org\/es\/?s={search_term_string}"},"query-input":{"@type":"PropertyValueSpecification","valueRequired":true,"valueName":"search_term_string"}}],"inLanguage":"es"},{"@type":"Organization","@id":"https:\/\/beyondtype1.org\/es\/#organization","name":"Beyond Type 1","url":"https:\/\/beyondtype1.org\/es\/","logo":{"@type":"ImageObject","inLanguage":"es","@id":"https:\/\/beyondtype1.org\/es\/#\/schema\/logo\/image\/","url":"https:\/\/beyondtype1.org\/wp-content\/uploads\/2025\/08\/header-logo.svg","contentUrl":"https:\/\/beyondtype1.org\/wp-content\/uploads\/2025\/08\/header-logo.svg","width":56,"height":56,"caption":"Beyond Type 1"},"image":{"@id":"https:\/\/beyondtype1.org\/es\/#\/schema\/logo\/image\/"},"sameAs":["https:\/\/www.facebook.com\/beyondtype1","https:\/\/x.com\/BeyondType1","http:\/\/instagram.com\/BeyondType1\/","https:\/\/www.youtube.com\/c\/BeyondType1","https:\/\/www.tiktok.com\/@beyondtype1","https:\/\/www.linkedin.com\/company\/beyond-type1\/"]}]}},"_links":{"self":[{"href":"https:\/\/beyondtype1.org\/es\/wp-json\/wp\/v2\/pages\/28436","targetHints":{"allow":["GET"]}}],"collection":[{"href":"https:\/\/beyondtype1.org\/es\/wp-json\/wp\/v2\/pages"}],"about":[{"href":"https:\/\/beyondtype1.org\/es\/wp-json\/wp\/v2\/types\/page"}],"author":[{"embeddable":true,"href":"https:\/\/beyondtype1.org\/es\/wp-json\/wp\/v2\/users\/5"}],"replies":[{"embeddable":true,"href":"https:\/\/beyondtype1.org\/es\/wp-json\/wp\/v2\/comments?post=28436"}],"version-history":[{"count":0,"href":"https:\/\/beyondtype1.org\/es\/wp-json\/wp\/v2\/pages\/28436\/revisions"}],"wp:featuredmedia":[{"embeddable":true,"href":"https:\/\/beyondtype1.org\/es\/wp-json\/wp\/v2\/media\/28437"}],"wp:attachment":[{"href":"https:\/\/beyondtype1.org\/es\/wp-json\/wp\/v2\/media?parent=28436"}],"curies":[{"name":"wp","href":"https:\/\/api.w.org\/{rel}","templated":true}]}}