{"id":28853,"date":"2018-06-13T13:24:35","date_gmt":"2018-06-13T13:24:35","guid":{"rendered":"https:\/\/beyondtype2.org\/?page_id=28853"},"modified":"2024-12-13T22:25:20","modified_gmt":"2024-12-13T22:25:20","slug":"comprender-la-diabetes-tipo-1","status":"publish","type":"page","link":"https:\/\/beyondtype1.org\/es\/comprender-la-diabetes-tipo-1\/","title":{"rendered":"Gu\u00edas para comprender la diabetes tipo 1"},"content":{"rendered":"<p>Ya sea que te est&aacute;s enfrentando a un <a href=\"https:\/\/beyondtype1.org\/es\/diagnostico-reciente\/\">diagn&oacute;stico reciente<\/a> de <a href=\"https:\/\/beyondtype1.org\/es\/diabetes-tipo-1\/\">diabetes tipo 1<\/a> o que est&eacute;s buscando la forma de ense&ntilde;ar a otros sobre diabetes tipo 1, aqu&iacute; encontrar&aacute;s las mejores gu&iacute;as de Beyond Type 1 para comprender esta condici&oacute;n autoinmune. La diabetes tipo 1 puede ser complicada en su manejo y ya sea que buscas explicarla a alguien como un maestro, entrenador o miembro de tu familia, estas gu&iacute;as son el mejor lugar para empezar! Ver&aacute;s que son f&aacute;ciles de entender y compartir, las Gu&iacute;as para Ense&ntilde;ar a Otros sobre Diabetes Tipo 1 son las mejores herramientas para educar y empoderar a aquellos nuevos en el mundo de la diabetes tipo 1.<\/p>\n\n","protected":false},"excerpt":{"rendered":"<p>Ya sea que te est&aacute;s enfrentando a un diagn&oacute;stico reciente de diabetes tipo 1 o que est&eacute;s buscando la forma de ense&ntilde;ar a otros sobre diabetes tipo 1, aqu&iacute; encontrar&aacute;s las mejores gu&iacute;as de Beyond Type 1 para comprender esta condici&oacute;n autoinmune. La diabetes tipo 1 puede ser complicada en su manejo y ya sea [&hellip;]<\/p>\n","protected":false},"author":5,"featured_media":28854,"parent":0,"menu_order":0,"comment_status":"closed","ping_status":"closed","template":"page_templates\/section.php","meta":{"_acf_changed":false,"footnotes":""},"class_list":["post-28853","page","type-page","status-publish","has-post-thumbnail","hentry","content-categories-educacion","topics-defensa","topics-tipos-de-diabetes-y-enfermedades","diabetes-types-tipo-1","tags-new_home_feature-es","tags-newlydiagnosed2-es"],"acf":[],"yoast_head":"<!-- This site is optimized with the Yoast SEO plugin v27.0 - https:\/\/yoast.com\/product\/yoast-seo-wordpress\/ -->\n<title>Gu\u00edas para comprender la diabetes tipo 1 | Beyond Type 1<\/title>\n<meta name=\"description\" content=\"Aqu\u00ed encontrar\u00e1s las mejores gu\u00edas de Beyond Type 1 para comprender esta condici\u00f3n autoinmune para ti o para ayudar a otros a aprender.\u00a0\" \/>\n<meta name=\"robots\" content=\"index, follow, max-snippet:-1, max-image-preview:large, max-video-preview:-1\" \/>\n<link rel=\"canonical\" href=\"https:\/\/beyondtype1.org\/es\/comprender-la-diabetes-tipo-1\/\" \/>\n<meta property=\"og:locale\" content=\"es_ES\" \/>\n<meta property=\"og:type\" content=\"article\" \/>\n<meta property=\"og:title\" content=\"Gu\u00edas para comprender la diabetes tipo 1 | Beyond Type 1\" \/>\n<meta property=\"og:description\" content=\"Aqu\u00ed encontrar\u00e1s las mejores gu\u00edas de Beyond Type 1 para comprender esta condici\u00f3n autoinmune para ti o para ayudar a otros a aprender.\u00a0\" \/>\n<meta property=\"og:url\" content=\"https:\/\/beyondtype1.org\/es\/comprender-la-diabetes-tipo-1\/\" \/>\n<meta property=\"og:site_name\" content=\"Beyond Type 1\" \/>\n<meta property=\"article:publisher\" content=\"https:\/\/www.facebook.com\/beyondtype1\" \/>\n<meta property=\"article:modified_time\" content=\"2024-12-13T22:25:20+00:00\" \/>\n<meta property=\"og:image\" content=\"https:\/\/beyondtype1.org\/wp-content\/uploads\/2024\/11\/BT1-UNDERSTANDING-HEADER-1200x429-1.jpg\" \/>\n\t<meta property=\"og:image:width\" content=\"1200\" \/>\n\t<meta property=\"og:image:height\" content=\"429\" \/>\n\t<meta property=\"og:image:type\" content=\"image\/jpeg\" \/>\n<meta name=\"twitter:card\" content=\"summary_large_image\" \/>\n<meta name=\"twitter:site\" content=\"@BeyondType1\" \/>\n<meta name=\"twitter:label1\" content=\"Tiempo de lectura\" \/>\n\t<meta name=\"twitter:data1\" content=\"1 minuto\" \/>\n<script type=\"application\/ld+json\" class=\"yoast-schema-graph\">{\"@context\":\"https:\/\/schema.org\",\"@graph\":[{\"@type\":\"WebPage\",\"@id\":\"https:\/\/beyondtype1.org\/es\/comprender-la-diabetes-tipo-1\/\",\"url\":\"https:\/\/beyondtype1.org\/es\/comprender-la-diabetes-tipo-1\/\",\"name\":\"Gu\u00edas para comprender la diabetes tipo 1 | Beyond Type 1\",\"isPartOf\":{\"@id\":\"https:\/\/beyondtype1.org\/es\/#website\"},\"primaryImageOfPage\":{\"@id\":\"https:\/\/beyondtype1.org\/es\/comprender-la-diabetes-tipo-1\/#primaryimage\"},\"image\":{\"@id\":\"https:\/\/beyondtype1.org\/es\/comprender-la-diabetes-tipo-1\/#primaryimage\"},\"thumbnailUrl\":\"https:\/\/beyondtype1.org\/wp-content\/uploads\/2024\/11\/BT1-UNDERSTANDING-HEADER-1200x429-1.jpg\",\"datePublished\":\"2018-06-13T13:24:35+00:00\",\"dateModified\":\"2024-12-13T22:25:20+00:00\",\"description\":\"Aqu\u00ed encontrar\u00e1s las mejores gu\u00edas de Beyond Type 1 para comprender esta condici\u00f3n autoinmune para ti o para ayudar a otros a aprender.\u00a0\",\"breadcrumb\":{\"@id\":\"https:\/\/beyondtype1.org\/es\/comprender-la-diabetes-tipo-1\/#breadcrumb\"},\"inLanguage\":\"es\",\"potentialAction\":[{\"@type\":\"ReadAction\",\"target\":[\"https:\/\/beyondtype1.org\/es\/comprender-la-diabetes-tipo-1\/\"]}]},{\"@type\":\"ImageObject\",\"inLanguage\":\"es\",\"@id\":\"https:\/\/beyondtype1.org\/es\/comprender-la-diabetes-tipo-1\/#primaryimage\",\"url\":\"https:\/\/beyondtype1.org\/wp-content\/uploads\/2024\/11\/BT1-UNDERSTANDING-HEADER-1200x429-1.jpg\",\"contentUrl\":\"https:\/\/beyondtype1.org\/wp-content\/uploads\/2024\/11\/BT1-UNDERSTANDING-HEADER-1200x429-1.jpg\",\"width\":1200,\"height\":429},{\"@type\":\"BreadcrumbList\",\"@id\":\"https:\/\/beyondtype1.org\/es\/comprender-la-diabetes-tipo-1\/#breadcrumb\",\"itemListElement\":[{\"@type\":\"ListItem\",\"position\":1,\"name\":\"Home\",\"item\":\"https:\/\/beyondtype1.org\/es\/\"},{\"@type\":\"ListItem\",\"position\":2,\"name\":\"Gu\u00edas para comprender la diabetes tipo 1\"}]},{\"@type\":\"WebSite\",\"@id\":\"https:\/\/beyondtype1.org\/es\/#website\",\"url\":\"https:\/\/beyondtype1.org\/es\/\",\"name\":\"Beyond Type 1\",\"description\":\"Beyond Type 1 is the largest diabetes org online, funding advocacy, education and cure research.\",\"publisher\":{\"@id\":\"https:\/\/beyondtype1.org\/es\/#organization\"},\"potentialAction\":[{\"@type\":\"SearchAction\",\"target\":{\"@type\":\"EntryPoint\",\"urlTemplate\":\"https:\/\/beyondtype1.org\/es\/?s={search_term_string}\"},\"query-input\":{\"@type\":\"PropertyValueSpecification\",\"valueRequired\":true,\"valueName\":\"search_term_string\"}}],\"inLanguage\":\"es\"},{\"@type\":\"Organization\",\"@id\":\"https:\/\/beyondtype1.org\/es\/#organization\",\"name\":\"Beyond Type 1\",\"url\":\"https:\/\/beyondtype1.org\/es\/\",\"logo\":{\"@type\":\"ImageObject\",\"inLanguage\":\"es\",\"@id\":\"https:\/\/beyondtype1.org\/es\/#\/schema\/logo\/image\/\",\"url\":\"https:\/\/beyondtype1.org\/wp-content\/uploads\/2025\/08\/header-logo.svg\",\"contentUrl\":\"https:\/\/beyondtype1.org\/wp-content\/uploads\/2025\/08\/header-logo.svg\",\"width\":56,\"height\":56,\"caption\":\"Beyond Type 1\"},\"image\":{\"@id\":\"https:\/\/beyondtype1.org\/es\/#\/schema\/logo\/image\/\"},\"sameAs\":[\"https:\/\/www.facebook.com\/beyondtype1\",\"https:\/\/x.com\/BeyondType1\",\"http:\/\/instagram.com\/BeyondType1\/\",\"https:\/\/www.youtube.com\/c\/BeyondType1\",\"https:\/\/www.tiktok.com\/@beyondtype1\",\"https:\/\/www.linkedin.com\/company\/beyond-type1\/\"]}]}<\/script>\n<!-- \/ Yoast SEO plugin. -->","yoast_head_json":{"title":"Gu\u00edas para comprender la diabetes tipo 1 | Beyond Type 1","description":"Aqu\u00ed encontrar\u00e1s las mejores gu\u00edas de Beyond Type 1 para comprender esta condici\u00f3n autoinmune para ti o para ayudar a otros a aprender.\u00a0","robots":{"index":"index","follow":"follow","max-snippet":"max-snippet:-1","max-image-preview":"max-image-preview:large","max-video-preview":"max-video-preview:-1"},"canonical":"https:\/\/beyondtype1.org\/es\/comprender-la-diabetes-tipo-1\/","og_locale":"es_ES","og_type":"article","og_title":"Gu\u00edas para comprender la diabetes tipo 1 | Beyond Type 1","og_description":"Aqu\u00ed encontrar\u00e1s las mejores gu\u00edas de Beyond Type 1 para comprender esta condici\u00f3n autoinmune para ti o para ayudar a otros a aprender.\u00a0","og_url":"https:\/\/beyondtype1.org\/es\/comprender-la-diabetes-tipo-1\/","og_site_name":"Beyond Type 1","article_publisher":"https:\/\/www.facebook.com\/beyondtype1","article_modified_time":"2024-12-13T22:25:20+00:00","og_image":[{"width":1200,"height":429,"url":"https:\/\/beyondtype1.org\/wp-content\/uploads\/2024\/11\/BT1-UNDERSTANDING-HEADER-1200x429-1.jpg","type":"image\/jpeg"}],"twitter_card":"summary_large_image","twitter_site":"@BeyondType1","twitter_misc":{"Tiempo de lectura":"1 minuto"},"schema":{"@context":"https:\/\/schema.org","@graph":[{"@type":"WebPage","@id":"https:\/\/beyondtype1.org\/es\/comprender-la-diabetes-tipo-1\/","url":"https:\/\/beyondtype1.org\/es\/comprender-la-diabetes-tipo-1\/","name":"Gu\u00edas para comprender la diabetes tipo 1 | Beyond Type 1","isPartOf":{"@id":"https:\/\/beyondtype1.org\/es\/#website"},"primaryImageOfPage":{"@id":"https:\/\/beyondtype1.org\/es\/comprender-la-diabetes-tipo-1\/#primaryimage"},"image":{"@id":"https:\/\/beyondtype1.org\/es\/comprender-la-diabetes-tipo-1\/#primaryimage"},"thumbnailUrl":"https:\/\/beyondtype1.org\/wp-content\/uploads\/2024\/11\/BT1-UNDERSTANDING-HEADER-1200x429-1.jpg","datePublished":"2018-06-13T13:24:35+00:00","dateModified":"2024-12-13T22:25:20+00:00","description":"Aqu\u00ed encontrar\u00e1s las mejores gu\u00edas de Beyond Type 1 para comprender esta condici\u00f3n autoinmune para ti o para ayudar a otros a aprender.\u00a0","breadcrumb":{"@id":"https:\/\/beyondtype1.org\/es\/comprender-la-diabetes-tipo-1\/#breadcrumb"},"inLanguage":"es","potentialAction":[{"@type":"ReadAction","target":["https:\/\/beyondtype1.org\/es\/comprender-la-diabetes-tipo-1\/"]}]},{"@type":"ImageObject","inLanguage":"es","@id":"https:\/\/beyondtype1.org\/es\/comprender-la-diabetes-tipo-1\/#primaryimage","url":"https:\/\/beyondtype1.org\/wp-content\/uploads\/2024\/11\/BT1-UNDERSTANDING-HEADER-1200x429-1.jpg","contentUrl":"https:\/\/beyondtype1.org\/wp-content\/uploads\/2024\/11\/BT1-UNDERSTANDING-HEADER-1200x429-1.jpg","width":1200,"height":429},{"@type":"BreadcrumbList","@id":"https:\/\/beyondtype1.org\/es\/comprender-la-diabetes-tipo-1\/#breadcrumb","itemListElement":[{"@type":"ListItem","position":1,"name":"Home","item":"https:\/\/beyondtype1.org\/es\/"},{"@type":"ListItem","position":2,"name":"Gu\u00edas para comprender la diabetes tipo 1"}]},{"@type":"WebSite","@id":"https:\/\/beyondtype1.org\/es\/#website","url":"https:\/\/beyondtype1.org\/es\/","name":"Beyond Type 1","description":"Beyond Type 1 is the largest diabetes org online, funding advocacy, education and cure research.","publisher":{"@id":"https:\/\/beyondtype1.org\/es\/#organization"},"potentialAction":[{"@type":"SearchAction","target":{"@type":"EntryPoint","urlTemplate":"https:\/\/beyondtype1.org\/es\/?s={search_term_string}"},"query-input":{"@type":"PropertyValueSpecification","valueRequired":true,"valueName":"search_term_string"}}],"inLanguage":"es"},{"@type":"Organization","@id":"https:\/\/beyondtype1.org\/es\/#organization","name":"Beyond Type 1","url":"https:\/\/beyondtype1.org\/es\/","logo":{"@type":"ImageObject","inLanguage":"es","@id":"https:\/\/beyondtype1.org\/es\/#\/schema\/logo\/image\/","url":"https:\/\/beyondtype1.org\/wp-content\/uploads\/2025\/08\/header-logo.svg","contentUrl":"https:\/\/beyondtype1.org\/wp-content\/uploads\/2025\/08\/header-logo.svg","width":56,"height":56,"caption":"Beyond Type 1"},"image":{"@id":"https:\/\/beyondtype1.org\/es\/#\/schema\/logo\/image\/"},"sameAs":["https:\/\/www.facebook.com\/beyondtype1","https:\/\/x.com\/BeyondType1","http:\/\/instagram.com\/BeyondType1\/","https:\/\/www.youtube.com\/c\/BeyondType1","https:\/\/www.tiktok.com\/@beyondtype1","https:\/\/www.linkedin.com\/company\/beyond-type1\/"]}]}},"_links":{"self":[{"href":"https:\/\/beyondtype1.org\/es\/wp-json\/wp\/v2\/pages\/28853","targetHints":{"allow":["GET"]}}],"collection":[{"href":"https:\/\/beyondtype1.org\/es\/wp-json\/wp\/v2\/pages"}],"about":[{"href":"https:\/\/beyondtype1.org\/es\/wp-json\/wp\/v2\/types\/page"}],"author":[{"embeddable":true,"href":"https:\/\/beyondtype1.org\/es\/wp-json\/wp\/v2\/users\/5"}],"replies":[{"embeddable":true,"href":"https:\/\/beyondtype1.org\/es\/wp-json\/wp\/v2\/comments?post=28853"}],"version-history":[{"count":0,"href":"https:\/\/beyondtype1.org\/es\/wp-json\/wp\/v2\/pages\/28853\/revisions"}],"wp:featuredmedia":[{"embeddable":true,"href":"https:\/\/beyondtype1.org\/es\/wp-json\/wp\/v2\/media\/28854"}],"wp:attachment":[{"href":"https:\/\/beyondtype1.org\/es\/wp-json\/wp\/v2\/media?parent=28853"}],"curies":[{"name":"wp","href":"https:\/\/api.w.org\/{rel}","templated":true}]}}