{"id":28904,"date":"2020-03-08T21:23:30","date_gmt":"2020-03-08T21:23:30","guid":{"rendered":"https:\/\/beyondtype2.org\/?page_id=28904"},"modified":"2024-11-22T18:26:10","modified_gmt":"2024-11-22T18:26:10","slug":"todo-sobre-el-sueno","status":"publish","type":"page","link":"https:\/\/beyondtype1.org\/es\/todo-sobre-el-sueno\/","title":{"rendered":"Todo sobre el sue\u00f1o"},"content":{"rendered":"<p><em>Este contenido fue creado con apoyo de <a href=\"https:\/\/www.medtronicdiabetes.com\/home?utm_source=BeyondType1&amp;utm_medium=website&amp;utm_campaign=sleep&amp;utm_content=sponsorship\" target=\"_blank\" rel=\"noopener noreferrer\">Medtronic Diabetes<\/a>.<\/em><\/p>\n<hr>\n<p>&nbsp;<\/p>\n<p><strong>&iquest;Est&aacute;s durmiendo lo suficiente?<\/strong><\/p>\n<div class=\"jhH5U\">\n<div id=\"tw-ob\" class=\"tw-src-ltr\">\n<div class=\"oSioSc\">\n<div id=\"tw-target\">\n<div id=\"kAz1tf\" class=\"g9WsWb\">\n<div id=\"tw-target-text-container\" class=\"tw-ta-container tw-nfl\" tabindex=\"0\">\n<p id=\"tw-target-text\" class=\"tw-data-text tw-text-large tw-ta\" dir=\"ltr\" data-placeholder=\"Traducci&oacute;n\"><span lang=\"es\">Si bien el sue&ntilde;o es absolutamente vital para todas las personas y la falta de sue&ntilde;o est&aacute; relacionada con una serie de problemas de salud cr&oacute;nicos (enfermedades card&iacute;acas, riesgo de accidente cerebrovascular y depresi&oacute;n, por nombrar algunos), <a href=\"https:\/\/www.cdc.gov\/media\/releases\/2016\/p0215-enough-sleep.html\" target=\"_blank\" rel=\"noopener noreferrer\">los CDC informan que m&aacute;s de un tercio de los adultos en los Estados Unidos no descansan lo suficiente<\/a>. Para las personas con diabetes, el sue&ntilde;o (y la falta de sue&ntilde;o) puede tener efecto directo en los niveles de glucosa en sangre y la salud y el bienestar f&iacute;sico y mental en general.<\/span><\/p>\n<\/div>\n<\/div>\n<\/div>\n<\/div>\n<\/div>\n<\/div>\n<div class=\"jhH5U\">\n<div id=\"tw-ob\" class=\"tw-src-ltr\">\n<div class=\"oSioSc\">\n<div id=\"tw-target\">\n<div id=\"kAz1tf\" class=\"g9WsWb\">\n<div id=\"tw-target-text-container\" class=\"tw-ta-container tw-nfl\" tabindex=\"0\">\n<p id=\"tw-target-text\" class=\"tw-data-text tw-text-large tw-ta\" dir=\"ltr\" data-placeholder=\"Traducci&oacute;n\"><span lang=\"es\">Aqu&iacute; encontrar&aacute;s recursos e historias de nuestra comunidad relacionados con el sue&ntilde;o y la importancia de priorizar una buena rutina nocturna. Toma nota de algunos consejos y trucos para aprovechar al m&aacute;ximo cada noche de descanso. La diabetes requiere atenci&oacute;n adicional y a menudo resulta en la p&eacute;rdida del sue&ntilde;o, pero con una buena preparaci&oacute;n y h&aacute;bitos, &iexcl;abordar cada noche puede ser m&aacute;s f&aacute;cil de lo que piensas!<\/span><\/p>\n<\/div>\n<\/div>\n<\/div>\n<\/div>\n<\/div>\n<\/div>\n\n","protected":false},"excerpt":{"rendered":"<p>Este contenido fue creado con apoyo de Medtronic Diabetes. &nbsp; &iquest;Est&aacute;s durmiendo lo suficiente? Si bien el sue&ntilde;o es absolutamente vital para todas las personas y la falta de sue&ntilde;o est&aacute; relacionada con una serie de problemas de salud cr&oacute;nicos (enfermedades card&iacute;acas, riesgo de accidente cerebrovascular y depresi&oacute;n, por nombrar algunos), los CDC informan que [&hellip;]<\/p>\n","protected":false},"author":5,"featured_media":28905,"parent":0,"menu_order":0,"comment_status":"closed","ping_status":"closed","template":"page_templates\/section.php","meta":{"_acf_changed":false,"footnotes":""},"class_list":["post-28904","page","type-page","status-publish","has-post-thumbnail","hentry","content-categories-education","topics-physical-wellness","diabetes-types-tipo-1","diabetes-types-type-1","tags-pastproject-es"],"acf":[],"yoast_head":"<!-- This site is optimized with the Yoast SEO plugin v27.0 - https:\/\/yoast.com\/product\/yoast-seo-wordpress\/ -->\n<title>Todo sobre el sue\u00f1o | Beyond Type 1<\/title>\n<meta name=\"description\" content=\"Aqu\u00ed encontrar\u00e1 recursos e historias de nuestra comunidad relacionados con el sue\u00f1o y la importancia de priorizar una buena rutina nocturna.\" \/>\n<meta name=\"robots\" content=\"index, follow, max-snippet:-1, max-image-preview:large, max-video-preview:-1\" \/>\n<link rel=\"canonical\" href=\"https:\/\/beyondtype1.org\/es\/todo-sobre-el-sueno\/\" \/>\n<meta property=\"og:locale\" content=\"es_ES\" \/>\n<meta property=\"og:type\" content=\"article\" \/>\n<meta property=\"og:title\" content=\"Todo sobre el sue\u00f1o | Beyond Type 1\" \/>\n<meta property=\"og:description\" content=\"Aqu\u00ed encontrar\u00e1 recursos e historias de nuestra comunidad relacionados con el sue\u00f1o y la importancia de priorizar una buena rutina nocturna.\" \/>\n<meta property=\"og:url\" content=\"https:\/\/beyondtype1.org\/es\/todo-sobre-el-sueno\/\" \/>\n<meta property=\"og:site_name\" content=\"Beyond Type 1\" \/>\n<meta property=\"article:publisher\" content=\"https:\/\/www.facebook.com\/beyondtype1\" \/>\n<meta property=\"article:modified_time\" content=\"2024-11-22T18:26:10+00:00\" \/>\n<meta property=\"og:image\" content=\"https:\/\/beyondtype1.org\/wp-content\/uploads\/2024\/11\/BT1-HEADER-ALL-ABOUT-SLEEP-2-1536x550-1.png\" \/>\n\t<meta property=\"og:image:width\" content=\"1536\" \/>\n\t<meta property=\"og:image:height\" content=\"550\" \/>\n\t<meta property=\"og:image:type\" content=\"image\/png\" \/>\n<meta name=\"twitter:card\" content=\"summary_large_image\" \/>\n<meta name=\"twitter:site\" content=\"@BeyondType1\" \/>\n<meta name=\"twitter:label1\" content=\"Tiempo de lectura\" \/>\n\t<meta name=\"twitter:data1\" content=\"1 minuto\" \/>\n<script type=\"application\/ld+json\" class=\"yoast-schema-graph\">{\"@context\":\"https:\/\/schema.org\",\"@graph\":[{\"@type\":\"WebPage\",\"@id\":\"https:\/\/beyondtype1.org\/es\/todo-sobre-el-sueno\/\",\"url\":\"https:\/\/beyondtype1.org\/es\/todo-sobre-el-sueno\/\",\"name\":\"Todo sobre el sue\u00f1o | Beyond Type 1\",\"isPartOf\":{\"@id\":\"https:\/\/beyondtype1.org\/es\/#website\"},\"primaryImageOfPage\":{\"@id\":\"https:\/\/beyondtype1.org\/es\/todo-sobre-el-sueno\/#primaryimage\"},\"image\":{\"@id\":\"https:\/\/beyondtype1.org\/es\/todo-sobre-el-sueno\/#primaryimage\"},\"thumbnailUrl\":\"https:\/\/beyondtype1.org\/wp-content\/uploads\/2024\/11\/BT1-HEADER-ALL-ABOUT-SLEEP-2-1536x550-1.png\",\"datePublished\":\"2020-03-08T21:23:30+00:00\",\"dateModified\":\"2024-11-22T18:26:10+00:00\",\"description\":\"Aqu\u00ed encontrar\u00e1 recursos e historias de nuestra comunidad relacionados con el sue\u00f1o y la importancia de priorizar una buena rutina nocturna.\",\"breadcrumb\":{\"@id\":\"https:\/\/beyondtype1.org\/es\/todo-sobre-el-sueno\/#breadcrumb\"},\"inLanguage\":\"es\",\"potentialAction\":[{\"@type\":\"ReadAction\",\"target\":[\"https:\/\/beyondtype1.org\/es\/todo-sobre-el-sueno\/\"]}]},{\"@type\":\"ImageObject\",\"inLanguage\":\"es\",\"@id\":\"https:\/\/beyondtype1.org\/es\/todo-sobre-el-sueno\/#primaryimage\",\"url\":\"https:\/\/beyondtype1.org\/wp-content\/uploads\/2024\/11\/BT1-HEADER-ALL-ABOUT-SLEEP-2-1536x550-1.png\",\"contentUrl\":\"https:\/\/beyondtype1.org\/wp-content\/uploads\/2024\/11\/BT1-HEADER-ALL-ABOUT-SLEEP-2-1536x550-1.png\",\"width\":1536,\"height\":550},{\"@type\":\"BreadcrumbList\",\"@id\":\"https:\/\/beyondtype1.org\/es\/todo-sobre-el-sueno\/#breadcrumb\",\"itemListElement\":[{\"@type\":\"ListItem\",\"position\":1,\"name\":\"Home\",\"item\":\"https:\/\/beyondtype1.org\/es\/\"},{\"@type\":\"ListItem\",\"position\":2,\"name\":\"Todo sobre el sue\u00f1o\"}]},{\"@type\":\"WebSite\",\"@id\":\"https:\/\/beyondtype1.org\/es\/#website\",\"url\":\"https:\/\/beyondtype1.org\/es\/\",\"name\":\"Beyond Type 1\",\"description\":\"Beyond Type 1 is the largest diabetes org online, funding advocacy, education and cure research.\",\"publisher\":{\"@id\":\"https:\/\/beyondtype1.org\/es\/#organization\"},\"potentialAction\":[{\"@type\":\"SearchAction\",\"target\":{\"@type\":\"EntryPoint\",\"urlTemplate\":\"https:\/\/beyondtype1.org\/es\/?s={search_term_string}\"},\"query-input\":{\"@type\":\"PropertyValueSpecification\",\"valueRequired\":true,\"valueName\":\"search_term_string\"}}],\"inLanguage\":\"es\"},{\"@type\":\"Organization\",\"@id\":\"https:\/\/beyondtype1.org\/es\/#organization\",\"name\":\"Beyond Type 1\",\"url\":\"https:\/\/beyondtype1.org\/es\/\",\"logo\":{\"@type\":\"ImageObject\",\"inLanguage\":\"es\",\"@id\":\"https:\/\/beyondtype1.org\/es\/#\/schema\/logo\/image\/\",\"url\":\"https:\/\/beyondtype1.org\/wp-content\/uploads\/2025\/08\/header-logo.svg\",\"contentUrl\":\"https:\/\/beyondtype1.org\/wp-content\/uploads\/2025\/08\/header-logo.svg\",\"width\":56,\"height\":56,\"caption\":\"Beyond Type 1\"},\"image\":{\"@id\":\"https:\/\/beyondtype1.org\/es\/#\/schema\/logo\/image\/\"},\"sameAs\":[\"https:\/\/www.facebook.com\/beyondtype1\",\"https:\/\/x.com\/BeyondType1\",\"http:\/\/instagram.com\/BeyondType1\/\",\"https:\/\/www.youtube.com\/c\/BeyondType1\",\"https:\/\/www.tiktok.com\/@beyondtype1\",\"https:\/\/www.linkedin.com\/company\/beyond-type1\/\"]}]}<\/script>\n<!-- \/ Yoast SEO plugin. -->","yoast_head_json":{"title":"Todo sobre el sue\u00f1o | Beyond Type 1","description":"Aqu\u00ed encontrar\u00e1 recursos e historias de nuestra comunidad relacionados con el sue\u00f1o y la importancia de priorizar una buena rutina nocturna.","robots":{"index":"index","follow":"follow","max-snippet":"max-snippet:-1","max-image-preview":"max-image-preview:large","max-video-preview":"max-video-preview:-1"},"canonical":"https:\/\/beyondtype1.org\/es\/todo-sobre-el-sueno\/","og_locale":"es_ES","og_type":"article","og_title":"Todo sobre el sue\u00f1o | Beyond Type 1","og_description":"Aqu\u00ed encontrar\u00e1 recursos e historias de nuestra comunidad relacionados con el sue\u00f1o y la importancia de priorizar una buena rutina nocturna.","og_url":"https:\/\/beyondtype1.org\/es\/todo-sobre-el-sueno\/","og_site_name":"Beyond Type 1","article_publisher":"https:\/\/www.facebook.com\/beyondtype1","article_modified_time":"2024-11-22T18:26:10+00:00","og_image":[{"width":1536,"height":550,"url":"https:\/\/beyondtype1.org\/wp-content\/uploads\/2024\/11\/BT1-HEADER-ALL-ABOUT-SLEEP-2-1536x550-1.png","type":"image\/png"}],"twitter_card":"summary_large_image","twitter_site":"@BeyondType1","twitter_misc":{"Tiempo de lectura":"1 minuto"},"schema":{"@context":"https:\/\/schema.org","@graph":[{"@type":"WebPage","@id":"https:\/\/beyondtype1.org\/es\/todo-sobre-el-sueno\/","url":"https:\/\/beyondtype1.org\/es\/todo-sobre-el-sueno\/","name":"Todo sobre el sue\u00f1o | Beyond Type 1","isPartOf":{"@id":"https:\/\/beyondtype1.org\/es\/#website"},"primaryImageOfPage":{"@id":"https:\/\/beyondtype1.org\/es\/todo-sobre-el-sueno\/#primaryimage"},"image":{"@id":"https:\/\/beyondtype1.org\/es\/todo-sobre-el-sueno\/#primaryimage"},"thumbnailUrl":"https:\/\/beyondtype1.org\/wp-content\/uploads\/2024\/11\/BT1-HEADER-ALL-ABOUT-SLEEP-2-1536x550-1.png","datePublished":"2020-03-08T21:23:30+00:00","dateModified":"2024-11-22T18:26:10+00:00","description":"Aqu\u00ed encontrar\u00e1 recursos e historias de nuestra comunidad relacionados con el sue\u00f1o y la importancia de priorizar una buena rutina nocturna.","breadcrumb":{"@id":"https:\/\/beyondtype1.org\/es\/todo-sobre-el-sueno\/#breadcrumb"},"inLanguage":"es","potentialAction":[{"@type":"ReadAction","target":["https:\/\/beyondtype1.org\/es\/todo-sobre-el-sueno\/"]}]},{"@type":"ImageObject","inLanguage":"es","@id":"https:\/\/beyondtype1.org\/es\/todo-sobre-el-sueno\/#primaryimage","url":"https:\/\/beyondtype1.org\/wp-content\/uploads\/2024\/11\/BT1-HEADER-ALL-ABOUT-SLEEP-2-1536x550-1.png","contentUrl":"https:\/\/beyondtype1.org\/wp-content\/uploads\/2024\/11\/BT1-HEADER-ALL-ABOUT-SLEEP-2-1536x550-1.png","width":1536,"height":550},{"@type":"BreadcrumbList","@id":"https:\/\/beyondtype1.org\/es\/todo-sobre-el-sueno\/#breadcrumb","itemListElement":[{"@type":"ListItem","position":1,"name":"Home","item":"https:\/\/beyondtype1.org\/es\/"},{"@type":"ListItem","position":2,"name":"Todo sobre el sue\u00f1o"}]},{"@type":"WebSite","@id":"https:\/\/beyondtype1.org\/es\/#website","url":"https:\/\/beyondtype1.org\/es\/","name":"Beyond Type 1","description":"Beyond Type 1 is the largest diabetes org online, funding advocacy, education and cure research.","publisher":{"@id":"https:\/\/beyondtype1.org\/es\/#organization"},"potentialAction":[{"@type":"SearchAction","target":{"@type":"EntryPoint","urlTemplate":"https:\/\/beyondtype1.org\/es\/?s={search_term_string}"},"query-input":{"@type":"PropertyValueSpecification","valueRequired":true,"valueName":"search_term_string"}}],"inLanguage":"es"},{"@type":"Organization","@id":"https:\/\/beyondtype1.org\/es\/#organization","name":"Beyond Type 1","url":"https:\/\/beyondtype1.org\/es\/","logo":{"@type":"ImageObject","inLanguage":"es","@id":"https:\/\/beyondtype1.org\/es\/#\/schema\/logo\/image\/","url":"https:\/\/beyondtype1.org\/wp-content\/uploads\/2025\/08\/header-logo.svg","contentUrl":"https:\/\/beyondtype1.org\/wp-content\/uploads\/2025\/08\/header-logo.svg","width":56,"height":56,"caption":"Beyond Type 1"},"image":{"@id":"https:\/\/beyondtype1.org\/es\/#\/schema\/logo\/image\/"},"sameAs":["https:\/\/www.facebook.com\/beyondtype1","https:\/\/x.com\/BeyondType1","http:\/\/instagram.com\/BeyondType1\/","https:\/\/www.youtube.com\/c\/BeyondType1","https:\/\/www.tiktok.com\/@beyondtype1","https:\/\/www.linkedin.com\/company\/beyond-type1\/"]}]}},"_links":{"self":[{"href":"https:\/\/beyondtype1.org\/es\/wp-json\/wp\/v2\/pages\/28904","targetHints":{"allow":["GET"]}}],"collection":[{"href":"https:\/\/beyondtype1.org\/es\/wp-json\/wp\/v2\/pages"}],"about":[{"href":"https:\/\/beyondtype1.org\/es\/wp-json\/wp\/v2\/types\/page"}],"author":[{"embeddable":true,"href":"https:\/\/beyondtype1.org\/es\/wp-json\/wp\/v2\/users\/5"}],"replies":[{"embeddable":true,"href":"https:\/\/beyondtype1.org\/es\/wp-json\/wp\/v2\/comments?post=28904"}],"version-history":[{"count":0,"href":"https:\/\/beyondtype1.org\/es\/wp-json\/wp\/v2\/pages\/28904\/revisions"}],"wp:featuredmedia":[{"embeddable":true,"href":"https:\/\/beyondtype1.org\/es\/wp-json\/wp\/v2\/media\/28905"}],"wp:attachment":[{"href":"https:\/\/beyondtype1.org\/es\/wp-json\/wp\/v2\/media?parent=28904"}],"curies":[{"name":"wp","href":"https:\/\/api.w.org\/{rel}","templated":true}]}}