{"id":28951,"date":"2021-03-25T11:45:20","date_gmt":"2021-03-25T11:45:20","guid":{"rendered":"https:\/\/beyondtype2.org\/?page_id=28951"},"modified":"2024-12-13T22:56:21","modified_gmt":"2024-12-13T22:56:21","slug":"deteccion-de-diabetes-tipo-1","status":"publish","type":"page","link":"https:\/\/beyondtype1.org\/es\/deteccion-de-diabetes-tipo-1\/","title":{"rendered":"Detecci\u00f3n de diabetes tipo 1"},"content":{"rendered":"<p>Gracias a 20 a&ntilde;os de investigaci&oacute;n, ahora podemos detectar las primeras etapas de la diabetes tipo 1 (DT1) mediante un an&aacute;lisis de autoanticuerpos.<\/p>\n<p>Independientemente de si hay m&aacute;s casos de diabetes tipo 1 en tu familia o no, deber&iacute;as considerar realizarles esta prueba a tus hijos y, de preferencia, a otros familiares mayores.<\/p>\n<p>De hecho, alrededor del 90% de las personas con diabetes tipo 1 no tienen antecedentes familiares de la condici&oacute;n. Adem&aacute;s, las tasas de DT1 est&aacute;n aumentando, lo que significa que hacerse la prueba es una medida valiosa para cualquier familia.<\/p>\n<h3>&iquest;Qu&eacute; son los autoanticuerpos?<\/h3>\n<p>Cuando tu sistema inmunol&oacute;gico comienza a atacar tu propio cuerpo, este produce autoanticuerpos espec&iacute;ficos dependiendo de lo que est&aacute; siendo atacado. Hay cinco tipos de autoanticuerpos relacionados con la diabetes tipo 1 que resultan de este ataque, y podemos detectarlos con un simple an&aacute;lisis de sangre.<\/p>\n<h3>&iquest;Por qu&eacute; es importante realizar esta prueba?<\/h3>\n<p>Hasta hace poco, la &uacute;nica forma de saber si un ni&ntilde;o estaba desarrollando DT1 era medir sus niveles de glucosa (az&uacute;car) en sangre rutinariamente o esperar a que aparecieran los s&iacute;ntomas caracter&iacute;sticos de la enfermedad. Estos s&iacute;ntomas, como sed constante, micci&oacute;n frecuente, p&eacute;rdida de peso y cansancio extremo, solo aparecen cuando los niveles de glucosa en sangre han estado altos (o peligrosamente altos) durante semanas.<\/p>\n<p>No solo hay beneficios importantes para la detecci&oacute;n temprana, sino que como <a href=\"https:\/\/beyondtype1.org\/es\/campana-senales-diabetes\/\">la diabetes tipo 1 no diagnosticada puede ser m<\/a>ortal, la detecci&oacute;n oportuna salva vidas.<\/p>\n<h3>Beneficios de realizar la prueba<\/h3>\n<p>Los beneficios de hacerse una prueba de detecci&oacute;n de diabetes tipo 1 incluyen:<\/p>\n<ul>\n<li>La detecci&oacute;n temprana de la diabetes tipo 1 reduce la probabilidad de cetoacidosis diab&eacute;tica y hospitalizaci&oacute;n en el momento del diagn&oacute;stico.<\/li>\n<li>Oportunidades para participar en ensayos cl&iacute;nicos para prevenir o retrasar la aparici&oacute;n de la diabetes tipo 1 durante a&ntilde;os despu&eacute;s de la detecci&oacute;n<\/li>\n<li>Conocer los resultados podr&aacute; brindarte tranquilidad y tiempo para prepararte<\/li>\n<\/ul>\n<p>&iexcl;Considera realizar esta prueba a tus hijos y otros miembros de tu familia hoy mismo!<\/p>\n<p>Para obtener m&aacute;s informaci&oacute;n sobre la importancia de reconocer los s&iacute;ntomas de la diabetes tipo 1 y educar a otros para prevenir la CAD y otras complicaciones, explora nuestra campa&ntilde;a de concienciaci&oacute;n sobre las se&ntilde;ales de advertencia.<\/p>\n\n","protected":false},"excerpt":{"rendered":"<p>Gracias a 20 a&ntilde;os de investigaci&oacute;n, ahora podemos detectar las primeras etapas de la diabetes tipo 1 (DT1) mediante un an&aacute;lisis de autoanticuerpos. Independientemente de si hay m&aacute;s casos de diabetes tipo 1 en tu familia o no, deber&iacute;as considerar realizarles esta prueba a tus hijos y, de preferencia, a otros familiares mayores. De hecho, [&hellip;]<\/p>\n","protected":false},"author":5,"featured_media":28952,"parent":0,"menu_order":0,"comment_status":"closed","ping_status":"closed","template":"page_templates\/section.php","meta":{"_acf_changed":false,"footnotes":""},"class_list":["post-28951","page","type-page","status-publish","has-post-thumbnail","hentry","content-categories-educacion","topics-prediabetes-es","topics-tipos-de-diabetes-y-enfermedades","diabetes-types-tipo-1"],"acf":[],"yoast_head":"<!-- This site is optimized with the Yoast SEO plugin v27.0 - https:\/\/yoast.com\/product\/yoast-seo-wordpress\/ -->\n<title>Detecci\u00f3n de diabetes tipo 1 | Beyond Type 1<\/title>\n<meta name=\"description\" content=\"En la actualidad, existen an\u00e1lisis sencillos que pueden determinar riesgo de desarrollar diabetes Tipo 1 antes de que aparezcan los s\u00edntomas.\" \/>\n<meta name=\"robots\" content=\"index, follow, max-snippet:-1, max-image-preview:large, max-video-preview:-1\" \/>\n<link rel=\"canonical\" href=\"https:\/\/beyondtype1.org\/es\/deteccion-de-diabetes-tipo-1\/\" \/>\n<meta property=\"og:locale\" content=\"es_ES\" \/>\n<meta property=\"og:type\" content=\"article\" \/>\n<meta property=\"og:title\" content=\"Detecci\u00f3n de diabetes tipo 1 | Beyond Type 1\" \/>\n<meta property=\"og:description\" content=\"En la actualidad, existen an\u00e1lisis sencillos que pueden determinar riesgo de desarrollar diabetes Tipo 1 antes de que aparezcan los s\u00edntomas.\" \/>\n<meta property=\"og:url\" content=\"https:\/\/beyondtype1.org\/es\/deteccion-de-diabetes-tipo-1\/\" \/>\n<meta property=\"og:site_name\" content=\"Beyond Type 1\" \/>\n<meta property=\"article:publisher\" content=\"https:\/\/www.facebook.com\/beyondtype1\" \/>\n<meta property=\"article:modified_time\" content=\"2024-12-13T22:56:21+00:00\" \/>\n<meta property=\"og:image\" content=\"https:\/\/beyondtype1.org\/wp-content\/uploads\/2024\/11\/BT1-HEADER-T1D-SCREENING-1200x429-1.jpg\" \/>\n\t<meta property=\"og:image:width\" content=\"1200\" \/>\n\t<meta property=\"og:image:height\" content=\"429\" \/>\n\t<meta property=\"og:image:type\" content=\"image\/jpeg\" \/>\n<meta name=\"twitter:card\" content=\"summary_large_image\" \/>\n<meta name=\"twitter:site\" content=\"@BeyondType1\" \/>\n<meta name=\"twitter:label1\" content=\"Tiempo de lectura\" \/>\n\t<meta name=\"twitter:data1\" content=\"2 minutos\" \/>\n<script type=\"application\/ld+json\" class=\"yoast-schema-graph\">{\"@context\":\"https:\/\/schema.org\",\"@graph\":[{\"@type\":\"WebPage\",\"@id\":\"https:\/\/beyondtype1.org\/es\/deteccion-de-diabetes-tipo-1\/\",\"url\":\"https:\/\/beyondtype1.org\/es\/deteccion-de-diabetes-tipo-1\/\",\"name\":\"Detecci\u00f3n de diabetes tipo 1 | Beyond Type 1\",\"isPartOf\":{\"@id\":\"https:\/\/beyondtype1.org\/es\/#website\"},\"primaryImageOfPage\":{\"@id\":\"https:\/\/beyondtype1.org\/es\/deteccion-de-diabetes-tipo-1\/#primaryimage\"},\"image\":{\"@id\":\"https:\/\/beyondtype1.org\/es\/deteccion-de-diabetes-tipo-1\/#primaryimage\"},\"thumbnailUrl\":\"https:\/\/beyondtype1.org\/wp-content\/uploads\/2024\/11\/BT1-HEADER-T1D-SCREENING-1200x429-1.jpg\",\"datePublished\":\"2021-03-25T11:45:20+00:00\",\"dateModified\":\"2024-12-13T22:56:21+00:00\",\"description\":\"En la actualidad, existen an\u00e1lisis sencillos que pueden determinar riesgo de desarrollar diabetes Tipo 1 antes de que aparezcan los s\u00edntomas.\",\"breadcrumb\":{\"@id\":\"https:\/\/beyondtype1.org\/es\/deteccion-de-diabetes-tipo-1\/#breadcrumb\"},\"inLanguage\":\"es\",\"potentialAction\":[{\"@type\":\"ReadAction\",\"target\":[\"https:\/\/beyondtype1.org\/es\/deteccion-de-diabetes-tipo-1\/\"]}]},{\"@type\":\"ImageObject\",\"inLanguage\":\"es\",\"@id\":\"https:\/\/beyondtype1.org\/es\/deteccion-de-diabetes-tipo-1\/#primaryimage\",\"url\":\"https:\/\/beyondtype1.org\/wp-content\/uploads\/2024\/11\/BT1-HEADER-T1D-SCREENING-1200x429-1.jpg\",\"contentUrl\":\"https:\/\/beyondtype1.org\/wp-content\/uploads\/2024\/11\/BT1-HEADER-T1D-SCREENING-1200x429-1.jpg\",\"width\":1200,\"height\":429},{\"@type\":\"BreadcrumbList\",\"@id\":\"https:\/\/beyondtype1.org\/es\/deteccion-de-diabetes-tipo-1\/#breadcrumb\",\"itemListElement\":[{\"@type\":\"ListItem\",\"position\":1,\"name\":\"Home\",\"item\":\"https:\/\/beyondtype1.org\/es\/\"},{\"@type\":\"ListItem\",\"position\":2,\"name\":\"Detecci\u00f3n de diabetes tipo 1\"}]},{\"@type\":\"WebSite\",\"@id\":\"https:\/\/beyondtype1.org\/es\/#website\",\"url\":\"https:\/\/beyondtype1.org\/es\/\",\"name\":\"Beyond Type 1\",\"description\":\"Beyond Type 1 is the largest diabetes org online, funding advocacy, education and cure research.\",\"publisher\":{\"@id\":\"https:\/\/beyondtype1.org\/es\/#organization\"},\"potentialAction\":[{\"@type\":\"SearchAction\",\"target\":{\"@type\":\"EntryPoint\",\"urlTemplate\":\"https:\/\/beyondtype1.org\/es\/?s={search_term_string}\"},\"query-input\":{\"@type\":\"PropertyValueSpecification\",\"valueRequired\":true,\"valueName\":\"search_term_string\"}}],\"inLanguage\":\"es\"},{\"@type\":\"Organization\",\"@id\":\"https:\/\/beyondtype1.org\/es\/#organization\",\"name\":\"Beyond Type 1\",\"url\":\"https:\/\/beyondtype1.org\/es\/\",\"logo\":{\"@type\":\"ImageObject\",\"inLanguage\":\"es\",\"@id\":\"https:\/\/beyondtype1.org\/es\/#\/schema\/logo\/image\/\",\"url\":\"https:\/\/beyondtype1.org\/wp-content\/uploads\/2025\/08\/header-logo.svg\",\"contentUrl\":\"https:\/\/beyondtype1.org\/wp-content\/uploads\/2025\/08\/header-logo.svg\",\"width\":56,\"height\":56,\"caption\":\"Beyond Type 1\"},\"image\":{\"@id\":\"https:\/\/beyondtype1.org\/es\/#\/schema\/logo\/image\/\"},\"sameAs\":[\"https:\/\/www.facebook.com\/beyondtype1\",\"https:\/\/x.com\/BeyondType1\",\"http:\/\/instagram.com\/BeyondType1\/\",\"https:\/\/www.youtube.com\/c\/BeyondType1\",\"https:\/\/www.tiktok.com\/@beyondtype1\",\"https:\/\/www.linkedin.com\/company\/beyond-type1\/\"]}]}<\/script>\n<!-- \/ Yoast SEO plugin. -->","yoast_head_json":{"title":"Detecci\u00f3n de diabetes tipo 1 | Beyond Type 1","description":"En la actualidad, existen an\u00e1lisis sencillos que pueden determinar riesgo de desarrollar diabetes Tipo 1 antes de que aparezcan los s\u00edntomas.","robots":{"index":"index","follow":"follow","max-snippet":"max-snippet:-1","max-image-preview":"max-image-preview:large","max-video-preview":"max-video-preview:-1"},"canonical":"https:\/\/beyondtype1.org\/es\/deteccion-de-diabetes-tipo-1\/","og_locale":"es_ES","og_type":"article","og_title":"Detecci\u00f3n de diabetes tipo 1 | Beyond Type 1","og_description":"En la actualidad, existen an\u00e1lisis sencillos que pueden determinar riesgo de desarrollar diabetes Tipo 1 antes de que aparezcan los s\u00edntomas.","og_url":"https:\/\/beyondtype1.org\/es\/deteccion-de-diabetes-tipo-1\/","og_site_name":"Beyond Type 1","article_publisher":"https:\/\/www.facebook.com\/beyondtype1","article_modified_time":"2024-12-13T22:56:21+00:00","og_image":[{"width":1200,"height":429,"url":"https:\/\/beyondtype1.org\/wp-content\/uploads\/2024\/11\/BT1-HEADER-T1D-SCREENING-1200x429-1.jpg","type":"image\/jpeg"}],"twitter_card":"summary_large_image","twitter_site":"@BeyondType1","twitter_misc":{"Tiempo de lectura":"2 minutos"},"schema":{"@context":"https:\/\/schema.org","@graph":[{"@type":"WebPage","@id":"https:\/\/beyondtype1.org\/es\/deteccion-de-diabetes-tipo-1\/","url":"https:\/\/beyondtype1.org\/es\/deteccion-de-diabetes-tipo-1\/","name":"Detecci\u00f3n de diabetes tipo 1 | Beyond Type 1","isPartOf":{"@id":"https:\/\/beyondtype1.org\/es\/#website"},"primaryImageOfPage":{"@id":"https:\/\/beyondtype1.org\/es\/deteccion-de-diabetes-tipo-1\/#primaryimage"},"image":{"@id":"https:\/\/beyondtype1.org\/es\/deteccion-de-diabetes-tipo-1\/#primaryimage"},"thumbnailUrl":"https:\/\/beyondtype1.org\/wp-content\/uploads\/2024\/11\/BT1-HEADER-T1D-SCREENING-1200x429-1.jpg","datePublished":"2021-03-25T11:45:20+00:00","dateModified":"2024-12-13T22:56:21+00:00","description":"En la actualidad, existen an\u00e1lisis sencillos que pueden determinar riesgo de desarrollar diabetes Tipo 1 antes de que aparezcan los s\u00edntomas.","breadcrumb":{"@id":"https:\/\/beyondtype1.org\/es\/deteccion-de-diabetes-tipo-1\/#breadcrumb"},"inLanguage":"es","potentialAction":[{"@type":"ReadAction","target":["https:\/\/beyondtype1.org\/es\/deteccion-de-diabetes-tipo-1\/"]}]},{"@type":"ImageObject","inLanguage":"es","@id":"https:\/\/beyondtype1.org\/es\/deteccion-de-diabetes-tipo-1\/#primaryimage","url":"https:\/\/beyondtype1.org\/wp-content\/uploads\/2024\/11\/BT1-HEADER-T1D-SCREENING-1200x429-1.jpg","contentUrl":"https:\/\/beyondtype1.org\/wp-content\/uploads\/2024\/11\/BT1-HEADER-T1D-SCREENING-1200x429-1.jpg","width":1200,"height":429},{"@type":"BreadcrumbList","@id":"https:\/\/beyondtype1.org\/es\/deteccion-de-diabetes-tipo-1\/#breadcrumb","itemListElement":[{"@type":"ListItem","position":1,"name":"Home","item":"https:\/\/beyondtype1.org\/es\/"},{"@type":"ListItem","position":2,"name":"Detecci\u00f3n de diabetes tipo 1"}]},{"@type":"WebSite","@id":"https:\/\/beyondtype1.org\/es\/#website","url":"https:\/\/beyondtype1.org\/es\/","name":"Beyond Type 1","description":"Beyond Type 1 is the largest diabetes org online, funding advocacy, education and cure research.","publisher":{"@id":"https:\/\/beyondtype1.org\/es\/#organization"},"potentialAction":[{"@type":"SearchAction","target":{"@type":"EntryPoint","urlTemplate":"https:\/\/beyondtype1.org\/es\/?s={search_term_string}"},"query-input":{"@type":"PropertyValueSpecification","valueRequired":true,"valueName":"search_term_string"}}],"inLanguage":"es"},{"@type":"Organization","@id":"https:\/\/beyondtype1.org\/es\/#organization","name":"Beyond Type 1","url":"https:\/\/beyondtype1.org\/es\/","logo":{"@type":"ImageObject","inLanguage":"es","@id":"https:\/\/beyondtype1.org\/es\/#\/schema\/logo\/image\/","url":"https:\/\/beyondtype1.org\/wp-content\/uploads\/2025\/08\/header-logo.svg","contentUrl":"https:\/\/beyondtype1.org\/wp-content\/uploads\/2025\/08\/header-logo.svg","width":56,"height":56,"caption":"Beyond Type 1"},"image":{"@id":"https:\/\/beyondtype1.org\/es\/#\/schema\/logo\/image\/"},"sameAs":["https:\/\/www.facebook.com\/beyondtype1","https:\/\/x.com\/BeyondType1","http:\/\/instagram.com\/BeyondType1\/","https:\/\/www.youtube.com\/c\/BeyondType1","https:\/\/www.tiktok.com\/@beyondtype1","https:\/\/www.linkedin.com\/company\/beyond-type1\/"]}]}},"_links":{"self":[{"href":"https:\/\/beyondtype1.org\/es\/wp-json\/wp\/v2\/pages\/28951","targetHints":{"allow":["GET"]}}],"collection":[{"href":"https:\/\/beyondtype1.org\/es\/wp-json\/wp\/v2\/pages"}],"about":[{"href":"https:\/\/beyondtype1.org\/es\/wp-json\/wp\/v2\/types\/page"}],"author":[{"embeddable":true,"href":"https:\/\/beyondtype1.org\/es\/wp-json\/wp\/v2\/users\/5"}],"replies":[{"embeddable":true,"href":"https:\/\/beyondtype1.org\/es\/wp-json\/wp\/v2\/comments?post=28951"}],"version-history":[{"count":0,"href":"https:\/\/beyondtype1.org\/es\/wp-json\/wp\/v2\/pages\/28951\/revisions"}],"wp:featuredmedia":[{"embeddable":true,"href":"https:\/\/beyondtype1.org\/es\/wp-json\/wp\/v2\/media\/28952"}],"wp:attachment":[{"href":"https:\/\/beyondtype1.org\/es\/wp-json\/wp\/v2\/media?parent=28951"}],"curies":[{"name":"wp","href":"https:\/\/api.w.org\/{rel}","templated":true}]}}