{"id":29264,"date":"2022-05-31T12:19:51","date_gmt":"2022-05-31T12:19:51","guid":{"rendered":"https:\/\/beyondtype2.org\/?page_id=29264"},"modified":"2024-11-23T00:46:07","modified_gmt":"2024-11-23T00:46:07","slug":"esto-si-es-diabetes","status":"publish","type":"page","link":"https:\/\/beyondtype1.org\/es\/esto-si-es-diabetes\/","title":{"rendered":"Esto S\u00cd es Diabetes"},"content":{"rendered":"<p><span style=\"font-weight: 400;\">La desinformaci&oacute;n imperante en el contexto de nuestra sociedad afecta directamente nuestra calidad de vida como personas que vivimos con diabetes. Si nuestra condici&oacute;n de vida no es comprendida, nuestra cotidianeidad y la posibilidad de manejar nuestra diabetes y nuestra vida se ven comprometidas, nuestra calidad de vida empeora.<\/span><\/p>\n<p><span style=\"font-weight: 400;\">Informar a la sociedad, los colegios, las instituciones, las comunidades, las familias y todos los espacios p&uacute;blicos y privados en los que nos desenvolvemos es una necesidad que nos ayudar&aacute; a garantizar nuestro derecho a la salud.<\/span><\/p>\n<p><span style=\"font-weight: 400;\">&iexcl;Comparte nuestros recursos para que todos sepan lo que <\/span><b>S&Iacute; es la diabetes<\/b><span style=\"font-weight: 400;\">!<\/span><\/p>\n<h3><b>Qu&eacute; haremos juntos<\/b><\/h3>\n<ul>\n<li style=\"font-weight: 400;\" aria-level=\"1\"><span style=\"font-weight: 400;\">Educar y difundir educaci&oacute;n veraz sobre lo que S&Iacute; es la diabetes, en un contexto de desinformaci&oacute;n generalizada.<\/span><\/li>\n<li style=\"font-weight: 400;\" aria-level=\"1\"><span style=\"font-weight: 400;\">Transmitir qu&eacute; es la diabetes y diferenciar sus tipos.<\/span><\/li>\n<li style=\"font-weight: 400;\" aria-level=\"1\"><span style=\"font-weight: 400;\">Visibilizar los principales mitos existentes sobre la diabetes, y proporcionar informaci&oacute;n adecuada para poder derribarlos.<\/span><\/li>\n<li style=\"font-weight: 400;\" aria-level=\"1\"><span style=\"font-weight: 400;\">Atajar las diferentes creencias err&oacute;neas sobre vivir con esta condici&oacute;n de salud, en sus diferentes manifestaciones.<\/span><\/li>\n<\/ul>\n\n","protected":false},"excerpt":{"rendered":"<p>La desinformaci&oacute;n imperante en el contexto de nuestra sociedad afecta directamente nuestra calidad de vida como personas que vivimos con diabetes. Si nuestra condici&oacute;n de vida no es comprendida, nuestra cotidianeidad y la posibilidad de manejar nuestra diabetes y nuestra vida se ven comprometidas, nuestra calidad de vida empeora. Informar a la sociedad, los colegios, [&hellip;]<\/p>\n","protected":false},"author":5,"featured_media":29266,"parent":0,"menu_order":0,"comment_status":"closed","ping_status":"closed","template":"page_templates\/section.php","meta":{"_acf_changed":false,"footnotes":""},"class_list":["post-29264","page","type-page","status-publish","has-post-thumbnail","hentry","diabetes-types-tipo-1"],"acf":[],"yoast_head":"<!-- This site is optimized with the Yoast SEO plugin v27.0 - https:\/\/yoast.com\/product\/yoast-seo-wordpress\/ -->\n<title>Esto S\u00cd es Diabetes | Beyond Type 1<\/title>\n<meta name=\"description\" content=\"\u00danete y ay\u00fadanos a compartir recursos para que nuestra sociedad, los colegios, la comunidad y nuestro entorno conozca que s\u00ed es diabetes.\" \/>\n<meta name=\"robots\" content=\"index, follow, max-snippet:-1, max-image-preview:large, max-video-preview:-1\" \/>\n<link rel=\"canonical\" href=\"https:\/\/beyondtype1.org\/es\/esto-si-es-diabetes\/\" \/>\n<meta property=\"og:locale\" content=\"es_ES\" \/>\n<meta property=\"og:type\" content=\"article\" \/>\n<meta property=\"og:title\" content=\"Esto S\u00cd es Diabetes | Beyond Type 1\" \/>\n<meta property=\"og:description\" content=\"\u00danete y ay\u00fadanos a compartir recursos para que nuestra sociedad, los colegios, la comunidad y nuestro entorno conozca que s\u00ed es diabetes.\" \/>\n<meta property=\"og:url\" content=\"https:\/\/beyondtype1.org\/es\/esto-si-es-diabetes\/\" \/>\n<meta property=\"og:site_name\" content=\"Beyond Type 1\" \/>\n<meta property=\"article:publisher\" content=\"https:\/\/www.facebook.com\/beyondtype1\" \/>\n<meta property=\"article:modified_time\" content=\"2024-11-23T00:46:07+00:00\" \/>\n<meta property=\"og:image\" content=\"https:\/\/beyondtype1.org\/wp-content\/uploads\/2024\/11\/BT1-LO-QUE-SI-ES-DIABETES-HEADER-768x275-1.jpg\" \/>\n\t<meta property=\"og:image:width\" content=\"768\" \/>\n\t<meta property=\"og:image:height\" content=\"275\" \/>\n\t<meta property=\"og:image:type\" content=\"image\/jpeg\" \/>\n<meta name=\"twitter:card\" content=\"summary_large_image\" \/>\n<meta name=\"twitter:site\" content=\"@BeyondType1\" \/>\n<meta name=\"twitter:label1\" content=\"Tiempo de lectura\" \/>\n\t<meta name=\"twitter:data1\" content=\"1 minuto\" \/>\n<script type=\"application\/ld+json\" class=\"yoast-schema-graph\">{\"@context\":\"https:\/\/schema.org\",\"@graph\":[{\"@type\":\"WebPage\",\"@id\":\"https:\/\/beyondtype1.org\/es\/esto-si-es-diabetes\/\",\"url\":\"https:\/\/beyondtype1.org\/es\/esto-si-es-diabetes\/\",\"name\":\"Esto S\u00cd es Diabetes | Beyond Type 1\",\"isPartOf\":{\"@id\":\"https:\/\/beyondtype1.org\/es\/#website\"},\"primaryImageOfPage\":{\"@id\":\"https:\/\/beyondtype1.org\/es\/esto-si-es-diabetes\/#primaryimage\"},\"image\":{\"@id\":\"https:\/\/beyondtype1.org\/es\/esto-si-es-diabetes\/#primaryimage\"},\"thumbnailUrl\":\"https:\/\/beyondtype1.org\/wp-content\/uploads\/2024\/11\/BT1-LO-QUE-SI-ES-DIABETES-HEADER-768x275-1.jpg\",\"datePublished\":\"2022-05-31T12:19:51+00:00\",\"dateModified\":\"2024-11-23T00:46:07+00:00\",\"description\":\"\u00danete y ay\u00fadanos a compartir recursos para que nuestra sociedad, los colegios, la comunidad y nuestro entorno conozca que s\u00ed es diabetes.\",\"breadcrumb\":{\"@id\":\"https:\/\/beyondtype1.org\/es\/esto-si-es-diabetes\/#breadcrumb\"},\"inLanguage\":\"es\",\"potentialAction\":[{\"@type\":\"ReadAction\",\"target\":[\"https:\/\/beyondtype1.org\/es\/esto-si-es-diabetes\/\"]}]},{\"@type\":\"ImageObject\",\"inLanguage\":\"es\",\"@id\":\"https:\/\/beyondtype1.org\/es\/esto-si-es-diabetes\/#primaryimage\",\"url\":\"https:\/\/beyondtype1.org\/wp-content\/uploads\/2024\/11\/BT1-LO-QUE-SI-ES-DIABETES-HEADER-768x275-1.jpg\",\"contentUrl\":\"https:\/\/beyondtype1.org\/wp-content\/uploads\/2024\/11\/BT1-LO-QUE-SI-ES-DIABETES-HEADER-768x275-1.jpg\",\"width\":768,\"height\":275},{\"@type\":\"BreadcrumbList\",\"@id\":\"https:\/\/beyondtype1.org\/es\/esto-si-es-diabetes\/#breadcrumb\",\"itemListElement\":[{\"@type\":\"ListItem\",\"position\":1,\"name\":\"Home\",\"item\":\"https:\/\/beyondtype1.org\/es\/\"},{\"@type\":\"ListItem\",\"position\":2,\"name\":\"Esto S\u00cd es Diabetes\"}]},{\"@type\":\"WebSite\",\"@id\":\"https:\/\/beyondtype1.org\/es\/#website\",\"url\":\"https:\/\/beyondtype1.org\/es\/\",\"name\":\"Beyond Type 1\",\"description\":\"Beyond Type 1 is the largest diabetes org online, funding advocacy, education and cure research.\",\"publisher\":{\"@id\":\"https:\/\/beyondtype1.org\/es\/#organization\"},\"potentialAction\":[{\"@type\":\"SearchAction\",\"target\":{\"@type\":\"EntryPoint\",\"urlTemplate\":\"https:\/\/beyondtype1.org\/es\/?s={search_term_string}\"},\"query-input\":{\"@type\":\"PropertyValueSpecification\",\"valueRequired\":true,\"valueName\":\"search_term_string\"}}],\"inLanguage\":\"es\"},{\"@type\":\"Organization\",\"@id\":\"https:\/\/beyondtype1.org\/es\/#organization\",\"name\":\"Beyond Type 1\",\"url\":\"https:\/\/beyondtype1.org\/es\/\",\"logo\":{\"@type\":\"ImageObject\",\"inLanguage\":\"es\",\"@id\":\"https:\/\/beyondtype1.org\/es\/#\/schema\/logo\/image\/\",\"url\":\"https:\/\/beyondtype1.org\/wp-content\/uploads\/2025\/08\/header-logo.svg\",\"contentUrl\":\"https:\/\/beyondtype1.org\/wp-content\/uploads\/2025\/08\/header-logo.svg\",\"width\":56,\"height\":56,\"caption\":\"Beyond Type 1\"},\"image\":{\"@id\":\"https:\/\/beyondtype1.org\/es\/#\/schema\/logo\/image\/\"},\"sameAs\":[\"https:\/\/www.facebook.com\/beyondtype1\",\"https:\/\/x.com\/BeyondType1\",\"http:\/\/instagram.com\/BeyondType1\/\",\"https:\/\/www.youtube.com\/c\/BeyondType1\",\"https:\/\/www.tiktok.com\/@beyondtype1\",\"https:\/\/www.linkedin.com\/company\/beyond-type1\/\"]}]}<\/script>\n<!-- \/ Yoast SEO plugin. -->","yoast_head_json":{"title":"Esto S\u00cd es Diabetes | Beyond Type 1","description":"\u00danete y ay\u00fadanos a compartir recursos para que nuestra sociedad, los colegios, la comunidad y nuestro entorno conozca que s\u00ed es diabetes.","robots":{"index":"index","follow":"follow","max-snippet":"max-snippet:-1","max-image-preview":"max-image-preview:large","max-video-preview":"max-video-preview:-1"},"canonical":"https:\/\/beyondtype1.org\/es\/esto-si-es-diabetes\/","og_locale":"es_ES","og_type":"article","og_title":"Esto S\u00cd es Diabetes | Beyond Type 1","og_description":"\u00danete y ay\u00fadanos a compartir recursos para que nuestra sociedad, los colegios, la comunidad y nuestro entorno conozca que s\u00ed es diabetes.","og_url":"https:\/\/beyondtype1.org\/es\/esto-si-es-diabetes\/","og_site_name":"Beyond Type 1","article_publisher":"https:\/\/www.facebook.com\/beyondtype1","article_modified_time":"2024-11-23T00:46:07+00:00","og_image":[{"width":768,"height":275,"url":"https:\/\/beyondtype1.org\/wp-content\/uploads\/2024\/11\/BT1-LO-QUE-SI-ES-DIABETES-HEADER-768x275-1.jpg","type":"image\/jpeg"}],"twitter_card":"summary_large_image","twitter_site":"@BeyondType1","twitter_misc":{"Tiempo de lectura":"1 minuto"},"schema":{"@context":"https:\/\/schema.org","@graph":[{"@type":"WebPage","@id":"https:\/\/beyondtype1.org\/es\/esto-si-es-diabetes\/","url":"https:\/\/beyondtype1.org\/es\/esto-si-es-diabetes\/","name":"Esto S\u00cd es Diabetes | Beyond Type 1","isPartOf":{"@id":"https:\/\/beyondtype1.org\/es\/#website"},"primaryImageOfPage":{"@id":"https:\/\/beyondtype1.org\/es\/esto-si-es-diabetes\/#primaryimage"},"image":{"@id":"https:\/\/beyondtype1.org\/es\/esto-si-es-diabetes\/#primaryimage"},"thumbnailUrl":"https:\/\/beyondtype1.org\/wp-content\/uploads\/2024\/11\/BT1-LO-QUE-SI-ES-DIABETES-HEADER-768x275-1.jpg","datePublished":"2022-05-31T12:19:51+00:00","dateModified":"2024-11-23T00:46:07+00:00","description":"\u00danete y ay\u00fadanos a compartir recursos para que nuestra sociedad, los colegios, la comunidad y nuestro entorno conozca que s\u00ed es diabetes.","breadcrumb":{"@id":"https:\/\/beyondtype1.org\/es\/esto-si-es-diabetes\/#breadcrumb"},"inLanguage":"es","potentialAction":[{"@type":"ReadAction","target":["https:\/\/beyondtype1.org\/es\/esto-si-es-diabetes\/"]}]},{"@type":"ImageObject","inLanguage":"es","@id":"https:\/\/beyondtype1.org\/es\/esto-si-es-diabetes\/#primaryimage","url":"https:\/\/beyondtype1.org\/wp-content\/uploads\/2024\/11\/BT1-LO-QUE-SI-ES-DIABETES-HEADER-768x275-1.jpg","contentUrl":"https:\/\/beyondtype1.org\/wp-content\/uploads\/2024\/11\/BT1-LO-QUE-SI-ES-DIABETES-HEADER-768x275-1.jpg","width":768,"height":275},{"@type":"BreadcrumbList","@id":"https:\/\/beyondtype1.org\/es\/esto-si-es-diabetes\/#breadcrumb","itemListElement":[{"@type":"ListItem","position":1,"name":"Home","item":"https:\/\/beyondtype1.org\/es\/"},{"@type":"ListItem","position":2,"name":"Esto S\u00cd es Diabetes"}]},{"@type":"WebSite","@id":"https:\/\/beyondtype1.org\/es\/#website","url":"https:\/\/beyondtype1.org\/es\/","name":"Beyond Type 1","description":"Beyond Type 1 is the largest diabetes org online, funding advocacy, education and cure research.","publisher":{"@id":"https:\/\/beyondtype1.org\/es\/#organization"},"potentialAction":[{"@type":"SearchAction","target":{"@type":"EntryPoint","urlTemplate":"https:\/\/beyondtype1.org\/es\/?s={search_term_string}"},"query-input":{"@type":"PropertyValueSpecification","valueRequired":true,"valueName":"search_term_string"}}],"inLanguage":"es"},{"@type":"Organization","@id":"https:\/\/beyondtype1.org\/es\/#organization","name":"Beyond Type 1","url":"https:\/\/beyondtype1.org\/es\/","logo":{"@type":"ImageObject","inLanguage":"es","@id":"https:\/\/beyondtype1.org\/es\/#\/schema\/logo\/image\/","url":"https:\/\/beyondtype1.org\/wp-content\/uploads\/2025\/08\/header-logo.svg","contentUrl":"https:\/\/beyondtype1.org\/wp-content\/uploads\/2025\/08\/header-logo.svg","width":56,"height":56,"caption":"Beyond Type 1"},"image":{"@id":"https:\/\/beyondtype1.org\/es\/#\/schema\/logo\/image\/"},"sameAs":["https:\/\/www.facebook.com\/beyondtype1","https:\/\/x.com\/BeyondType1","http:\/\/instagram.com\/BeyondType1\/","https:\/\/www.youtube.com\/c\/BeyondType1","https:\/\/www.tiktok.com\/@beyondtype1","https:\/\/www.linkedin.com\/company\/beyond-type1\/"]}]}},"_links":{"self":[{"href":"https:\/\/beyondtype1.org\/es\/wp-json\/wp\/v2\/pages\/29264","targetHints":{"allow":["GET"]}}],"collection":[{"href":"https:\/\/beyondtype1.org\/es\/wp-json\/wp\/v2\/pages"}],"about":[{"href":"https:\/\/beyondtype1.org\/es\/wp-json\/wp\/v2\/types\/page"}],"author":[{"embeddable":true,"href":"https:\/\/beyondtype1.org\/es\/wp-json\/wp\/v2\/users\/5"}],"replies":[{"embeddable":true,"href":"https:\/\/beyondtype1.org\/es\/wp-json\/wp\/v2\/comments?post=29264"}],"version-history":[{"count":0,"href":"https:\/\/beyondtype1.org\/es\/wp-json\/wp\/v2\/pages\/29264\/revisions"}],"wp:featuredmedia":[{"embeddable":true,"href":"https:\/\/beyondtype1.org\/es\/wp-json\/wp\/v2\/media\/29266"}],"wp:attachment":[{"href":"https:\/\/beyondtype1.org\/es\/wp-json\/wp\/v2\/media?parent=29264"}],"curies":[{"name":"wp","href":"https:\/\/api.w.org\/{rel}","templated":true}]}}