{"id":29361,"date":"2020-03-05T16:19:18","date_gmt":"2020-03-05T16:19:18","guid":{"rendered":"https:\/\/beyondtype2.org\/?page_id=29361"},"modified":"2024-11-23T01:19:01","modified_gmt":"2024-11-23T01:19:01","slug":"programa-especial-de-diabetes","status":"publish","type":"page","link":"https:\/\/beyondtype1.org\/es\/programa-especial-de-diabetes\/","title":{"rendered":"El Programa Especial de Diabetes: \u00bfQu\u00e9 es y C\u00f3mo Puedes Ayudar?"},"content":{"rendered":"<p>&nbsp;<\/p>\n<p><i><span style=\"font-weight: 400;\">Creado en asociaci&oacute;n con la JDRF (Fundaci&oacute;n para la Investigaci&oacute;n de la Diabetes Juvenil, por sus siglas en ingl&eacute;s) a trav&eacute;s de <\/span><\/i><a href=\"https:\/\/beyondtype1.org\/jdrf-beyondtype1-alliance\/\" target=\"_blank\" rel=\"noopener noreferrer\"><b><i>JDRF &ndash; Beyond Type 1 Alliance<\/i><\/b><\/a><i><span style=\"font-weight: 400;\">.<\/span><\/i><\/p>\n<hr>\n<p>&nbsp;<\/p>\n<p><span style=\"font-weight: 400;\">&iquest;Sab&iacute;as que varios centros de salud de los EE. UU. reciben $150 millones por a&ntilde;o para la investigaci&oacute;n de diabetes Tipo 1 si se vota a favor? &iquest;Y sab&iacute;as que puedes influir en la decisi&oacute;n de si reciben o no estos fondos vitales? Sigue leyendo para informarte m&aacute;s sobre el Programa Especial de Diabetes y c&oacute;mo puedes ayudar a que contin&uacute;e.&nbsp;<\/span><\/p>\n<h2><b>&iquest;Qu&eacute; es el programa especial de diabetes?<\/b><\/h2>\n<p><span style=\"font-weight: 400;\">El Programa Especial de Financiamiento Estatutario para la Investigaci&oacute;n de la Diabetes Tipo 1, o Programa Especial de Diabetes (SDP, por sus siglas en ingl&eacute;s) es un programa financiado por el gobierno que proporciona aproximadamente $150 millones anuales para la investigaci&oacute;n de la diabetes Tipo 1. Los miembros del Congreso votan sobre el financiamiento y el dinero se asigna a varios programas de investigaci&oacute;n y ensayos cl&iacute;nicos prometedores centrados en la diabetes.<\/span><\/p>\n<h2><b>&iquest;Por qu&eacute; es importante?<\/b><\/h2>\n<p><span style=\"font-weight: 400;\">En 1997, un Grupo de Trabajo de Investigaci&oacute;n sobre la Diabetes del Congreso de los Estados Unidos inform&oacute; que las limitaciones y la falta de progreso en la investigaci&oacute;n y el tratamiento de la diabetes fueron el resultado de la falta de fondos. El SDP se estableci&oacute; y desde entonces ha financiado investigaciones monumentales para cambiar dr&aacute;sticamente la forma en que entendemos, tratamos y, buscamos prevenci&oacute;n y curas para la diabetes Tipo 1.&nbsp;<\/span><\/p>\n<p><span style=\"font-weight: 400;\">En sus primeros 3 a&ntilde;os, se asignaron $30 millones para la investigaci&oacute;n de la diabetes Tipo 1 cada a&ntilde;o; en los siguientes tres, $100 millones por a&ntilde;o. A partir de 2004, se han asignado $150 millones cada a&ntilde;o (con peque&ntilde;as variaciones de financiamiento en 2014, 2015 y 2017) debido a la investigaci&oacute;n que cambia vidas que ha producido el financiamiento.<\/span><\/p>\n<p><span style=\"font-weight: 400;\">Los descubrimientos, las innovaciones y el desarrollo suceden m&aacute;s r&aacute;pido con m&aacute;s fondos: mantiene las luces encendidas en los laboratorios y les permite a los investigadores prometedores centrarse en su importante trabajo durante per&iacute;odos de tiempo m&aacute;s largos y dedicados.&nbsp;<\/span><\/p>\n<p><span style=\"font-weight: 400;\">Comprender mejor por qu&eacute; ocurre la diabetes Tipo 1, desarrollar tecnolog&iacute;a de p&aacute;ncreas artificial e impulsar avances en la mejora de la visi&oacute;n para las personas con diabetes Tipo 1 son <\/span><a href=\"https:\/\/www.niddk.nih.gov\/about-niddk\/strategic-plans-reports\/special-statutory-funding-program-for-type-1-diabetes-research-progress-report\" target=\"_blank\" rel=\"noopener noreferrer\"><span style=\"font-weight: 400;\">solo algunas de las cosas<\/span><\/a><span style=\"font-weight: 400;\"> que se han logrado a trav&eacute;s del financiamiento del SDP.&nbsp;<\/span><\/p>\n<h2><b>&iquest;C&oacute;mo funciona?<\/b><\/h2>\n<p><span style=\"font-weight: 400;\">El financiamiento para el SDP siempre est&aacute; vinculado a una mayor legislaci&oacute;n presupuestaria, por lo que si bien el SDP recibe apoyo bipartidista por el claro beneficio que proporciona y la innovaci&oacute;n que produce, puede verse afectado por debates presupuestarios nacionales m&aacute;s amplios.&nbsp;<\/span><\/p>\n<p><span style=\"font-weight: 400;\">Por ejemplo, en 2015, el SDP se adjunt&oacute; a la Ley de Reautorizaci&oacute;n de Acceso a Medicare y Programa de seguros m&eacute;dicos para ni&ntilde;os (CHIP, por sus siglas en ingl&eacute;s), mientras que en 2018 fue parte de la Ley de Presupuesto Bipartidista. Dependiendo de la legislaci&oacute;n a la que se adjunta, a veces el SDP puede renovarse por varios a&ntilde;os a la vez, mientras que otras, como la m&aacute;s reciente, se aprueba por per&iacute;odos cortos de tiempo en un intento de mantener el financiamiento mientras contin&uacute;an las negociaciones presupuestarias m&aacute;s grandes.&nbsp;<\/span><\/p>\n<p><span style=\"font-weight: 400;\">Una vez que se aprueba el financiamiento, el Instituto Nacional de Diabetes y Enfermedades Digestivas y Renales (NIDDK, por sus siglas en ingl&eacute;s) supervisa el programa como parte de los Institutos Nacionales de Salud (NIH, por sus siglas en ingl&eacute;s), en colaboraci&oacute;n con los Centros para el Control y la Prevenci&oacute;n de Enfermedades (CDC, por sus siglas en ingl&eacute;s) y otros institutos de salud.<\/span><\/p>\n<p><span style=\"font-weight: 400;\">El NIDDK invita a los investigadores a solicitar oportunidades de financiamiento basadas en la innovaci&oacute;n actual en el campo. En la actualidad, las oportunidades de financiamiento est&aacute;n abiertas para enfoques novedosos para terapias de reemplazo hormonal de circuito abierto o cerrado, m&aacute;s informaci&oacute;n sobre lo que les sucede a las c&eacute;lulas beta inmediatamente antes y despu&eacute;s de un diagn&oacute;stico de diabetes Tipo 1 (lo que podr&iacute;a ayudar a los investigadores a descubrir c&oacute;mo prevenir o retrasar la diabetes Tipo 1), enfoques novedosos para las terapias de reemplazo celular (como los reemplazos de c&eacute;lulas beta) <\/span><a href=\"https:\/\/www.niddk.nih.gov\/about-niddk\/research-areas\/diabetes\/type-1-diabetes-special-statutory-funding-program\/special-diabetes-program-funding-opportunities\" target=\"_blank\" rel=\"noopener noreferrer\"><span style=\"font-weight: 400;\">y m&aacute;s<\/span><\/a><span style=\"font-weight: 400;\">.&nbsp;<\/span><\/p>\n<p><span style=\"font-weight: 400;\">Adem&aacute;s de las oportunidades de financiamiento, el NIDDK ha creado una colecci&oacute;n de herramientas de investigaci&oacute;n para permitir que todas las investigaciones futuras se basen en el pasado; en lugar de que cada investigador necesite comenzar de nuevo o recolectar muestras completamente nuevas, se dispone de una colecci&oacute;n de herramientas de investigaci&oacute;n, tecnolog&iacute;as, muestras biol&oacute;gicas, datos, etc. para que los investigadores aprendan y analicen.&nbsp;<\/span><\/p>\n<p><span style=\"font-weight: 400;\">Al agrupar recursos, las investigaciones pueden avanzar m&aacute;s r&aacute;pido, con tama&ntilde;os de muestras m&aacute;s grandes y datos m&aacute;s precisos para extraer. Esto beneficia no solo a los investigadores financiados por el Programa Especial de Diabetes, sino a todo el campo de la diabetes.&nbsp;<\/span><\/p>\n<h2><b>&iquest;Cu&aacute;l es el estado actual del SDP?<\/b><\/h2>\n<p><span style=\"font-weight: 400;\">Mientras que, en el pasado, el SDP se ha renovado por varios a&ntilde;os a la vez, actualmente se encuentra en un ciclo de pr&oacute;rroga a trav&eacute;s de resoluciones continuas a corto plazo a medida que ocurren di&aacute;logos presupuestarios m&aacute;s amplios en el Congreso.&nbsp;<\/span><\/p>\n<p><span style=\"font-weight: 400;\">A fines de septiembre, una resoluci&oacute;n continua proporcion&oacute; $21.5 millones en fondos de investigaci&oacute;n del SDP hasta fines de noviembre. A fines de noviembre, otra resoluci&oacute;n continua tuvo casi $12 millones en fondos durante un mes. A fines de diciembre, se firm&oacute; otra extensi&oacute;n por casi $63 millones, que contar&aacute; con fondos del SDP hasta el 22 de mayo de 2020.&nbsp;<\/span><\/p>\n<p><span style=\"font-weight: 400;\">Los Copresidentes del Congreso de la Asamblea de Diabetes, la Representante Diana DeGette D-CO (Partido Dem&oacute;crata de Colorado), el Representante Tom Reed R-NY (Partido Republicano de Nueva York), los Copresidentes de la Asamblea de Diabetes del Senado, la Senadora Susan Collins R-ME (Partido Republicano de Maine) y la Senadora Jeanne Shaheen D-NH (Partido Dem&oacute;crata de New Hampshire) son activistas por las iniciativas para renovar los fondos del SDP de varios a&ntilde;os.<\/span><\/p>\n<h2><b>&iquest;Qu&eacute; est&aacute; en juego?<\/b><\/h2>\n<p><span style=\"font-weight: 400;\">En conjunto, varias organizaciones sin fines de lucro en el &aacute;mbito de la diabetes contin&uacute;an comunic&aacute;ndose con los miembros del Congreso para instarlos a aprobar el financiamiento multianual para el Programa Especial de Diabetes.&nbsp;<\/span><\/p>\n<p><span style=\"font-weight: 400;\">El financiamiento multianual proporciona coherencia y permite realizar investigaciones a largo plazo.<\/span><\/p>\n<p><span style=\"font-weight: 400;\">Si el SDP no se renueva para recibir fondos el 22 de mayo de 2020, los investigadores que actualmente reciben fondos a trav&eacute;s del SDP deber&aacute;n encontrar fuentes alternativas de financiamiento y corren el riesgo de que se pause o se cierre hasta que se pueda recibir el financiamiento. Esto detiene las investigaciones y los ensayos cl&iacute;nicos para cosas como la terapia de reemplazo de c&eacute;lulas beta, tecnolog&iacute;as de p&aacute;ncreas artificial y m&eacute;todos de prevenci&oacute;n.&nbsp;<\/span><\/p>\n<h2><b>&iquest;Qu&eacute; puedes hacer al respecto?<\/b><\/h2>\n<p><span style=\"font-weight: 400;\">Si vives en los Estados Unidos, te representan pol&iacute;ticos locales, estatales y federales. Los votos del SDP son a nivel federal.&nbsp;<\/span><\/p>\n<p><span style=\"font-weight: 400;\">A nivel federal, te representa un Representante del Congreso y dos Senadores de los Estados Unidos. Puedes comunicarte con el Representante del Congreso que representa tu distrito y con los dos senadores estatales sobre asuntos que te interesan.&nbsp;<\/span><\/p>\n<p><span style=\"font-weight: 400;\">Compartir tu historia de diabetes Tipo 1 con tu representante del Congreso local y tus senadores hace una gran diferencia en c&oacute;mo votan en el SDP. Si bien el Programa Especial de Diabetes recibe apoyo bipartidista, el Congreso se enfrenta a muchas otras decisiones de financiamiento.<\/span><\/p>\n<p><span style=\"font-weight: 400;\">Informa al <\/span><a href=\"https:\/\/www.house.gov\/representatives\/find-your-representative\" target=\"_blank\" rel=\"noopener noreferrer\"><span style=\"font-weight: 400;\">Representante<\/span><\/a><span style=\"font-weight: 400;\"> y <\/span><a href=\"https:\/\/www.senate.gov\/general\/contact_information\/senators_cfm.cfm\" target=\"_blank\" rel=\"noopener noreferrer\"><span style=\"font-weight: 400;\">Senadores<\/span><\/a><span style=\"font-weight: 400;\"> c&oacute;mo la investigaci&oacute;n sobre diabetes financiada a trav&eacute;s del SDP impacta directamente en tu vida y lo que significar&aacute; al avanzar.&nbsp;<\/span><\/p>\n<p><span style=\"font-weight: 400;\">Tu voz hace una gran diferencia para garantizar que se proporcionen $150 millones en fondos vitales para la investigaci&oacute;n de la diabetes Tipo 1 cada a&ntilde;o. Con esto, la comunidad de investigaciones de la diabetes continuar&aacute; trabajando para prevenir, curar y, mientras tanto, encontrar mejores formas de vivir de manera m&aacute;s segura con diabetes Tipo 1.<\/span><\/p>\n<p><i><span style=\"font-weight: 400;\">La informaci&oacute;n provista en este resumen es del <\/span><\/i><a href=\"https:\/\/www.niddk.nih.gov\/about-niddk\/research-areas\/diabetes\/type-1-diabetes-special-statutory-funding-program\/about-special-diabetes-program\" target=\"_blank\" rel=\"noopener noreferrer\"><i><span style=\"font-weight: 400;\">NIDDK<\/span><\/i><\/a><i><span style=\"font-weight: 400;\"> y la <\/span><\/i><a href=\"https:\/\/www.jdrf.org\/impact\/advocacy\/special-diabetes-program\/\" target=\"_blank\" rel=\"noopener noreferrer\"><i><span style=\"font-weight: 400;\">JDRF<\/span><\/i><\/a><i><span style=\"font-weight: 400;\">.<\/span><\/i><\/p>\n\n","protected":false},"excerpt":{"rendered":"<p>&nbsp; Creado en asociaci&oacute;n con la JDRF (Fundaci&oacute;n para la Investigaci&oacute;n de la Diabetes Juvenil, por sus siglas en ingl&eacute;s) a trav&eacute;s de JDRF &ndash; Beyond Type 1 Alliance. &nbsp; &iquest;Sab&iacute;as que varios centros de salud de los EE. UU. reciben $150 millones por a&ntilde;o para la investigaci&oacute;n de diabetes Tipo 1 si se vota [&hellip;]<\/p>\n","protected":false},"author":5,"featured_media":29362,"parent":0,"menu_order":0,"comment_status":"closed","ping_status":"closed","template":"page_templates\/section.php","meta":{"_acf_changed":false,"footnotes":""},"class_list":["post-29361","page","type-page","status-publish","has-post-thumbnail","hentry","diabetes-types-tipo-1","tags-allianceadvocacy-es","tags-recursos","tags-research_funding_2-es"],"acf":[],"yoast_head":"<!-- This site is optimized with the Yoast SEO plugin v27.0 - https:\/\/yoast.com\/product\/yoast-seo-wordpress\/ -->\n<title>El Programa Especial de Diabetes: \u00bfQu\u00e9 es y C\u00f3mo Puedes Ayudar? | Beyond Type 1<\/title>\n<meta name=\"description\" content=\"Lee aqu\u00ed para para informarte m\u00e1s sobre el Programa Especial de Diabetes y c\u00f3mo puedes ayudar a que contin\u00fae en tu estado.\" \/>\n<meta name=\"robots\" content=\"index, follow, max-snippet:-1, max-image-preview:large, max-video-preview:-1\" \/>\n<link rel=\"canonical\" href=\"https:\/\/beyondtype1.org\/es\/programa-especial-de-diabetes\/\" \/>\n<meta property=\"og:locale\" content=\"es_ES\" \/>\n<meta property=\"og:type\" content=\"article\" \/>\n<meta property=\"og:title\" content=\"El Programa Especial de Diabetes: \u00bfQu\u00e9 es y C\u00f3mo Puedes Ayudar? | Beyond Type 1\" \/>\n<meta property=\"og:description\" content=\"Lee aqu\u00ed para para informarte m\u00e1s sobre el Programa Especial de Diabetes y c\u00f3mo puedes ayudar a que contin\u00fae en tu estado.\" \/>\n<meta property=\"og:url\" content=\"https:\/\/beyondtype1.org\/es\/programa-especial-de-diabetes\/\" \/>\n<meta property=\"og:site_name\" content=\"Beyond Type 1\" \/>\n<meta property=\"article:publisher\" content=\"https:\/\/www.facebook.com\/beyondtype1\" \/>\n<meta property=\"article:modified_time\" content=\"2024-11-23T01:19:01+00:00\" \/>\n<meta property=\"og:image\" content=\"https:\/\/beyondtype1.org\/wp-content\/uploads\/2024\/11\/BT1-JDRF-ALLIANCE-HEADER-DIABETES-PROGRAMS.jpg\" \/>\n\t<meta property=\"og:image:width\" content=\"983\" \/>\n\t<meta property=\"og:image:height\" content=\"352\" \/>\n\t<meta property=\"og:image:type\" content=\"image\/jpeg\" \/>\n<meta name=\"twitter:card\" content=\"summary_large_image\" \/>\n<meta name=\"twitter:site\" content=\"@BeyondType1\" \/>\n<meta name=\"twitter:label1\" content=\"Tiempo de lectura\" \/>\n\t<meta name=\"twitter:data1\" content=\"1 minuto\" \/>\n<script type=\"application\/ld+json\" class=\"yoast-schema-graph\">{\"@context\":\"https:\/\/schema.org\",\"@graph\":[{\"@type\":\"WebPage\",\"@id\":\"https:\/\/beyondtype1.org\/es\/programa-especial-de-diabetes\/\",\"url\":\"https:\/\/beyondtype1.org\/es\/programa-especial-de-diabetes\/\",\"name\":\"El Programa Especial de Diabetes: \u00bfQu\u00e9 es y C\u00f3mo Puedes Ayudar? | Beyond Type 1\",\"isPartOf\":{\"@id\":\"https:\/\/beyondtype1.org\/es\/#website\"},\"primaryImageOfPage\":{\"@id\":\"https:\/\/beyondtype1.org\/es\/programa-especial-de-diabetes\/#primaryimage\"},\"image\":{\"@id\":\"https:\/\/beyondtype1.org\/es\/programa-especial-de-diabetes\/#primaryimage\"},\"thumbnailUrl\":\"https:\/\/beyondtype1.org\/wp-content\/uploads\/2024\/11\/BT1-JDRF-ALLIANCE-HEADER-DIABETES-PROGRAMS.jpg\",\"datePublished\":\"2020-03-05T16:19:18+00:00\",\"dateModified\":\"2024-11-23T01:19:01+00:00\",\"description\":\"Lee aqu\u00ed para para informarte m\u00e1s sobre el Programa Especial de Diabetes y c\u00f3mo puedes ayudar a que contin\u00fae en tu estado.\",\"breadcrumb\":{\"@id\":\"https:\/\/beyondtype1.org\/es\/programa-especial-de-diabetes\/#breadcrumb\"},\"inLanguage\":\"es\",\"potentialAction\":[{\"@type\":\"ReadAction\",\"target\":[\"https:\/\/beyondtype1.org\/es\/programa-especial-de-diabetes\/\"]}]},{\"@type\":\"ImageObject\",\"inLanguage\":\"es\",\"@id\":\"https:\/\/beyondtype1.org\/es\/programa-especial-de-diabetes\/#primaryimage\",\"url\":\"https:\/\/beyondtype1.org\/wp-content\/uploads\/2024\/11\/BT1-JDRF-ALLIANCE-HEADER-DIABETES-PROGRAMS.jpg\",\"contentUrl\":\"https:\/\/beyondtype1.org\/wp-content\/uploads\/2024\/11\/BT1-JDRF-ALLIANCE-HEADER-DIABETES-PROGRAMS.jpg\",\"width\":983,\"height\":352},{\"@type\":\"BreadcrumbList\",\"@id\":\"https:\/\/beyondtype1.org\/es\/programa-especial-de-diabetes\/#breadcrumb\",\"itemListElement\":[{\"@type\":\"ListItem\",\"position\":1,\"name\":\"Home\",\"item\":\"https:\/\/beyondtype1.org\/es\/\"},{\"@type\":\"ListItem\",\"position\":2,\"name\":\"El Programa Especial de Diabetes: \u00bfQu\u00e9 es y C\u00f3mo Puedes Ayudar?\"}]},{\"@type\":\"WebSite\",\"@id\":\"https:\/\/beyondtype1.org\/es\/#website\",\"url\":\"https:\/\/beyondtype1.org\/es\/\",\"name\":\"Beyond Type 1\",\"description\":\"Beyond Type 1 is the largest diabetes org online, funding advocacy, education and cure research.\",\"publisher\":{\"@id\":\"https:\/\/beyondtype1.org\/es\/#organization\"},\"potentialAction\":[{\"@type\":\"SearchAction\",\"target\":{\"@type\":\"EntryPoint\",\"urlTemplate\":\"https:\/\/beyondtype1.org\/es\/?s={search_term_string}\"},\"query-input\":{\"@type\":\"PropertyValueSpecification\",\"valueRequired\":true,\"valueName\":\"search_term_string\"}}],\"inLanguage\":\"es\"},{\"@type\":\"Organization\",\"@id\":\"https:\/\/beyondtype1.org\/es\/#organization\",\"name\":\"Beyond Type 1\",\"url\":\"https:\/\/beyondtype1.org\/es\/\",\"logo\":{\"@type\":\"ImageObject\",\"inLanguage\":\"es\",\"@id\":\"https:\/\/beyondtype1.org\/es\/#\/schema\/logo\/image\/\",\"url\":\"https:\/\/beyondtype1.org\/wp-content\/uploads\/2025\/08\/header-logo.svg\",\"contentUrl\":\"https:\/\/beyondtype1.org\/wp-content\/uploads\/2025\/08\/header-logo.svg\",\"width\":56,\"height\":56,\"caption\":\"Beyond Type 1\"},\"image\":{\"@id\":\"https:\/\/beyondtype1.org\/es\/#\/schema\/logo\/image\/\"},\"sameAs\":[\"https:\/\/www.facebook.com\/beyondtype1\",\"https:\/\/x.com\/BeyondType1\",\"http:\/\/instagram.com\/BeyondType1\/\",\"https:\/\/www.youtube.com\/c\/BeyondType1\",\"https:\/\/www.tiktok.com\/@beyondtype1\",\"https:\/\/www.linkedin.com\/company\/beyond-type1\/\"]}]}<\/script>\n<!-- \/ Yoast SEO plugin. -->","yoast_head_json":{"title":"El Programa Especial de Diabetes: \u00bfQu\u00e9 es y C\u00f3mo Puedes Ayudar? | Beyond Type 1","description":"Lee aqu\u00ed para para informarte m\u00e1s sobre el Programa Especial de Diabetes y c\u00f3mo puedes ayudar a que contin\u00fae en tu estado.","robots":{"index":"index","follow":"follow","max-snippet":"max-snippet:-1","max-image-preview":"max-image-preview:large","max-video-preview":"max-video-preview:-1"},"canonical":"https:\/\/beyondtype1.org\/es\/programa-especial-de-diabetes\/","og_locale":"es_ES","og_type":"article","og_title":"El Programa Especial de Diabetes: \u00bfQu\u00e9 es y C\u00f3mo Puedes Ayudar? | Beyond Type 1","og_description":"Lee aqu\u00ed para para informarte m\u00e1s sobre el Programa Especial de Diabetes y c\u00f3mo puedes ayudar a que contin\u00fae en tu estado.","og_url":"https:\/\/beyondtype1.org\/es\/programa-especial-de-diabetes\/","og_site_name":"Beyond Type 1","article_publisher":"https:\/\/www.facebook.com\/beyondtype1","article_modified_time":"2024-11-23T01:19:01+00:00","og_image":[{"width":983,"height":352,"url":"https:\/\/beyondtype1.org\/wp-content\/uploads\/2024\/11\/BT1-JDRF-ALLIANCE-HEADER-DIABETES-PROGRAMS.jpg","type":"image\/jpeg"}],"twitter_card":"summary_large_image","twitter_site":"@BeyondType1","twitter_misc":{"Tiempo de lectura":"1 minuto"},"schema":{"@context":"https:\/\/schema.org","@graph":[{"@type":"WebPage","@id":"https:\/\/beyondtype1.org\/es\/programa-especial-de-diabetes\/","url":"https:\/\/beyondtype1.org\/es\/programa-especial-de-diabetes\/","name":"El Programa Especial de Diabetes: \u00bfQu\u00e9 es y C\u00f3mo Puedes Ayudar? | Beyond Type 1","isPartOf":{"@id":"https:\/\/beyondtype1.org\/es\/#website"},"primaryImageOfPage":{"@id":"https:\/\/beyondtype1.org\/es\/programa-especial-de-diabetes\/#primaryimage"},"image":{"@id":"https:\/\/beyondtype1.org\/es\/programa-especial-de-diabetes\/#primaryimage"},"thumbnailUrl":"https:\/\/beyondtype1.org\/wp-content\/uploads\/2024\/11\/BT1-JDRF-ALLIANCE-HEADER-DIABETES-PROGRAMS.jpg","datePublished":"2020-03-05T16:19:18+00:00","dateModified":"2024-11-23T01:19:01+00:00","description":"Lee aqu\u00ed para para informarte m\u00e1s sobre el Programa Especial de Diabetes y c\u00f3mo puedes ayudar a que contin\u00fae en tu estado.","breadcrumb":{"@id":"https:\/\/beyondtype1.org\/es\/programa-especial-de-diabetes\/#breadcrumb"},"inLanguage":"es","potentialAction":[{"@type":"ReadAction","target":["https:\/\/beyondtype1.org\/es\/programa-especial-de-diabetes\/"]}]},{"@type":"ImageObject","inLanguage":"es","@id":"https:\/\/beyondtype1.org\/es\/programa-especial-de-diabetes\/#primaryimage","url":"https:\/\/beyondtype1.org\/wp-content\/uploads\/2024\/11\/BT1-JDRF-ALLIANCE-HEADER-DIABETES-PROGRAMS.jpg","contentUrl":"https:\/\/beyondtype1.org\/wp-content\/uploads\/2024\/11\/BT1-JDRF-ALLIANCE-HEADER-DIABETES-PROGRAMS.jpg","width":983,"height":352},{"@type":"BreadcrumbList","@id":"https:\/\/beyondtype1.org\/es\/programa-especial-de-diabetes\/#breadcrumb","itemListElement":[{"@type":"ListItem","position":1,"name":"Home","item":"https:\/\/beyondtype1.org\/es\/"},{"@type":"ListItem","position":2,"name":"El Programa Especial de Diabetes: \u00bfQu\u00e9 es y C\u00f3mo Puedes Ayudar?"}]},{"@type":"WebSite","@id":"https:\/\/beyondtype1.org\/es\/#website","url":"https:\/\/beyondtype1.org\/es\/","name":"Beyond Type 1","description":"Beyond Type 1 is the largest diabetes org online, funding advocacy, education and cure research.","publisher":{"@id":"https:\/\/beyondtype1.org\/es\/#organization"},"potentialAction":[{"@type":"SearchAction","target":{"@type":"EntryPoint","urlTemplate":"https:\/\/beyondtype1.org\/es\/?s={search_term_string}"},"query-input":{"@type":"PropertyValueSpecification","valueRequired":true,"valueName":"search_term_string"}}],"inLanguage":"es"},{"@type":"Organization","@id":"https:\/\/beyondtype1.org\/es\/#organization","name":"Beyond Type 1","url":"https:\/\/beyondtype1.org\/es\/","logo":{"@type":"ImageObject","inLanguage":"es","@id":"https:\/\/beyondtype1.org\/es\/#\/schema\/logo\/image\/","url":"https:\/\/beyondtype1.org\/wp-content\/uploads\/2025\/08\/header-logo.svg","contentUrl":"https:\/\/beyondtype1.org\/wp-content\/uploads\/2025\/08\/header-logo.svg","width":56,"height":56,"caption":"Beyond Type 1"},"image":{"@id":"https:\/\/beyondtype1.org\/es\/#\/schema\/logo\/image\/"},"sameAs":["https:\/\/www.facebook.com\/beyondtype1","https:\/\/x.com\/BeyondType1","http:\/\/instagram.com\/BeyondType1\/","https:\/\/www.youtube.com\/c\/BeyondType1","https:\/\/www.tiktok.com\/@beyondtype1","https:\/\/www.linkedin.com\/company\/beyond-type1\/"]}]}},"_links":{"self":[{"href":"https:\/\/beyondtype1.org\/es\/wp-json\/wp\/v2\/pages\/29361","targetHints":{"allow":["GET"]}}],"collection":[{"href":"https:\/\/beyondtype1.org\/es\/wp-json\/wp\/v2\/pages"}],"about":[{"href":"https:\/\/beyondtype1.org\/es\/wp-json\/wp\/v2\/types\/page"}],"author":[{"embeddable":true,"href":"https:\/\/beyondtype1.org\/es\/wp-json\/wp\/v2\/users\/5"}],"replies":[{"embeddable":true,"href":"https:\/\/beyondtype1.org\/es\/wp-json\/wp\/v2\/comments?post=29361"}],"version-history":[{"count":0,"href":"https:\/\/beyondtype1.org\/es\/wp-json\/wp\/v2\/pages\/29361\/revisions"}],"wp:featuredmedia":[{"embeddable":true,"href":"https:\/\/beyondtype1.org\/es\/wp-json\/wp\/v2\/media\/29362"}],"wp:attachment":[{"href":"https:\/\/beyondtype1.org\/es\/wp-json\/wp\/v2\/media?parent=29361"}],"curies":[{"name":"wp","href":"https:\/\/api.w.org\/{rel}","templated":true}]}}