{"id":33624,"date":"2018-06-11T16:51:23","date_gmt":"2018-06-11T16:51:23","guid":{"rendered":"https:\/\/beyondtype2.org\/programas-2\/"},"modified":"2024-12-10T19:52:15","modified_gmt":"2024-12-10T19:52:15","slug":"programas","status":"publish","type":"page","link":"https:\/\/beyondtype1.org\/es\/programas\/","title":{"rendered":"Programas"},"content":{"rendered":"<h3>Programas<\/h3>\n<p>De una cuenta de Instagram en febrero de 2015 a 16 plataformas digitales, 18 beneficiarios y 15 programas actuales, Beyond Tipo 1 se ha convertido en un l&iacute;der global, acumulando las m&aacute;s grande comunidad online de diabetes tipo 1 (DT1) del mundo. En asociaci&oacute;n con algunas de las marcas m&aacute;s emblem&aacute;ticas del sector, Beyond Type 1 proporciona recursos que mejoran la vida quienes han sido tocados por la DT1 y cambian el panorama de la gesti&oacute;n de la diabetes. Con la creaci&oacute;n de programas que apoyan la creaci&oacute;n de comunidades, la educaci&oacute;n y la promoci&oacute;n, estamos redefiniendo lo que significa vivir y prosperar m&aacute;s all&aacute; de un diagn&oacute;stico de diabetes. Beyond Type 1 ha financiado algunos de los esfuerzos, tecnolog&iacute;a y recursos m&aacute;s innovadores centrados en la educaci&oacute;n, la defensa, as&iacute; como la investigaci&oacute;n y los esfuerzos que allanan el camino hacia una cura de la diabetes tipo 1.<\/p>\n<p><a href=\"https:\/\/beyondtype1.org\/?page_id=28792\" target=\"_blank\" rel=\"noopener noreferrer\">M&aacute;s informaci&oacute;n sobre el modelo de financiaci&oacute;n de Beyond Type 1.<\/a><\/p>\n\n","protected":false},"excerpt":{"rendered":"<p>Programas De una cuenta de Instagram en febrero de 2015 a 16 plataformas digitales, 18 beneficiarios y 15 programas actuales, Beyond Tipo 1 se ha convertido en un l&iacute;der global, acumulando las m&aacute;s grande comunidad online de diabetes tipo 1 (DT1) del mundo. En asociaci&oacute;n con algunas de las marcas m&aacute;s emblem&aacute;ticas del sector, Beyond [&hellip;]<\/p>\n","protected":false},"author":5,"featured_media":0,"parent":0,"menu_order":0,"comment_status":"closed","ping_status":"closed","template":"page_templates\/content.php","meta":{"_acf_changed":false,"footnotes":""},"class_list":["post-33624","page","type-page","status-publish","hentry","topics-defensa","diabetes-types-tipo-1","diabetes-types-tipo-2"],"acf":[],"yoast_head":"<!-- This site is optimized with the Yoast SEO plugin v27.0 - https:\/\/yoast.com\/product\/yoast-seo-wordpress\/ -->\n<title>Programas | Beyond Type 1<\/title>\n<meta name=\"description\" content=\"A trav\u00e9s de programas que apoyan la creaci\u00f3n de comunidad, la educaci\u00f3n y la promoci\u00f3n, estamos redefiniendo lo que significa prosperar con DT1.\" \/>\n<meta name=\"robots\" content=\"index, follow, max-snippet:-1, max-image-preview:large, max-video-preview:-1\" \/>\n<link rel=\"canonical\" href=\"https:\/\/beyondtype1.org\/es\/programas\/\" \/>\n<meta property=\"og:locale\" content=\"es_ES\" \/>\n<meta property=\"og:type\" content=\"article\" \/>\n<meta property=\"og:title\" content=\"Programas | Beyond Type 1\" \/>\n<meta property=\"og:description\" content=\"A trav\u00e9s de programas que apoyan la creaci\u00f3n de comunidad, la educaci\u00f3n y la promoci\u00f3n, estamos redefiniendo lo que significa prosperar con DT1.\" \/>\n<meta property=\"og:url\" content=\"https:\/\/beyondtype1.org\/es\/programas\/\" \/>\n<meta property=\"og:site_name\" content=\"Beyond Type 1\" \/>\n<meta property=\"article:publisher\" content=\"https:\/\/www.facebook.com\/beyondtype1\" \/>\n<meta property=\"article:modified_time\" content=\"2024-12-10T19:52:15+00:00\" \/>\n<meta name=\"twitter:card\" content=\"summary_large_image\" \/>\n<meta name=\"twitter:site\" content=\"@BeyondType1\" \/>\n<meta name=\"twitter:label1\" content=\"Tiempo de lectura\" \/>\n\t<meta name=\"twitter:data1\" content=\"1 minuto\" \/>\n<script type=\"application\/ld+json\" class=\"yoast-schema-graph\">{\"@context\":\"https:\/\/schema.org\",\"@graph\":[{\"@type\":\"WebPage\",\"@id\":\"https:\/\/beyondtype1.org\/es\/programas\/\",\"url\":\"https:\/\/beyondtype1.org\/es\/programas\/\",\"name\":\"Programas | Beyond Type 1\",\"isPartOf\":{\"@id\":\"https:\/\/beyondtype1.org\/es\/#website\"},\"datePublished\":\"2018-06-11T16:51:23+00:00\",\"dateModified\":\"2024-12-10T19:52:15+00:00\",\"description\":\"A trav\u00e9s de programas que apoyan la creaci\u00f3n de comunidad, la educaci\u00f3n y la promoci\u00f3n, estamos redefiniendo lo que significa prosperar con DT1.\",\"breadcrumb\":{\"@id\":\"https:\/\/beyondtype1.org\/es\/programas\/#breadcrumb\"},\"inLanguage\":\"es\",\"potentialAction\":[{\"@type\":\"ReadAction\",\"target\":[\"https:\/\/beyondtype1.org\/es\/programas\/\"]}]},{\"@type\":\"BreadcrumbList\",\"@id\":\"https:\/\/beyondtype1.org\/es\/programas\/#breadcrumb\",\"itemListElement\":[{\"@type\":\"ListItem\",\"position\":1,\"name\":\"Home\",\"item\":\"https:\/\/beyondtype1.org\/es\/\"},{\"@type\":\"ListItem\",\"position\":2,\"name\":\"Programas\"}]},{\"@type\":\"WebSite\",\"@id\":\"https:\/\/beyondtype1.org\/es\/#website\",\"url\":\"https:\/\/beyondtype1.org\/es\/\",\"name\":\"Beyond Type 1\",\"description\":\"Beyond Type 1 is the largest diabetes org online, funding advocacy, education and cure research.\",\"publisher\":{\"@id\":\"https:\/\/beyondtype1.org\/es\/#organization\"},\"potentialAction\":[{\"@type\":\"SearchAction\",\"target\":{\"@type\":\"EntryPoint\",\"urlTemplate\":\"https:\/\/beyondtype1.org\/es\/?s={search_term_string}\"},\"query-input\":{\"@type\":\"PropertyValueSpecification\",\"valueRequired\":true,\"valueName\":\"search_term_string\"}}],\"inLanguage\":\"es\"},{\"@type\":\"Organization\",\"@id\":\"https:\/\/beyondtype1.org\/es\/#organization\",\"name\":\"Beyond Type 1\",\"url\":\"https:\/\/beyondtype1.org\/es\/\",\"logo\":{\"@type\":\"ImageObject\",\"inLanguage\":\"es\",\"@id\":\"https:\/\/beyondtype1.org\/es\/#\/schema\/logo\/image\/\",\"url\":\"https:\/\/beyondtype1.org\/wp-content\/uploads\/2025\/08\/header-logo.svg\",\"contentUrl\":\"https:\/\/beyondtype1.org\/wp-content\/uploads\/2025\/08\/header-logo.svg\",\"width\":56,\"height\":56,\"caption\":\"Beyond Type 1\"},\"image\":{\"@id\":\"https:\/\/beyondtype1.org\/es\/#\/schema\/logo\/image\/\"},\"sameAs\":[\"https:\/\/www.facebook.com\/beyondtype1\",\"https:\/\/x.com\/BeyondType1\",\"http:\/\/instagram.com\/BeyondType1\/\",\"https:\/\/www.youtube.com\/c\/BeyondType1\",\"https:\/\/www.tiktok.com\/@beyondtype1\",\"https:\/\/www.linkedin.com\/company\/beyond-type1\/\"]}]}<\/script>\n<!-- \/ Yoast SEO plugin. -->","yoast_head_json":{"title":"Programas | Beyond Type 1","description":"A trav\u00e9s de programas que apoyan la creaci\u00f3n de comunidad, la educaci\u00f3n y la promoci\u00f3n, estamos redefiniendo lo que significa prosperar con DT1.","robots":{"index":"index","follow":"follow","max-snippet":"max-snippet:-1","max-image-preview":"max-image-preview:large","max-video-preview":"max-video-preview:-1"},"canonical":"https:\/\/beyondtype1.org\/es\/programas\/","og_locale":"es_ES","og_type":"article","og_title":"Programas | Beyond Type 1","og_description":"A trav\u00e9s de programas que apoyan la creaci\u00f3n de comunidad, la educaci\u00f3n y la promoci\u00f3n, estamos redefiniendo lo que significa prosperar con DT1.","og_url":"https:\/\/beyondtype1.org\/es\/programas\/","og_site_name":"Beyond Type 1","article_publisher":"https:\/\/www.facebook.com\/beyondtype1","article_modified_time":"2024-12-10T19:52:15+00:00","twitter_card":"summary_large_image","twitter_site":"@BeyondType1","twitter_misc":{"Tiempo de lectura":"1 minuto"},"schema":{"@context":"https:\/\/schema.org","@graph":[{"@type":"WebPage","@id":"https:\/\/beyondtype1.org\/es\/programas\/","url":"https:\/\/beyondtype1.org\/es\/programas\/","name":"Programas | Beyond Type 1","isPartOf":{"@id":"https:\/\/beyondtype1.org\/es\/#website"},"datePublished":"2018-06-11T16:51:23+00:00","dateModified":"2024-12-10T19:52:15+00:00","description":"A trav\u00e9s de programas que apoyan la creaci\u00f3n de comunidad, la educaci\u00f3n y la promoci\u00f3n, estamos redefiniendo lo que significa prosperar con DT1.","breadcrumb":{"@id":"https:\/\/beyondtype1.org\/es\/programas\/#breadcrumb"},"inLanguage":"es","potentialAction":[{"@type":"ReadAction","target":["https:\/\/beyondtype1.org\/es\/programas\/"]}]},{"@type":"BreadcrumbList","@id":"https:\/\/beyondtype1.org\/es\/programas\/#breadcrumb","itemListElement":[{"@type":"ListItem","position":1,"name":"Home","item":"https:\/\/beyondtype1.org\/es\/"},{"@type":"ListItem","position":2,"name":"Programas"}]},{"@type":"WebSite","@id":"https:\/\/beyondtype1.org\/es\/#website","url":"https:\/\/beyondtype1.org\/es\/","name":"Beyond Type 1","description":"Beyond Type 1 is the largest diabetes org online, funding advocacy, education and cure research.","publisher":{"@id":"https:\/\/beyondtype1.org\/es\/#organization"},"potentialAction":[{"@type":"SearchAction","target":{"@type":"EntryPoint","urlTemplate":"https:\/\/beyondtype1.org\/es\/?s={search_term_string}"},"query-input":{"@type":"PropertyValueSpecification","valueRequired":true,"valueName":"search_term_string"}}],"inLanguage":"es"},{"@type":"Organization","@id":"https:\/\/beyondtype1.org\/es\/#organization","name":"Beyond Type 1","url":"https:\/\/beyondtype1.org\/es\/","logo":{"@type":"ImageObject","inLanguage":"es","@id":"https:\/\/beyondtype1.org\/es\/#\/schema\/logo\/image\/","url":"https:\/\/beyondtype1.org\/wp-content\/uploads\/2025\/08\/header-logo.svg","contentUrl":"https:\/\/beyondtype1.org\/wp-content\/uploads\/2025\/08\/header-logo.svg","width":56,"height":56,"caption":"Beyond Type 1"},"image":{"@id":"https:\/\/beyondtype1.org\/es\/#\/schema\/logo\/image\/"},"sameAs":["https:\/\/www.facebook.com\/beyondtype1","https:\/\/x.com\/BeyondType1","http:\/\/instagram.com\/BeyondType1\/","https:\/\/www.youtube.com\/c\/BeyondType1","https:\/\/www.tiktok.com\/@beyondtype1","https:\/\/www.linkedin.com\/company\/beyond-type1\/"]}]}},"_links":{"self":[{"href":"https:\/\/beyondtype1.org\/es\/wp-json\/wp\/v2\/pages\/33624","targetHints":{"allow":["GET"]}}],"collection":[{"href":"https:\/\/beyondtype1.org\/es\/wp-json\/wp\/v2\/pages"}],"about":[{"href":"https:\/\/beyondtype1.org\/es\/wp-json\/wp\/v2\/types\/page"}],"author":[{"embeddable":true,"href":"https:\/\/beyondtype1.org\/es\/wp-json\/wp\/v2\/users\/5"}],"replies":[{"embeddable":true,"href":"https:\/\/beyondtype1.org\/es\/wp-json\/wp\/v2\/comments?post=33624"}],"version-history":[{"count":0,"href":"https:\/\/beyondtype1.org\/es\/wp-json\/wp\/v2\/pages\/33624\/revisions"}],"wp:attachment":[{"href":"https:\/\/beyondtype1.org\/es\/wp-json\/wp\/v2\/media?parent=33624"}],"curies":[{"name":"wp","href":"https:\/\/api.w.org\/{rel}","templated":true}]}}