{"id":33694,"date":"2018-03-12T11:50:50","date_gmt":"2018-03-12T11:50:50","guid":{"rendered":"https:\/\/beyondtype2.org\/?page_id=33694"},"modified":"2024-12-04T01:02:21","modified_gmt":"2024-12-04T01:02:21","slug":"campana-de-cad-en-mexico","status":"publish","type":"page","link":"https:\/\/beyondtype1.org\/es\/campana-de-cad-en-mexico\/","title":{"rendered":"Campa\u00f1a de CAD en M\u00e9xico"},"content":{"rendered":"<p>&iexcl;La Campa&ntilde;a de Concienciaci&oacute;n de CAD de Beyond Type 1 lleg&oacute; a M&eacute;xico! En la actualidad, miles de personas viven con diabetes Tipo 1 en M&eacute;xico y muchas llegan a desarrollar Cetoacidosis Diab&eacute;tica (CAD) al momento del diagn&oacute;stico, esto puede ser&nbsp;potencialmente mortal.<\/p>\n<p>Desde los inicios de Beyond Type 1, la problem&aacute;tica de la CAD ha sido uno que queremos resolver. La carta abierta de nuestra <a href=\"http:\/\/esbeyondtype1.wpengine.com\/cad-creando-conciencia-para-salvar-vidas\/\" target=\"_blank\" rel=\"noopener noreferrer\">CEO y Co-fundador sobre el tema en septiembre de 2015<\/a> se ha compartido miles de veces. Nuestra primera campa&ntilde;a de Se&ntilde;ales de advertencia de Diabetes Tipo 1 coloc&oacute; miles de volantes en escuelas de todo el pa&iacute;s. Estos esfuerzos han sido buenos, pero al final del d&iacute;a, fueron el equivalente a mojarnos los pies solamente.<\/p>\n<p>En julio de 2016, comenzamos conversaciones con el Cap&iacute;tulo de Pennsylvania de la Academia Americana de Pediatr&iacute;a (PAAAP, por sus siglas en ingl&eacute;s) sobre lo que ser&iacute;a una campa&ntilde;a de concientizaci&oacute;n para llegar a la oficina de cada pediatra en ese estado.<\/p>\n<p>Finalmente, creamos una campa&ntilde;a que presentaba boletines digitales, carteles, materiales impresos, y un portal en l&iacute;nea con m&aacute;s informaci&oacute;n y recursos. Desde el lanzamiento de octubre de 2016 en Pensilvania, la campa&ntilde;a se ha distribuido en los EE. UU. En 18 estados a m&aacute;s de 22,000 oficinas pedi&aacute;tricas, que atenden a sobre 90 millones de pacientes anualmente. En febrero del 2018, en sociedad con la <a href=\"http:\/\/www.fmdiabetes.org\" target=\"_blank\" rel=\"noopener noreferrer\">Federaci&oacute;n Mexicana de Diabetes, A.C<\/a>, los asistentes al <a href=\"http:\/\/congreso.fmdiabetes.org\/\" target=\"_blank\" rel=\"noopener noreferrer\">XXX Congreso Nacional de la Federaci&oacute;n Mexicana de Diabetes, A.C.<\/a>&nbsp; &nbsp;tuvieron tener acceso a los carteles de advertencia, &nbsp;la revista <a href=\"http:\/\/fmdiabetes.org\/category\/diabeteshoy\/\" target=\"_blank\" rel=\"noopener noreferrer\">Diabetes Hoy<\/a>, &oacute;rgano de comunicaci&oacute;n oficial de F.M.D. proporcion&oacute; un inserto de campa&ntilde;a en las m&aacute;s de 10,000 impresiones de la revista distribuidas en toda la Rep&uacute;blica Mexicana&nbsp; y estamos a&uacute;n trabajando para llegar a los sobre 20 cap&iacute;tulos regionales de esta organizaci&oacute;n.<\/p>\n<p>Actualmente se est&aacute;n realizando esfuerzos para llevar la campa&ntilde;a a otros estados en los EE. UU., as&iacute; como a otros pa&iacute;ses latinoamericanos.<\/p>\n\n","protected":false},"excerpt":{"rendered":"<p>&iexcl;La Campa&ntilde;a de Concienciaci&oacute;n de CAD de Beyond Type 1 lleg&oacute; a M&eacute;xico! En la actualidad, miles de personas viven con diabetes Tipo 1 en M&eacute;xico y muchas llegan a desarrollar Cetoacidosis Diab&eacute;tica (CAD) al momento del diagn&oacute;stico, esto puede ser&nbsp;potencialmente mortal. Desde los inicios de Beyond Type 1, la problem&aacute;tica de la CAD ha [&hellip;]<\/p>\n","protected":false},"author":5,"featured_media":33698,"parent":0,"menu_order":0,"comment_status":"closed","ping_status":"closed","template":"page_templates\/content.php","meta":{"_acf_changed":false,"footnotes":""},"class_list":["post-33694","page","type-page","status-publish","has-post-thumbnail","hentry","diabetes-types-tipo-1","tags-campana-cad","tags-dkacampaign-es","tags-mexnews"],"acf":[],"yoast_head":"<!-- This site is optimized with the Yoast SEO plugin v27.0 - https:\/\/yoast.com\/product\/yoast-seo-wordpress\/ -->\n<title>Campa\u00f1a de CAD en M\u00e9xico | Beyond Type 1<\/title>\n<meta name=\"description\" content=\"\u00a1La Campa\u00f1a de Concienciaci\u00f3n de CAD de Beyond Type 1 lleg\u00f3 a M\u00e9xico! Miles de personas viven con diabetes Tipo 1 en M\u00e9xico.\" \/>\n<meta name=\"robots\" content=\"index, follow, max-snippet:-1, max-image-preview:large, max-video-preview:-1\" \/>\n<link rel=\"canonical\" href=\"https:\/\/beyondtype1.org\/es\/campana-de-cad-en-mexico\/\" \/>\n<meta property=\"og:locale\" content=\"es_ES\" \/>\n<meta property=\"og:type\" content=\"article\" \/>\n<meta property=\"og:title\" content=\"Campa\u00f1a de CAD en M\u00e9xico | Beyond Type 1\" \/>\n<meta property=\"og:description\" content=\"\u00a1La Campa\u00f1a de Concienciaci\u00f3n de CAD de Beyond Type 1 lleg\u00f3 a M\u00e9xico! Miles de personas viven con diabetes Tipo 1 en M\u00e9xico.\" \/>\n<meta property=\"og:url\" content=\"https:\/\/beyondtype1.org\/es\/campana-de-cad-en-mexico\/\" \/>\n<meta property=\"og:site_name\" content=\"Beyond Type 1\" \/>\n<meta property=\"article:publisher\" content=\"https:\/\/www.facebook.com\/beyondtype1\" \/>\n<meta property=\"article:modified_time\" content=\"2024-12-04T01:02:21+00:00\" \/>\n<meta property=\"og:image\" content=\"https:\/\/beyondtype1.org\/wp-content\/uploads\/2024\/12\/MX-DKA-1-768x275-1.png\" \/>\n\t<meta property=\"og:image:width\" content=\"768\" \/>\n\t<meta property=\"og:image:height\" content=\"275\" \/>\n\t<meta property=\"og:image:type\" content=\"image\/png\" \/>\n<meta name=\"twitter:card\" content=\"summary_large_image\" \/>\n<meta name=\"twitter:site\" content=\"@BeyondType1\" \/>\n<meta name=\"twitter:label1\" content=\"Tiempo de lectura\" \/>\n\t<meta name=\"twitter:data1\" content=\"2 minutos\" \/>\n<script type=\"application\/ld+json\" class=\"yoast-schema-graph\">{\"@context\":\"https:\/\/schema.org\",\"@graph\":[{\"@type\":\"WebPage\",\"@id\":\"https:\/\/beyondtype1.org\/es\/campana-de-cad-en-mexico\/\",\"url\":\"https:\/\/beyondtype1.org\/es\/campana-de-cad-en-mexico\/\",\"name\":\"Campa\u00f1a de CAD en M\u00e9xico | Beyond Type 1\",\"isPartOf\":{\"@id\":\"https:\/\/beyondtype1.org\/es\/#website\"},\"primaryImageOfPage\":{\"@id\":\"https:\/\/beyondtype1.org\/es\/campana-de-cad-en-mexico\/#primaryimage\"},\"image\":{\"@id\":\"https:\/\/beyondtype1.org\/es\/campana-de-cad-en-mexico\/#primaryimage\"},\"thumbnailUrl\":\"https:\/\/beyondtype1.org\/wp-content\/uploads\/2024\/12\/MX-DKA-1-768x275-1.png\",\"datePublished\":\"2018-03-12T11:50:50+00:00\",\"dateModified\":\"2024-12-04T01:02:21+00:00\",\"description\":\"\u00a1La Campa\u00f1a de Concienciaci\u00f3n de CAD de Beyond Type 1 lleg\u00f3 a M\u00e9xico! Miles de personas viven con diabetes Tipo 1 en M\u00e9xico.\",\"breadcrumb\":{\"@id\":\"https:\/\/beyondtype1.org\/es\/campana-de-cad-en-mexico\/#breadcrumb\"},\"inLanguage\":\"es\",\"potentialAction\":[{\"@type\":\"ReadAction\",\"target\":[\"https:\/\/beyondtype1.org\/es\/campana-de-cad-en-mexico\/\"]}]},{\"@type\":\"ImageObject\",\"inLanguage\":\"es\",\"@id\":\"https:\/\/beyondtype1.org\/es\/campana-de-cad-en-mexico\/#primaryimage\",\"url\":\"https:\/\/beyondtype1.org\/wp-content\/uploads\/2024\/12\/MX-DKA-1-768x275-1.png\",\"contentUrl\":\"https:\/\/beyondtype1.org\/wp-content\/uploads\/2024\/12\/MX-DKA-1-768x275-1.png\",\"width\":768,\"height\":275},{\"@type\":\"BreadcrumbList\",\"@id\":\"https:\/\/beyondtype1.org\/es\/campana-de-cad-en-mexico\/#breadcrumb\",\"itemListElement\":[{\"@type\":\"ListItem\",\"position\":1,\"name\":\"Home\",\"item\":\"https:\/\/beyondtype1.org\/es\/\"},{\"@type\":\"ListItem\",\"position\":2,\"name\":\"Campa\u00f1a de CAD en M\u00e9xico\"}]},{\"@type\":\"WebSite\",\"@id\":\"https:\/\/beyondtype1.org\/es\/#website\",\"url\":\"https:\/\/beyondtype1.org\/es\/\",\"name\":\"Beyond Type 1\",\"description\":\"Beyond Type 1 is the largest diabetes org online, funding advocacy, education and cure research.\",\"publisher\":{\"@id\":\"https:\/\/beyondtype1.org\/es\/#organization\"},\"potentialAction\":[{\"@type\":\"SearchAction\",\"target\":{\"@type\":\"EntryPoint\",\"urlTemplate\":\"https:\/\/beyondtype1.org\/es\/?s={search_term_string}\"},\"query-input\":{\"@type\":\"PropertyValueSpecification\",\"valueRequired\":true,\"valueName\":\"search_term_string\"}}],\"inLanguage\":\"es\"},{\"@type\":\"Organization\",\"@id\":\"https:\/\/beyondtype1.org\/es\/#organization\",\"name\":\"Beyond Type 1\",\"url\":\"https:\/\/beyondtype1.org\/es\/\",\"logo\":{\"@type\":\"ImageObject\",\"inLanguage\":\"es\",\"@id\":\"https:\/\/beyondtype1.org\/es\/#\/schema\/logo\/image\/\",\"url\":\"https:\/\/beyondtype1.org\/wp-content\/uploads\/2025\/08\/header-logo.svg\",\"contentUrl\":\"https:\/\/beyondtype1.org\/wp-content\/uploads\/2025\/08\/header-logo.svg\",\"width\":56,\"height\":56,\"caption\":\"Beyond Type 1\"},\"image\":{\"@id\":\"https:\/\/beyondtype1.org\/es\/#\/schema\/logo\/image\/\"},\"sameAs\":[\"https:\/\/www.facebook.com\/beyondtype1\",\"https:\/\/x.com\/BeyondType1\",\"http:\/\/instagram.com\/BeyondType1\/\",\"https:\/\/www.youtube.com\/c\/BeyondType1\",\"https:\/\/www.tiktok.com\/@beyondtype1\",\"https:\/\/www.linkedin.com\/company\/beyond-type1\/\"]}]}<\/script>\n<!-- \/ Yoast SEO plugin. -->","yoast_head_json":{"title":"Campa\u00f1a de CAD en M\u00e9xico | Beyond Type 1","description":"\u00a1La Campa\u00f1a de Concienciaci\u00f3n de CAD de Beyond Type 1 lleg\u00f3 a M\u00e9xico! Miles de personas viven con diabetes Tipo 1 en M\u00e9xico.","robots":{"index":"index","follow":"follow","max-snippet":"max-snippet:-1","max-image-preview":"max-image-preview:large","max-video-preview":"max-video-preview:-1"},"canonical":"https:\/\/beyondtype1.org\/es\/campana-de-cad-en-mexico\/","og_locale":"es_ES","og_type":"article","og_title":"Campa\u00f1a de CAD en M\u00e9xico | Beyond Type 1","og_description":"\u00a1La Campa\u00f1a de Concienciaci\u00f3n de CAD de Beyond Type 1 lleg\u00f3 a M\u00e9xico! Miles de personas viven con diabetes Tipo 1 en M\u00e9xico.","og_url":"https:\/\/beyondtype1.org\/es\/campana-de-cad-en-mexico\/","og_site_name":"Beyond Type 1","article_publisher":"https:\/\/www.facebook.com\/beyondtype1","article_modified_time":"2024-12-04T01:02:21+00:00","og_image":[{"width":768,"height":275,"url":"https:\/\/beyondtype1.org\/wp-content\/uploads\/2024\/12\/MX-DKA-1-768x275-1.png","type":"image\/png"}],"twitter_card":"summary_large_image","twitter_site":"@BeyondType1","twitter_misc":{"Tiempo de lectura":"2 minutos"},"schema":{"@context":"https:\/\/schema.org","@graph":[{"@type":"WebPage","@id":"https:\/\/beyondtype1.org\/es\/campana-de-cad-en-mexico\/","url":"https:\/\/beyondtype1.org\/es\/campana-de-cad-en-mexico\/","name":"Campa\u00f1a de CAD en M\u00e9xico | Beyond Type 1","isPartOf":{"@id":"https:\/\/beyondtype1.org\/es\/#website"},"primaryImageOfPage":{"@id":"https:\/\/beyondtype1.org\/es\/campana-de-cad-en-mexico\/#primaryimage"},"image":{"@id":"https:\/\/beyondtype1.org\/es\/campana-de-cad-en-mexico\/#primaryimage"},"thumbnailUrl":"https:\/\/beyondtype1.org\/wp-content\/uploads\/2024\/12\/MX-DKA-1-768x275-1.png","datePublished":"2018-03-12T11:50:50+00:00","dateModified":"2024-12-04T01:02:21+00:00","description":"\u00a1La Campa\u00f1a de Concienciaci\u00f3n de CAD de Beyond Type 1 lleg\u00f3 a M\u00e9xico! Miles de personas viven con diabetes Tipo 1 en M\u00e9xico.","breadcrumb":{"@id":"https:\/\/beyondtype1.org\/es\/campana-de-cad-en-mexico\/#breadcrumb"},"inLanguage":"es","potentialAction":[{"@type":"ReadAction","target":["https:\/\/beyondtype1.org\/es\/campana-de-cad-en-mexico\/"]}]},{"@type":"ImageObject","inLanguage":"es","@id":"https:\/\/beyondtype1.org\/es\/campana-de-cad-en-mexico\/#primaryimage","url":"https:\/\/beyondtype1.org\/wp-content\/uploads\/2024\/12\/MX-DKA-1-768x275-1.png","contentUrl":"https:\/\/beyondtype1.org\/wp-content\/uploads\/2024\/12\/MX-DKA-1-768x275-1.png","width":768,"height":275},{"@type":"BreadcrumbList","@id":"https:\/\/beyondtype1.org\/es\/campana-de-cad-en-mexico\/#breadcrumb","itemListElement":[{"@type":"ListItem","position":1,"name":"Home","item":"https:\/\/beyondtype1.org\/es\/"},{"@type":"ListItem","position":2,"name":"Campa\u00f1a de CAD en M\u00e9xico"}]},{"@type":"WebSite","@id":"https:\/\/beyondtype1.org\/es\/#website","url":"https:\/\/beyondtype1.org\/es\/","name":"Beyond Type 1","description":"Beyond Type 1 is the largest diabetes org online, funding advocacy, education and cure research.","publisher":{"@id":"https:\/\/beyondtype1.org\/es\/#organization"},"potentialAction":[{"@type":"SearchAction","target":{"@type":"EntryPoint","urlTemplate":"https:\/\/beyondtype1.org\/es\/?s={search_term_string}"},"query-input":{"@type":"PropertyValueSpecification","valueRequired":true,"valueName":"search_term_string"}}],"inLanguage":"es"},{"@type":"Organization","@id":"https:\/\/beyondtype1.org\/es\/#organization","name":"Beyond Type 1","url":"https:\/\/beyondtype1.org\/es\/","logo":{"@type":"ImageObject","inLanguage":"es","@id":"https:\/\/beyondtype1.org\/es\/#\/schema\/logo\/image\/","url":"https:\/\/beyondtype1.org\/wp-content\/uploads\/2025\/08\/header-logo.svg","contentUrl":"https:\/\/beyondtype1.org\/wp-content\/uploads\/2025\/08\/header-logo.svg","width":56,"height":56,"caption":"Beyond Type 1"},"image":{"@id":"https:\/\/beyondtype1.org\/es\/#\/schema\/logo\/image\/"},"sameAs":["https:\/\/www.facebook.com\/beyondtype1","https:\/\/x.com\/BeyondType1","http:\/\/instagram.com\/BeyondType1\/","https:\/\/www.youtube.com\/c\/BeyondType1","https:\/\/www.tiktok.com\/@beyondtype1","https:\/\/www.linkedin.com\/company\/beyond-type1\/"]}]}},"_links":{"self":[{"href":"https:\/\/beyondtype1.org\/es\/wp-json\/wp\/v2\/pages\/33694","targetHints":{"allow":["GET"]}}],"collection":[{"href":"https:\/\/beyondtype1.org\/es\/wp-json\/wp\/v2\/pages"}],"about":[{"href":"https:\/\/beyondtype1.org\/es\/wp-json\/wp\/v2\/types\/page"}],"author":[{"embeddable":true,"href":"https:\/\/beyondtype1.org\/es\/wp-json\/wp\/v2\/users\/5"}],"replies":[{"embeddable":true,"href":"https:\/\/beyondtype1.org\/es\/wp-json\/wp\/v2\/comments?post=33694"}],"version-history":[{"count":0,"href":"https:\/\/beyondtype1.org\/es\/wp-json\/wp\/v2\/pages\/33694\/revisions"}],"wp:featuredmedia":[{"embeddable":true,"href":"https:\/\/beyondtype1.org\/es\/wp-json\/wp\/v2\/media\/33698"}],"wp:attachment":[{"href":"https:\/\/beyondtype1.org\/es\/wp-json\/wp\/v2\/media?parent=33694"}],"curies":[{"name":"wp","href":"https:\/\/api.w.org\/{rel}","templated":true}]}}