{"id":33812,"date":"2018-04-16T14:31:58","date_gmt":"2018-04-16T14:31:58","guid":{"rendered":"https:\/\/beyondtype2.org\/?page_id=33812"},"modified":"2024-12-04T20:31:28","modified_gmt":"2024-12-04T20:31:28","slug":"carteles-de-senales-de-advertencia","status":"publish","type":"page","link":"https:\/\/beyondtype1.org\/es\/carteles-de-senales-de-advertencia\/","title":{"rendered":"Carteles de Se\u00f1ales de advertencia"},"content":{"rendered":"<p>Estos documentos descargables son recursos para ayudar a educar a otros sobre la diabetes Tipo 1. &iexcl;Puedes descargarlos e imprimirlos tu mismo! Si deseas las hojas impresan en papel con brillo, de fondo negro, completa el formulario en <a href=\"http:\/\/esbeyondtype1.wpengine.com\/afiches-de-las-senales-de-advertencia-de-diabetes-tipo-1\" target=\"_blank\" rel=\"noopener noreferrer\">esta p&aacute;gina<\/a>.<\/p>\n<p><a href=\"https:\/\/drive.google.com\/drive\/folders\/1rUOkvr5Dhhm-SYttecBCgfaykv1xKfRq\" target=\"_blank\" rel=\"noopener noreferrer\">Comparte nuestros&nbsp;carteles de Se&ntilde;ales de Advertencia de diabetes Tipo 1<\/a> (idiomas disponibles: &aacute;rabe, bengal&iacute;, canton&eacute;s, catal&aacute;n, franc&eacute;s, alem&aacute;n, criollo haitiano, hindi, japon&eacute;s, coreano, mandar&iacute;n, portugu&eacute;s, ruso, espa&ntilde;ol, tagalo, urdu, vietnamita y gal&eacute;s .)<\/p>\n\n","protected":false},"excerpt":{"rendered":"<p>Estos documentos descargables son recursos para ayudar a educar a otros sobre la diabetes Tipo 1. &iexcl;Puedes descargarlos e imprimirlos tu mismo! Si deseas las hojas impresan en papel con brillo, de fondo negro, completa el formulario en esta p&aacute;gina. Comparte nuestros&nbsp;carteles de Se&ntilde;ales de Advertencia de diabetes Tipo 1 (idiomas disponibles: &aacute;rabe, bengal&iacute;, canton&eacute;s, [&hellip;]<\/p>\n","protected":false},"author":5,"featured_media":0,"parent":0,"menu_order":0,"comment_status":"closed","ping_status":"closed","template":"page_templates\/content.php","meta":{"_acf_changed":false,"footnotes":""},"class_list":["post-33812","page","type-page","status-publish","hentry","diabetes-types-tipo-1"],"acf":[],"yoast_head":"<!-- This site is optimized with the Yoast SEO plugin v27.0 - https:\/\/yoast.com\/product\/yoast-seo-wordpress\/ -->\n<title>Carteles de Se\u00f1ales de advertencia | Beyond Type 1<\/title>\n<meta name=\"description\" content=\"Comparte nuestros\u00a0carteles de Se\u00f1ales de Advertencia de diabetes Tipo 1 para ayudar en la identificaci\u00f3n temprana de la Cetoacidosis Diab\u00e9tica.\" \/>\n<meta name=\"robots\" content=\"index, follow, max-snippet:-1, max-image-preview:large, max-video-preview:-1\" \/>\n<link rel=\"canonical\" href=\"https:\/\/beyondtype1.org\/es\/carteles-de-senales-de-advertencia\/\" \/>\n<meta property=\"og:locale\" content=\"es_ES\" \/>\n<meta property=\"og:type\" content=\"article\" \/>\n<meta property=\"og:title\" content=\"Carteles de Se\u00f1ales de advertencia | Beyond Type 1\" \/>\n<meta property=\"og:description\" content=\"Comparte nuestros\u00a0carteles de Se\u00f1ales de Advertencia de diabetes Tipo 1 para ayudar en la identificaci\u00f3n temprana de la Cetoacidosis Diab\u00e9tica.\" \/>\n<meta property=\"og:url\" content=\"https:\/\/beyondtype1.org\/es\/carteles-de-senales-de-advertencia\/\" \/>\n<meta property=\"og:site_name\" content=\"Beyond Type 1\" \/>\n<meta property=\"article:publisher\" content=\"https:\/\/www.facebook.com\/beyondtype1\" \/>\n<meta property=\"article:modified_time\" content=\"2024-12-04T20:31:28+00:00\" \/>\n<meta name=\"twitter:card\" content=\"summary_large_image\" \/>\n<meta name=\"twitter:site\" content=\"@BeyondType1\" \/>\n<meta name=\"twitter:label1\" content=\"Tiempo de lectura\" \/>\n\t<meta name=\"twitter:data1\" content=\"1 minuto\" \/>\n<script type=\"application\/ld+json\" class=\"yoast-schema-graph\">{\"@context\":\"https:\/\/schema.org\",\"@graph\":[{\"@type\":\"WebPage\",\"@id\":\"https:\/\/beyondtype1.org\/es\/carteles-de-senales-de-advertencia\/\",\"url\":\"https:\/\/beyondtype1.org\/es\/carteles-de-senales-de-advertencia\/\",\"name\":\"Carteles de Se\u00f1ales de advertencia | Beyond Type 1\",\"isPartOf\":{\"@id\":\"https:\/\/beyondtype1.org\/es\/#website\"},\"datePublished\":\"2018-04-16T14:31:58+00:00\",\"dateModified\":\"2024-12-04T20:31:28+00:00\",\"description\":\"Comparte nuestros\u00a0carteles de Se\u00f1ales de Advertencia de diabetes Tipo 1 para ayudar en la identificaci\u00f3n temprana de la Cetoacidosis Diab\u00e9tica.\",\"breadcrumb\":{\"@id\":\"https:\/\/beyondtype1.org\/es\/carteles-de-senales-de-advertencia\/#breadcrumb\"},\"inLanguage\":\"es\",\"potentialAction\":[{\"@type\":\"ReadAction\",\"target\":[\"https:\/\/beyondtype1.org\/es\/carteles-de-senales-de-advertencia\/\"]}]},{\"@type\":\"BreadcrumbList\",\"@id\":\"https:\/\/beyondtype1.org\/es\/carteles-de-senales-de-advertencia\/#breadcrumb\",\"itemListElement\":[{\"@type\":\"ListItem\",\"position\":1,\"name\":\"Home\",\"item\":\"https:\/\/beyondtype1.org\/es\/\"},{\"@type\":\"ListItem\",\"position\":2,\"name\":\"Carteles de Se\u00f1ales de advertencia\"}]},{\"@type\":\"WebSite\",\"@id\":\"https:\/\/beyondtype1.org\/es\/#website\",\"url\":\"https:\/\/beyondtype1.org\/es\/\",\"name\":\"Beyond Type 1\",\"description\":\"Beyond Type 1 is the largest diabetes org online, funding advocacy, education and cure research.\",\"publisher\":{\"@id\":\"https:\/\/beyondtype1.org\/es\/#organization\"},\"potentialAction\":[{\"@type\":\"SearchAction\",\"target\":{\"@type\":\"EntryPoint\",\"urlTemplate\":\"https:\/\/beyondtype1.org\/es\/?s={search_term_string}\"},\"query-input\":{\"@type\":\"PropertyValueSpecification\",\"valueRequired\":true,\"valueName\":\"search_term_string\"}}],\"inLanguage\":\"es\"},{\"@type\":\"Organization\",\"@id\":\"https:\/\/beyondtype1.org\/es\/#organization\",\"name\":\"Beyond Type 1\",\"url\":\"https:\/\/beyondtype1.org\/es\/\",\"logo\":{\"@type\":\"ImageObject\",\"inLanguage\":\"es\",\"@id\":\"https:\/\/beyondtype1.org\/es\/#\/schema\/logo\/image\/\",\"url\":\"https:\/\/beyondtype1.org\/wp-content\/uploads\/2025\/08\/header-logo.svg\",\"contentUrl\":\"https:\/\/beyondtype1.org\/wp-content\/uploads\/2025\/08\/header-logo.svg\",\"width\":56,\"height\":56,\"caption\":\"Beyond Type 1\"},\"image\":{\"@id\":\"https:\/\/beyondtype1.org\/es\/#\/schema\/logo\/image\/\"},\"sameAs\":[\"https:\/\/www.facebook.com\/beyondtype1\",\"https:\/\/x.com\/BeyondType1\",\"http:\/\/instagram.com\/BeyondType1\/\",\"https:\/\/www.youtube.com\/c\/BeyondType1\",\"https:\/\/www.tiktok.com\/@beyondtype1\",\"https:\/\/www.linkedin.com\/company\/beyond-type1\/\"]}]}<\/script>\n<!-- \/ Yoast SEO plugin. -->","yoast_head_json":{"title":"Carteles de Se\u00f1ales de advertencia | Beyond Type 1","description":"Comparte nuestros\u00a0carteles de Se\u00f1ales de Advertencia de diabetes Tipo 1 para ayudar en la identificaci\u00f3n temprana de la Cetoacidosis Diab\u00e9tica.","robots":{"index":"index","follow":"follow","max-snippet":"max-snippet:-1","max-image-preview":"max-image-preview:large","max-video-preview":"max-video-preview:-1"},"canonical":"https:\/\/beyondtype1.org\/es\/carteles-de-senales-de-advertencia\/","og_locale":"es_ES","og_type":"article","og_title":"Carteles de Se\u00f1ales de advertencia | Beyond Type 1","og_description":"Comparte nuestros\u00a0carteles de Se\u00f1ales de Advertencia de diabetes Tipo 1 para ayudar en la identificaci\u00f3n temprana de la Cetoacidosis Diab\u00e9tica.","og_url":"https:\/\/beyondtype1.org\/es\/carteles-de-senales-de-advertencia\/","og_site_name":"Beyond Type 1","article_publisher":"https:\/\/www.facebook.com\/beyondtype1","article_modified_time":"2024-12-04T20:31:28+00:00","twitter_card":"summary_large_image","twitter_site":"@BeyondType1","twitter_misc":{"Tiempo de lectura":"1 minuto"},"schema":{"@context":"https:\/\/schema.org","@graph":[{"@type":"WebPage","@id":"https:\/\/beyondtype1.org\/es\/carteles-de-senales-de-advertencia\/","url":"https:\/\/beyondtype1.org\/es\/carteles-de-senales-de-advertencia\/","name":"Carteles de Se\u00f1ales de advertencia | Beyond Type 1","isPartOf":{"@id":"https:\/\/beyondtype1.org\/es\/#website"},"datePublished":"2018-04-16T14:31:58+00:00","dateModified":"2024-12-04T20:31:28+00:00","description":"Comparte nuestros\u00a0carteles de Se\u00f1ales de Advertencia de diabetes Tipo 1 para ayudar en la identificaci\u00f3n temprana de la Cetoacidosis Diab\u00e9tica.","breadcrumb":{"@id":"https:\/\/beyondtype1.org\/es\/carteles-de-senales-de-advertencia\/#breadcrumb"},"inLanguage":"es","potentialAction":[{"@type":"ReadAction","target":["https:\/\/beyondtype1.org\/es\/carteles-de-senales-de-advertencia\/"]}]},{"@type":"BreadcrumbList","@id":"https:\/\/beyondtype1.org\/es\/carteles-de-senales-de-advertencia\/#breadcrumb","itemListElement":[{"@type":"ListItem","position":1,"name":"Home","item":"https:\/\/beyondtype1.org\/es\/"},{"@type":"ListItem","position":2,"name":"Carteles de Se\u00f1ales de advertencia"}]},{"@type":"WebSite","@id":"https:\/\/beyondtype1.org\/es\/#website","url":"https:\/\/beyondtype1.org\/es\/","name":"Beyond Type 1","description":"Beyond Type 1 is the largest diabetes org online, funding advocacy, education and cure research.","publisher":{"@id":"https:\/\/beyondtype1.org\/es\/#organization"},"potentialAction":[{"@type":"SearchAction","target":{"@type":"EntryPoint","urlTemplate":"https:\/\/beyondtype1.org\/es\/?s={search_term_string}"},"query-input":{"@type":"PropertyValueSpecification","valueRequired":true,"valueName":"search_term_string"}}],"inLanguage":"es"},{"@type":"Organization","@id":"https:\/\/beyondtype1.org\/es\/#organization","name":"Beyond Type 1","url":"https:\/\/beyondtype1.org\/es\/","logo":{"@type":"ImageObject","inLanguage":"es","@id":"https:\/\/beyondtype1.org\/es\/#\/schema\/logo\/image\/","url":"https:\/\/beyondtype1.org\/wp-content\/uploads\/2025\/08\/header-logo.svg","contentUrl":"https:\/\/beyondtype1.org\/wp-content\/uploads\/2025\/08\/header-logo.svg","width":56,"height":56,"caption":"Beyond Type 1"},"image":{"@id":"https:\/\/beyondtype1.org\/es\/#\/schema\/logo\/image\/"},"sameAs":["https:\/\/www.facebook.com\/beyondtype1","https:\/\/x.com\/BeyondType1","http:\/\/instagram.com\/BeyondType1\/","https:\/\/www.youtube.com\/c\/BeyondType1","https:\/\/www.tiktok.com\/@beyondtype1","https:\/\/www.linkedin.com\/company\/beyond-type1\/"]}]}},"_links":{"self":[{"href":"https:\/\/beyondtype1.org\/es\/wp-json\/wp\/v2\/pages\/33812","targetHints":{"allow":["GET"]}}],"collection":[{"href":"https:\/\/beyondtype1.org\/es\/wp-json\/wp\/v2\/pages"}],"about":[{"href":"https:\/\/beyondtype1.org\/es\/wp-json\/wp\/v2\/types\/page"}],"author":[{"embeddable":true,"href":"https:\/\/beyondtype1.org\/es\/wp-json\/wp\/v2\/users\/5"}],"replies":[{"embeddable":true,"href":"https:\/\/beyondtype1.org\/es\/wp-json\/wp\/v2\/comments?post=33812"}],"version-history":[{"count":0,"href":"https:\/\/beyondtype1.org\/es\/wp-json\/wp\/v2\/pages\/33812\/revisions"}],"wp:attachment":[{"href":"https:\/\/beyondtype1.org\/es\/wp-json\/wp\/v2\/media?parent=33812"}],"curies":[{"name":"wp","href":"https:\/\/api.w.org\/{rel}","templated":true}]}}