{"id":34120,"date":"2018-03-07T14:59:46","date_gmt":"2018-03-07T14:59:46","guid":{"rendered":"https:\/\/beyondtype2.org\/vivir-con-diabetes-tipo-1\/todo-sobre-seguros-y-diabetes-tipo-1\/"},"modified":"2024-12-10T19:34:27","modified_gmt":"2024-12-10T19:34:27","slug":"todo-sobre-seguros-y-diabetes-tipo-1","status":"publish","type":"page","link":"https:\/\/beyondtype1.org\/es\/todo-sobre-seguros-y-diabetes-tipo-1\/","title":{"rendered":"Todo sobre seguros y diabetes tipo 1"},"content":{"rendered":"<p>Navegar por el seguro m&eacute;dico puede ser dif&iacute;cil, y navegar por el seguro m&eacute;dico mientras se controla la diabetes tipo 1 puede ser a&uacute;n m&aacute;s dif&iacute;cil. En esta p&aacute;gina, encontrar&aacute; diversos recursos, noticias e historias personales que le ayudar&aacute;n a comprender y utilizar el seguro m&eacute;dico mientras vive con diabetes tipo 1.<\/p>\n<p><em><strong>Nota del editor:<\/strong> Esta p&aacute;gina se actualiza continuamente para brindar la informaci&oacute;n y los conocimientos m&aacute;s recientes sobre el seguro de salud y la diabetes tipo 1.<\/em><\/p>\n\n","protected":false},"excerpt":{"rendered":"<p>Navegar por el seguro m&eacute;dico puede ser dif&iacute;cil, y navegar por el seguro m&eacute;dico mientras se controla la diabetes tipo 1 puede ser a&uacute;n m&aacute;s dif&iacute;cil. En esta p&aacute;gina, encontrar&aacute; diversos recursos, noticias e historias personales que le ayudar&aacute;n a comprender y utilizar el seguro m&eacute;dico mientras vive con diabetes tipo 1. Nota del editor: [&hellip;]<\/p>\n","protected":false},"author":5,"featured_media":34751,"parent":0,"menu_order":0,"comment_status":"closed","ping_status":"closed","template":"page_templates\/section.php","meta":{"_acf_changed":false,"footnotes":""},"class_list":{"0":"post-34120","1":"page","2":"type-page","3":"status-publish","4":"has-post-thumbnail","5":"hentry","6":"content-categories-educacion","8":"topics-cuidado-de-la-salud","10":"diabetes-types-tipo-1"},"acf":[],"yoast_head":"<!-- This site is optimized with the Yoast SEO plugin v27.0 - https:\/\/yoast.com\/product\/yoast-seo-wordpress\/ -->\n<title>Todo sobre seguros y diabetes tipo 1 | Beyond Type 1<\/title>\n<meta name=\"description\" content=\"En esta p\u00e1gina encontrar\u00e1s una variedad de recursos e historias que te ayudar\u00e1n a navegar el seguro de salud como persona que vive con diabetes tipo 1.\" \/>\n<meta name=\"robots\" content=\"index, follow, max-snippet:-1, max-image-preview:large, max-video-preview:-1\" \/>\n<link rel=\"canonical\" href=\"https:\/\/beyondtype1.org\/es\/todo-sobre-seguros-y-diabetes-tipo-1\/\" \/>\n<meta property=\"og:locale\" content=\"es_ES\" \/>\n<meta property=\"og:type\" content=\"article\" \/>\n<meta property=\"og:title\" content=\"Todo sobre seguros y diabetes tipo 1 | Beyond Type 1\" \/>\n<meta property=\"og:description\" content=\"En esta p\u00e1gina encontrar\u00e1s una variedad de recursos e historias que te ayudar\u00e1n a navegar el seguro de salud como persona que vive con diabetes tipo 1.\" \/>\n<meta property=\"og:url\" content=\"https:\/\/beyondtype1.org\/es\/todo-sobre-seguros-y-diabetes-tipo-1\/\" \/>\n<meta property=\"og:site_name\" content=\"Beyond Type 1\" \/>\n<meta property=\"article:publisher\" content=\"https:\/\/www.facebook.com\/beyondtype1\" \/>\n<meta property=\"article:modified_time\" content=\"2024-12-10T19:34:27+00:00\" \/>\n<meta property=\"og:image\" content=\"https:\/\/beyondtype1.org\/wp-content\/uploads\/2024\/12\/BT1-HEADER-2021_0003_ALL-ABOUT-INSURANCE-AND-TYPE-1-DIABETES-1.jpg\" \/>\n\t<meta property=\"og:image:width\" content=\"2048\" \/>\n\t<meta property=\"og:image:height\" content=\"733\" \/>\n\t<meta property=\"og:image:type\" content=\"image\/jpeg\" \/>\n<meta name=\"twitter:card\" content=\"summary_large_image\" \/>\n<meta name=\"twitter:site\" content=\"@BeyondType1\" \/>\n<meta name=\"twitter:label1\" content=\"Tiempo de lectura\" \/>\n\t<meta name=\"twitter:data1\" content=\"1 minuto\" \/>\n<script type=\"application\/ld+json\" class=\"yoast-schema-graph\">{\"@context\":\"https:\/\/schema.org\",\"@graph\":[{\"@type\":\"WebPage\",\"@id\":\"https:\/\/beyondtype1.org\/es\/todo-sobre-seguros-y-diabetes-tipo-1\/\",\"url\":\"https:\/\/beyondtype1.org\/es\/todo-sobre-seguros-y-diabetes-tipo-1\/\",\"name\":\"Todo sobre seguros y diabetes tipo 1 | Beyond Type 1\",\"isPartOf\":{\"@id\":\"https:\/\/beyondtype1.org\/es\/#website\"},\"primaryImageOfPage\":{\"@id\":\"https:\/\/beyondtype1.org\/es\/todo-sobre-seguros-y-diabetes-tipo-1\/#primaryimage\"},\"image\":{\"@id\":\"https:\/\/beyondtype1.org\/es\/todo-sobre-seguros-y-diabetes-tipo-1\/#primaryimage\"},\"thumbnailUrl\":\"https:\/\/beyondtype1.org\/wp-content\/uploads\/2024\/12\/BT1-HEADER-2021_0003_ALL-ABOUT-INSURANCE-AND-TYPE-1-DIABETES-1.jpg\",\"datePublished\":\"2018-03-07T14:59:46+00:00\",\"dateModified\":\"2024-12-10T19:34:27+00:00\",\"description\":\"En esta p\u00e1gina encontrar\u00e1s una variedad de recursos e historias que te ayudar\u00e1n a navegar el seguro de salud como persona que vive con diabetes tipo 1.\",\"breadcrumb\":{\"@id\":\"https:\/\/beyondtype1.org\/es\/todo-sobre-seguros-y-diabetes-tipo-1\/#breadcrumb\"},\"inLanguage\":\"es\",\"potentialAction\":[{\"@type\":\"ReadAction\",\"target\":[\"https:\/\/beyondtype1.org\/es\/todo-sobre-seguros-y-diabetes-tipo-1\/\"]}]},{\"@type\":\"ImageObject\",\"inLanguage\":\"es\",\"@id\":\"https:\/\/beyondtype1.org\/es\/todo-sobre-seguros-y-diabetes-tipo-1\/#primaryimage\",\"url\":\"https:\/\/beyondtype1.org\/wp-content\/uploads\/2024\/12\/BT1-HEADER-2021_0003_ALL-ABOUT-INSURANCE-AND-TYPE-1-DIABETES-1.jpg\",\"contentUrl\":\"https:\/\/beyondtype1.org\/wp-content\/uploads\/2024\/12\/BT1-HEADER-2021_0003_ALL-ABOUT-INSURANCE-AND-TYPE-1-DIABETES-1.jpg\",\"width\":2048,\"height\":733},{\"@type\":\"BreadcrumbList\",\"@id\":\"https:\/\/beyondtype1.org\/es\/todo-sobre-seguros-y-diabetes-tipo-1\/#breadcrumb\",\"itemListElement\":[{\"@type\":\"ListItem\",\"position\":1,\"name\":\"Home\",\"item\":\"https:\/\/beyondtype1.org\/es\/\"},{\"@type\":\"ListItem\",\"position\":2,\"name\":\"Todo sobre seguros y diabetes tipo 1\"}]},{\"@type\":\"WebSite\",\"@id\":\"https:\/\/beyondtype1.org\/es\/#website\",\"url\":\"https:\/\/beyondtype1.org\/es\/\",\"name\":\"Beyond Type 1\",\"description\":\"Beyond Type 1 is the largest diabetes org online, funding advocacy, education and cure research.\",\"publisher\":{\"@id\":\"https:\/\/beyondtype1.org\/es\/#organization\"},\"potentialAction\":[{\"@type\":\"SearchAction\",\"target\":{\"@type\":\"EntryPoint\",\"urlTemplate\":\"https:\/\/beyondtype1.org\/es\/?s={search_term_string}\"},\"query-input\":{\"@type\":\"PropertyValueSpecification\",\"valueRequired\":true,\"valueName\":\"search_term_string\"}}],\"inLanguage\":\"es\"},{\"@type\":\"Organization\",\"@id\":\"https:\/\/beyondtype1.org\/es\/#organization\",\"name\":\"Beyond Type 1\",\"url\":\"https:\/\/beyondtype1.org\/es\/\",\"logo\":{\"@type\":\"ImageObject\",\"inLanguage\":\"es\",\"@id\":\"https:\/\/beyondtype1.org\/es\/#\/schema\/logo\/image\/\",\"url\":\"https:\/\/beyondtype1.org\/wp-content\/uploads\/2025\/08\/header-logo.svg\",\"contentUrl\":\"https:\/\/beyondtype1.org\/wp-content\/uploads\/2025\/08\/header-logo.svg\",\"width\":56,\"height\":56,\"caption\":\"Beyond Type 1\"},\"image\":{\"@id\":\"https:\/\/beyondtype1.org\/es\/#\/schema\/logo\/image\/\"},\"sameAs\":[\"https:\/\/www.facebook.com\/beyondtype1\",\"https:\/\/x.com\/BeyondType1\",\"http:\/\/instagram.com\/BeyondType1\/\",\"https:\/\/www.youtube.com\/c\/BeyondType1\",\"https:\/\/www.tiktok.com\/@beyondtype1\",\"https:\/\/www.linkedin.com\/company\/beyond-type1\/\"]}]}<\/script>\n<!-- \/ Yoast SEO plugin. -->","yoast_head_json":{"title":"Todo sobre seguros y diabetes tipo 1 | Beyond Type 1","description":"En esta p\u00e1gina encontrar\u00e1s una variedad de recursos e historias que te ayudar\u00e1n a navegar el seguro de salud como persona que vive con diabetes tipo 1.","robots":{"index":"index","follow":"follow","max-snippet":"max-snippet:-1","max-image-preview":"max-image-preview:large","max-video-preview":"max-video-preview:-1"},"canonical":"https:\/\/beyondtype1.org\/es\/todo-sobre-seguros-y-diabetes-tipo-1\/","og_locale":"es_ES","og_type":"article","og_title":"Todo sobre seguros y diabetes tipo 1 | Beyond Type 1","og_description":"En esta p\u00e1gina encontrar\u00e1s una variedad de recursos e historias que te ayudar\u00e1n a navegar el seguro de salud como persona que vive con diabetes tipo 1.","og_url":"https:\/\/beyondtype1.org\/es\/todo-sobre-seguros-y-diabetes-tipo-1\/","og_site_name":"Beyond Type 1","article_publisher":"https:\/\/www.facebook.com\/beyondtype1","article_modified_time":"2024-12-10T19:34:27+00:00","og_image":[{"width":2048,"height":733,"url":"https:\/\/beyondtype1.org\/wp-content\/uploads\/2024\/12\/BT1-HEADER-2021_0003_ALL-ABOUT-INSURANCE-AND-TYPE-1-DIABETES-1.jpg","type":"image\/jpeg"}],"twitter_card":"summary_large_image","twitter_site":"@BeyondType1","twitter_misc":{"Tiempo de lectura":"1 minuto"},"schema":{"@context":"https:\/\/schema.org","@graph":[{"@type":"WebPage","@id":"https:\/\/beyondtype1.org\/es\/todo-sobre-seguros-y-diabetes-tipo-1\/","url":"https:\/\/beyondtype1.org\/es\/todo-sobre-seguros-y-diabetes-tipo-1\/","name":"Todo sobre seguros y diabetes tipo 1 | Beyond Type 1","isPartOf":{"@id":"https:\/\/beyondtype1.org\/es\/#website"},"primaryImageOfPage":{"@id":"https:\/\/beyondtype1.org\/es\/todo-sobre-seguros-y-diabetes-tipo-1\/#primaryimage"},"image":{"@id":"https:\/\/beyondtype1.org\/es\/todo-sobre-seguros-y-diabetes-tipo-1\/#primaryimage"},"thumbnailUrl":"https:\/\/beyondtype1.org\/wp-content\/uploads\/2024\/12\/BT1-HEADER-2021_0003_ALL-ABOUT-INSURANCE-AND-TYPE-1-DIABETES-1.jpg","datePublished":"2018-03-07T14:59:46+00:00","dateModified":"2024-12-10T19:34:27+00:00","description":"En esta p\u00e1gina encontrar\u00e1s una variedad de recursos e historias que te ayudar\u00e1n a navegar el seguro de salud como persona que vive con diabetes tipo 1.","breadcrumb":{"@id":"https:\/\/beyondtype1.org\/es\/todo-sobre-seguros-y-diabetes-tipo-1\/#breadcrumb"},"inLanguage":"es","potentialAction":[{"@type":"ReadAction","target":["https:\/\/beyondtype1.org\/es\/todo-sobre-seguros-y-diabetes-tipo-1\/"]}]},{"@type":"ImageObject","inLanguage":"es","@id":"https:\/\/beyondtype1.org\/es\/todo-sobre-seguros-y-diabetes-tipo-1\/#primaryimage","url":"https:\/\/beyondtype1.org\/wp-content\/uploads\/2024\/12\/BT1-HEADER-2021_0003_ALL-ABOUT-INSURANCE-AND-TYPE-1-DIABETES-1.jpg","contentUrl":"https:\/\/beyondtype1.org\/wp-content\/uploads\/2024\/12\/BT1-HEADER-2021_0003_ALL-ABOUT-INSURANCE-AND-TYPE-1-DIABETES-1.jpg","width":2048,"height":733},{"@type":"BreadcrumbList","@id":"https:\/\/beyondtype1.org\/es\/todo-sobre-seguros-y-diabetes-tipo-1\/#breadcrumb","itemListElement":[{"@type":"ListItem","position":1,"name":"Home","item":"https:\/\/beyondtype1.org\/es\/"},{"@type":"ListItem","position":2,"name":"Todo sobre seguros y diabetes tipo 1"}]},{"@type":"WebSite","@id":"https:\/\/beyondtype1.org\/es\/#website","url":"https:\/\/beyondtype1.org\/es\/","name":"Beyond Type 1","description":"Beyond Type 1 is the largest diabetes org online, funding advocacy, education and cure research.","publisher":{"@id":"https:\/\/beyondtype1.org\/es\/#organization"},"potentialAction":[{"@type":"SearchAction","target":{"@type":"EntryPoint","urlTemplate":"https:\/\/beyondtype1.org\/es\/?s={search_term_string}"},"query-input":{"@type":"PropertyValueSpecification","valueRequired":true,"valueName":"search_term_string"}}],"inLanguage":"es"},{"@type":"Organization","@id":"https:\/\/beyondtype1.org\/es\/#organization","name":"Beyond Type 1","url":"https:\/\/beyondtype1.org\/es\/","logo":{"@type":"ImageObject","inLanguage":"es","@id":"https:\/\/beyondtype1.org\/es\/#\/schema\/logo\/image\/","url":"https:\/\/beyondtype1.org\/wp-content\/uploads\/2025\/08\/header-logo.svg","contentUrl":"https:\/\/beyondtype1.org\/wp-content\/uploads\/2025\/08\/header-logo.svg","width":56,"height":56,"caption":"Beyond Type 1"},"image":{"@id":"https:\/\/beyondtype1.org\/es\/#\/schema\/logo\/image\/"},"sameAs":["https:\/\/www.facebook.com\/beyondtype1","https:\/\/x.com\/BeyondType1","http:\/\/instagram.com\/BeyondType1\/","https:\/\/www.youtube.com\/c\/BeyondType1","https:\/\/www.tiktok.com\/@beyondtype1","https:\/\/www.linkedin.com\/company\/beyond-type1\/"]}]}},"_links":{"self":[{"href":"https:\/\/beyondtype1.org\/es\/wp-json\/wp\/v2\/pages\/34120","targetHints":{"allow":["GET"]}}],"collection":[{"href":"https:\/\/beyondtype1.org\/es\/wp-json\/wp\/v2\/pages"}],"about":[{"href":"https:\/\/beyondtype1.org\/es\/wp-json\/wp\/v2\/types\/page"}],"author":[{"embeddable":true,"href":"https:\/\/beyondtype1.org\/es\/wp-json\/wp\/v2\/users\/5"}],"replies":[{"embeddable":true,"href":"https:\/\/beyondtype1.org\/es\/wp-json\/wp\/v2\/comments?post=34120"}],"version-history":[{"count":0,"href":"https:\/\/beyondtype1.org\/es\/wp-json\/wp\/v2\/pages\/34120\/revisions"}],"wp:featuredmedia":[{"embeddable":true,"href":"https:\/\/beyondtype1.org\/es\/wp-json\/wp\/v2\/media\/34751"}],"wp:attachment":[{"href":"https:\/\/beyondtype1.org\/es\/wp-json\/wp\/v2\/media?parent=34120"}],"curies":[{"name":"wp","href":"https:\/\/api.w.org\/{rel}","templated":true}]}}