{"id":34135,"date":"2018-12-17T18:06:40","date_gmt":"2018-12-17T18:06:40","guid":{"rendered":"https:\/\/beyondtype2.org\/vivir-con-diabetes-tipo-2\/embarazo-con-diabetes-tipo-2\/"},"modified":"2024-12-13T22:20:49","modified_gmt":"2024-12-13T22:20:49","slug":"embarazo-con-diabetes-tipo-2","status":"publish","type":"page","link":"https:\/\/beyondtype1.org\/es\/embarazo-con-diabetes-tipo-2\/","title":{"rendered":"Embarazo con diabetes tipo 2"},"content":{"rendered":"<p>Las mujeres con diabetes, tipo 1 o tipo 2, pueden tener un embarazo y un parto tranquilos y seguros. Pero aun as&iacute;, tienen que tomar varias precauciones antes y durante el embarazo. Seg&uacute;n los Centros para el Control y la Prevenci&oacute;n de Enfermedades (CDC), <a href=\"https:\/\/www.cdc.gov\/pregnancy\/diabetes-types.html\" target=\"_blank\" rel=\"noopener noreferrer\">los niveles de glucosa en sangre no controlados pueden causar defectos de nacimiento<\/a>, un beb&eacute; m&aacute;s grande con niveles altos de glucosa en sangre que pueden causar problemas durante el parto y da&ntilde;o a los nervios del beb&eacute;. Adem&aacute;s, las mujeres con un mal manejo de la diabetes tienen un mayor riesgo de sufrir un aborto espont&aacute;neo o muerte fetal. Otros problemas de salud, como la preeclampsia por presi&oacute;n arterial alta, suelen ser m&aacute;s frecuentes en las mujeres con diabetes. La hipoglucemia (niveles bajos de glucosa en sangre) puede ser mortal si no se trata r&aacute;pidamente y afecta tanto a la madre como al ni&ntilde;o. Las mujeres embarazadas con diabetes tambi&eacute;n tienen m&aacute;s probabilidades de tener una ces&aacute;rea.<\/p>\n<h3>Embarazo temprano<\/h3>\n<p>Las primeras semanas del embarazo, incluso antes de que te des cuenta de que est&aacute;s embarazada, son fundamentales para las mujeres con diabetes. Despu&eacute;s de siete semanas, aproximadamente cuando las mujeres descubren que est&aacute;n embarazadas, los &oacute;rganos del beb&eacute; ya est&aacute;n completamente formados. <a href=\"https:\/\/beyondtype1.org\/es\/hiperglucemia-y-como-tratarla\/\">Los niveles altos de glucosa en sangre<\/a> y las cetonas pasan a trav&eacute;s de la placenta y llegan al beb&eacute;, lo que aumenta el riesgo de defectos cong&eacute;nitos. Por lo tanto, si est&aacute;s planeando quedarte embarazada, consulta con tu m&eacute;dico sobre los rangos de glucosa en sangre y presi&oacute;n arterial que debes alcanzar para garantizar un embarazo temprano seguro. Haz que tu m&eacute;dico eval&uacute;e tu A1C y las probabilidades de sufrir otras <a href=\"https:\/\/beyondtype1.org\/es\/complicaciones\/\">complicaciones relacionadas con la diabetes,<\/a> como da&ntilde;o renal, ocular, nervioso y card&iacute;aco.<\/p>\n<h3>Durante el embarazo<\/h3>\n<p>Durante el embarazo, debe consultar a su m&eacute;dico sobre el uso de medicamentos para la diabetes. En el caso de las personas con diabetes tipo 2 que toman medicamentos orales, <a href=\"https:\/\/diabetes.org\/diabetes\/gestational-diabetes\/prenatal-care\" target=\"_blank\" rel=\"noopener noreferrer\">es posible que su m&eacute;dico le indique que cambie a insulina<\/a> porque a&uacute;n no se ha demostrado que el uso de medicamentos orales sea seguro durante el embarazo. Adem&aacute;s, la Asociaci&oacute;n Estadounidense de Diabetes afirma que la eficacia de los medicamentos orales disminuye debido a la mayor resistencia a la insulina durante el embarazo. Tampoco recomiendan el uso de medicamentos orales debido a los distintos grados en que el medicamento podr&iacute;a transmitirse al beb&eacute;.<\/p>\n<h3>Alimentaci&oacute;n y ejercicio<\/h3>\n<p>T&uacute; y tu m&eacute;dico o nutricionista tambi&eacute;n deber&aacute;n desarrollar un plan de alimentaci&oacute;n seguro para ti y tu beb&eacute;. Por supuesto, est&aacute;s comiendo por dos y necesitar&aacute;s aumentar tu ingesta cal&oacute;rica diaria para ganar peso durante el embarazo, pero aseg&uacute;rate de que tu dieta se componga de verduras, frutas, carnes magras, productos l&aacute;cteos, aves, pescado, cereales integrales y legumbres. Habla con tu nutricionista, educador en diabetes y m&eacute;dico sobre cu&aacute;nto peso deber&iacute;as ganar durante el embarazo y qu&eacute; cantidad de cada grupo de alimentos deber&iacute;as comer por d&iacute;a para manejar tu nivel de gluclosa en sangre y presi&oacute;n arterial. Trabaja con ellos tambi&eacute;n para determinar un r&eacute;gimen de ejercicios manejable.<\/p>\n<h3>Trabajo y posparto<\/h3>\n<p>Cuando llegue el momento de dar la bienvenida al mundo a tu nuevo beb&eacute;, tu equipo de atenci&oacute;n m&eacute;dica manejar&aacute; de cerca sus niveles de glucosa en sangre para asegurarse de que tengas un parto seguro. En ese momento, pide a tus m&eacute;dicos que vuelvan a evaluar tu salud para determinar el momento m&aacute;s seguro para el parto o cu&aacute;les deber&iacute;an ser tus niveles de glucosa en sangre objetivo cuando ocurra el parto. Despu&eacute;s del parto, es posible que experimentes algunos cambios bruscos de glucosa en sangre o que tenga un mejor manejo de la misma. No te preocupes: mide tu nivel de glucosa en sangre con frecuencia y habla con tu m&eacute;dico sobre la posibilidad de reanudar o ajustar tus medicamentos para la diabetes. Aseg&uacute;rate de analizar los efectos que tus medicamentos podr&iacute;an tener sobre la lactancia materna y el paso de la medicaci&oacute;n a tu beb&eacute;.<\/p>\n<h3>La lactancia materna y la p&eacute;rdida de peso<\/h3>\n<p>Si est&aacute;s amamantando, contin&uacute;a manejando de cerca tu nivel de glucosa en sangre, ya que puede causar fluctuaciones, incluida una posible hipoglucemia. Por lo tanto, ten a mano un refrigerio. La lactancia materna tambi&eacute;n puede ayudarla a perder el peso del embarazo. Pero, como siempre, debes intentar alcanzar el peso m&aacute;s saludable para tu cuerpo. Trabaja con tu educador en diabetes y tu nutricionista para desarrollar un plan alimenticio para una lactancia materna segura. <a href=\"http:\/\/americanpregnancy.org\/pregnancy-complications\/diabetes-during-pregnancy\/\" target=\"_blank\" rel=\"noopener noreferrer\">La lactancia materna tambi&eacute;n puede reducir el riesgo de diabetes en tu beb&eacute;.<\/a><\/p>\n<h3>Lista r&aacute;pida de verificaci&oacute;n de salud durante el embarazo<\/h3>\n<p>En tu pr&oacute;xima visita al m&eacute;dico, habla sobre lo siguiente:<\/p>\n<ul>\n<li>Niveles objetivo de glucosa en sangre y presi&oacute;n arterial<\/li>\n<li>Riesgos de desarrollar problemas en los nervios, ojos, ri&ntilde;ones y pies<\/li>\n<li>Riesgos de desarrollar enfermedades card&iacute;acas<\/li>\n<li>Riesgos de defectos de nacimiento<\/li>\n<li>Dieta ideal y r&eacute;gimen de ejercicio<\/li>\n<li>&iquest;Cu&aacute;nto peso debes ganar?<\/li>\n<li>Planifique un parto sin problemas<\/li>\n<li>Si debe ajustar sus medicamentos para la diabetes o si debe tomarlos en absoluto<\/li>\n<li>C&oacute;mo afectar&aacute; cualquier medicamento al desarrollo de su hijo<\/li>\n<\/ul>\n\n","protected":false},"excerpt":{"rendered":"<p>Las mujeres con diabetes, tipo 1 o tipo 2, pueden tener un embarazo y un parto tranquilos y seguros. Pero aun as&iacute;, tienen que tomar varias precauciones antes y durante el embarazo. Seg&uacute;n los Centros para el Control y la Prevenci&oacute;n de Enfermedades (CDC), los niveles de glucosa en sangre no controlados pueden causar defectos [&hellip;]<\/p>\n","protected":false},"author":5,"featured_media":12144,"parent":0,"menu_order":0,"comment_status":"closed","ping_status":"closed","template":"page_templates\/section.php","meta":{"_acf_changed":false,"footnotes":""},"class_list":["post-34135","page","type-page","status-publish","has-post-thumbnail","hentry","content-categories-educacion","topics-cuidado-de-la-salud","diabetes-types-tipo-2","tags-embarazo","tags-embarazostatico2","tags-recurso","tags-recurso-imperecedero-para-publico-objetivo"],"acf":[],"yoast_head":"<!-- This site is optimized with the Yoast SEO plugin v27.0 - https:\/\/yoast.com\/product\/yoast-seo-wordpress\/ -->\n<title>Embarazo con diabetes tipo 2 | Beyond Type 1<\/title>\n<meta name=\"description\" content=\"M\u00e1s de 130 millones de mujeres dan a luz cada a\u00f1o y, si bien los riesgos y desaf\u00edos son mayores para las mujeres con diabetes, la realidad es que pueden atravesar con \u00e9xito las fases anteriores y posteriores al embarazo. En Beyond Type 2, encontrar\u00e1s recursos para cada etapa de su embarazo y los riesgos que puede enfrentar en el camino.\" \/>\n<meta name=\"robots\" content=\"index, follow, max-snippet:-1, max-image-preview:large, max-video-preview:-1\" \/>\n<link rel=\"canonical\" href=\"https:\/\/beyondtype1.org\/es\/embarazo-con-diabetes-tipo-2\/\" \/>\n<meta property=\"og:locale\" content=\"es_ES\" \/>\n<meta property=\"og:type\" content=\"article\" \/>\n<meta property=\"og:title\" content=\"Embarazo con diabetes tipo 2 | Beyond Type 1\" \/>\n<meta property=\"og:description\" content=\"M\u00e1s de 130 millones de mujeres dan a luz cada a\u00f1o y, si bien los riesgos y desaf\u00edos son mayores para las mujeres con diabetes, la realidad es que pueden atravesar con \u00e9xito las fases anteriores y posteriores al embarazo. En Beyond Type 2, encontrar\u00e1s recursos para cada etapa de su embarazo y los riesgos que puede enfrentar en el camino.\" \/>\n<meta property=\"og:url\" content=\"https:\/\/beyondtype1.org\/es\/embarazo-con-diabetes-tipo-2\/\" \/>\n<meta property=\"og:site_name\" content=\"Beyond Type 1\" \/>\n<meta property=\"article:publisher\" content=\"https:\/\/www.facebook.com\/beyondtype1\" \/>\n<meta property=\"article:modified_time\" content=\"2024-12-13T22:20:49+00:00\" \/>\n<meta property=\"og:image\" content=\"https:\/\/beyondtype1.org\/wp-content\/uploads\/2024\/11\/BT2-THUMB-PREGNANCY-T2.png\" \/>\n\t<meta property=\"og:image:width\" content=\"504\" \/>\n\t<meta property=\"og:image:height\" content=\"504\" \/>\n\t<meta property=\"og:image:type\" content=\"image\/png\" \/>\n<meta name=\"twitter:card\" content=\"summary_large_image\" \/>\n<meta name=\"twitter:site\" content=\"@BeyondType1\" \/>\n<meta name=\"twitter:label1\" content=\"Tiempo de lectura\" \/>\n\t<meta name=\"twitter:data1\" content=\"4 minutos\" \/>\n<script type=\"application\/ld+json\" class=\"yoast-schema-graph\">{\"@context\":\"https:\/\/schema.org\",\"@graph\":[{\"@type\":\"WebPage\",\"@id\":\"https:\/\/beyondtype1.org\/es\/embarazo-con-diabetes-tipo-2\/\",\"url\":\"https:\/\/beyondtype1.org\/es\/embarazo-con-diabetes-tipo-2\/\",\"name\":\"Embarazo con diabetes tipo 2 | Beyond Type 1\",\"isPartOf\":{\"@id\":\"https:\/\/beyondtype1.org\/es\/#website\"},\"primaryImageOfPage\":{\"@id\":\"https:\/\/beyondtype1.org\/es\/embarazo-con-diabetes-tipo-2\/#primaryimage\"},\"image\":{\"@id\":\"https:\/\/beyondtype1.org\/es\/embarazo-con-diabetes-tipo-2\/#primaryimage\"},\"thumbnailUrl\":\"https:\/\/beyondtype1.org\/wp-content\/uploads\/2024\/11\/BT2-THUMB-PREGNANCY-T2.png\",\"datePublished\":\"2018-12-17T18:06:40+00:00\",\"dateModified\":\"2024-12-13T22:20:49+00:00\",\"description\":\"M\u00e1s de 130 millones de mujeres dan a luz cada a\u00f1o y, si bien los riesgos y desaf\u00edos son mayores para las mujeres con diabetes, la realidad es que pueden atravesar con \u00e9xito las fases anteriores y posteriores al embarazo. En Beyond Type 2, encontrar\u00e1s recursos para cada etapa de su embarazo y los riesgos que puede enfrentar en el camino.\",\"breadcrumb\":{\"@id\":\"https:\/\/beyondtype1.org\/es\/embarazo-con-diabetes-tipo-2\/#breadcrumb\"},\"inLanguage\":\"es\",\"potentialAction\":[{\"@type\":\"ReadAction\",\"target\":[\"https:\/\/beyondtype1.org\/es\/embarazo-con-diabetes-tipo-2\/\"]}]},{\"@type\":\"ImageObject\",\"inLanguage\":\"es\",\"@id\":\"https:\/\/beyondtype1.org\/es\/embarazo-con-diabetes-tipo-2\/#primaryimage\",\"url\":\"https:\/\/beyondtype1.org\/wp-content\/uploads\/2024\/11\/BT2-THUMB-PREGNANCY-T2.png\",\"contentUrl\":\"https:\/\/beyondtype1.org\/wp-content\/uploads\/2024\/11\/BT2-THUMB-PREGNANCY-T2.png\",\"width\":504,\"height\":504},{\"@type\":\"BreadcrumbList\",\"@id\":\"https:\/\/beyondtype1.org\/es\/embarazo-con-diabetes-tipo-2\/#breadcrumb\",\"itemListElement\":[{\"@type\":\"ListItem\",\"position\":1,\"name\":\"Home\",\"item\":\"https:\/\/beyondtype1.org\/es\/\"},{\"@type\":\"ListItem\",\"position\":2,\"name\":\"Embarazo con diabetes tipo 2\"}]},{\"@type\":\"WebSite\",\"@id\":\"https:\/\/beyondtype1.org\/es\/#website\",\"url\":\"https:\/\/beyondtype1.org\/es\/\",\"name\":\"Beyond Type 1\",\"description\":\"Beyond Type 1 is the largest diabetes org online, funding advocacy, education and cure research.\",\"publisher\":{\"@id\":\"https:\/\/beyondtype1.org\/es\/#organization\"},\"potentialAction\":[{\"@type\":\"SearchAction\",\"target\":{\"@type\":\"EntryPoint\",\"urlTemplate\":\"https:\/\/beyondtype1.org\/es\/?s={search_term_string}\"},\"query-input\":{\"@type\":\"PropertyValueSpecification\",\"valueRequired\":true,\"valueName\":\"search_term_string\"}}],\"inLanguage\":\"es\"},{\"@type\":\"Organization\",\"@id\":\"https:\/\/beyondtype1.org\/es\/#organization\",\"name\":\"Beyond Type 1\",\"url\":\"https:\/\/beyondtype1.org\/es\/\",\"logo\":{\"@type\":\"ImageObject\",\"inLanguage\":\"es\",\"@id\":\"https:\/\/beyondtype1.org\/es\/#\/schema\/logo\/image\/\",\"url\":\"https:\/\/beyondtype1.org\/wp-content\/uploads\/2025\/08\/header-logo.svg\",\"contentUrl\":\"https:\/\/beyondtype1.org\/wp-content\/uploads\/2025\/08\/header-logo.svg\",\"width\":56,\"height\":56,\"caption\":\"Beyond Type 1\"},\"image\":{\"@id\":\"https:\/\/beyondtype1.org\/es\/#\/schema\/logo\/image\/\"},\"sameAs\":[\"https:\/\/www.facebook.com\/beyondtype1\",\"https:\/\/x.com\/BeyondType1\",\"http:\/\/instagram.com\/BeyondType1\/\",\"https:\/\/www.youtube.com\/c\/BeyondType1\",\"https:\/\/www.tiktok.com\/@beyondtype1\",\"https:\/\/www.linkedin.com\/company\/beyond-type1\/\"]}]}<\/script>\n<!-- \/ Yoast SEO plugin. -->","yoast_head_json":{"title":"Embarazo con diabetes tipo 2 | Beyond Type 1","description":"M\u00e1s de 130 millones de mujeres dan a luz cada a\u00f1o y, si bien los riesgos y desaf\u00edos son mayores para las mujeres con diabetes, la realidad es que pueden atravesar con \u00e9xito las fases anteriores y posteriores al embarazo. En Beyond Type 2, encontrar\u00e1s recursos para cada etapa de su embarazo y los riesgos que puede enfrentar en el camino.","robots":{"index":"index","follow":"follow","max-snippet":"max-snippet:-1","max-image-preview":"max-image-preview:large","max-video-preview":"max-video-preview:-1"},"canonical":"https:\/\/beyondtype1.org\/es\/embarazo-con-diabetes-tipo-2\/","og_locale":"es_ES","og_type":"article","og_title":"Embarazo con diabetes tipo 2 | Beyond Type 1","og_description":"M\u00e1s de 130 millones de mujeres dan a luz cada a\u00f1o y, si bien los riesgos y desaf\u00edos son mayores para las mujeres con diabetes, la realidad es que pueden atravesar con \u00e9xito las fases anteriores y posteriores al embarazo. En Beyond Type 2, encontrar\u00e1s recursos para cada etapa de su embarazo y los riesgos que puede enfrentar en el camino.","og_url":"https:\/\/beyondtype1.org\/es\/embarazo-con-diabetes-tipo-2\/","og_site_name":"Beyond Type 1","article_publisher":"https:\/\/www.facebook.com\/beyondtype1","article_modified_time":"2024-12-13T22:20:49+00:00","og_image":[{"width":504,"height":504,"url":"https:\/\/beyondtype1.org\/wp-content\/uploads\/2024\/11\/BT2-THUMB-PREGNANCY-T2.png","type":"image\/png"}],"twitter_card":"summary_large_image","twitter_site":"@BeyondType1","twitter_misc":{"Tiempo de lectura":"4 minutos"},"schema":{"@context":"https:\/\/schema.org","@graph":[{"@type":"WebPage","@id":"https:\/\/beyondtype1.org\/es\/embarazo-con-diabetes-tipo-2\/","url":"https:\/\/beyondtype1.org\/es\/embarazo-con-diabetes-tipo-2\/","name":"Embarazo con diabetes tipo 2 | Beyond Type 1","isPartOf":{"@id":"https:\/\/beyondtype1.org\/es\/#website"},"primaryImageOfPage":{"@id":"https:\/\/beyondtype1.org\/es\/embarazo-con-diabetes-tipo-2\/#primaryimage"},"image":{"@id":"https:\/\/beyondtype1.org\/es\/embarazo-con-diabetes-tipo-2\/#primaryimage"},"thumbnailUrl":"https:\/\/beyondtype1.org\/wp-content\/uploads\/2024\/11\/BT2-THUMB-PREGNANCY-T2.png","datePublished":"2018-12-17T18:06:40+00:00","dateModified":"2024-12-13T22:20:49+00:00","description":"M\u00e1s de 130 millones de mujeres dan a luz cada a\u00f1o y, si bien los riesgos y desaf\u00edos son mayores para las mujeres con diabetes, la realidad es que pueden atravesar con \u00e9xito las fases anteriores y posteriores al embarazo. En Beyond Type 2, encontrar\u00e1s recursos para cada etapa de su embarazo y los riesgos que puede enfrentar en el camino.","breadcrumb":{"@id":"https:\/\/beyondtype1.org\/es\/embarazo-con-diabetes-tipo-2\/#breadcrumb"},"inLanguage":"es","potentialAction":[{"@type":"ReadAction","target":["https:\/\/beyondtype1.org\/es\/embarazo-con-diabetes-tipo-2\/"]}]},{"@type":"ImageObject","inLanguage":"es","@id":"https:\/\/beyondtype1.org\/es\/embarazo-con-diabetes-tipo-2\/#primaryimage","url":"https:\/\/beyondtype1.org\/wp-content\/uploads\/2024\/11\/BT2-THUMB-PREGNANCY-T2.png","contentUrl":"https:\/\/beyondtype1.org\/wp-content\/uploads\/2024\/11\/BT2-THUMB-PREGNANCY-T2.png","width":504,"height":504},{"@type":"BreadcrumbList","@id":"https:\/\/beyondtype1.org\/es\/embarazo-con-diabetes-tipo-2\/#breadcrumb","itemListElement":[{"@type":"ListItem","position":1,"name":"Home","item":"https:\/\/beyondtype1.org\/es\/"},{"@type":"ListItem","position":2,"name":"Embarazo con diabetes tipo 2"}]},{"@type":"WebSite","@id":"https:\/\/beyondtype1.org\/es\/#website","url":"https:\/\/beyondtype1.org\/es\/","name":"Beyond Type 1","description":"Beyond Type 1 is the largest diabetes org online, funding advocacy, education and cure research.","publisher":{"@id":"https:\/\/beyondtype1.org\/es\/#organization"},"potentialAction":[{"@type":"SearchAction","target":{"@type":"EntryPoint","urlTemplate":"https:\/\/beyondtype1.org\/es\/?s={search_term_string}"},"query-input":{"@type":"PropertyValueSpecification","valueRequired":true,"valueName":"search_term_string"}}],"inLanguage":"es"},{"@type":"Organization","@id":"https:\/\/beyondtype1.org\/es\/#organization","name":"Beyond Type 1","url":"https:\/\/beyondtype1.org\/es\/","logo":{"@type":"ImageObject","inLanguage":"es","@id":"https:\/\/beyondtype1.org\/es\/#\/schema\/logo\/image\/","url":"https:\/\/beyondtype1.org\/wp-content\/uploads\/2025\/08\/header-logo.svg","contentUrl":"https:\/\/beyondtype1.org\/wp-content\/uploads\/2025\/08\/header-logo.svg","width":56,"height":56,"caption":"Beyond Type 1"},"image":{"@id":"https:\/\/beyondtype1.org\/es\/#\/schema\/logo\/image\/"},"sameAs":["https:\/\/www.facebook.com\/beyondtype1","https:\/\/x.com\/BeyondType1","http:\/\/instagram.com\/BeyondType1\/","https:\/\/www.youtube.com\/c\/BeyondType1","https:\/\/www.tiktok.com\/@beyondtype1","https:\/\/www.linkedin.com\/company\/beyond-type1\/"]}]}},"_links":{"self":[{"href":"https:\/\/beyondtype1.org\/es\/wp-json\/wp\/v2\/pages\/34135","targetHints":{"allow":["GET"]}}],"collection":[{"href":"https:\/\/beyondtype1.org\/es\/wp-json\/wp\/v2\/pages"}],"about":[{"href":"https:\/\/beyondtype1.org\/es\/wp-json\/wp\/v2\/types\/page"}],"author":[{"embeddable":true,"href":"https:\/\/beyondtype1.org\/es\/wp-json\/wp\/v2\/users\/5"}],"replies":[{"embeddable":true,"href":"https:\/\/beyondtype1.org\/es\/wp-json\/wp\/v2\/comments?post=34135"}],"version-history":[{"count":0,"href":"https:\/\/beyondtype1.org\/es\/wp-json\/wp\/v2\/pages\/34135\/revisions"}],"wp:featuredmedia":[{"embeddable":true,"href":"https:\/\/beyondtype1.org\/es\/wp-json\/wp\/v2\/media\/12144"}],"wp:attachment":[{"href":"https:\/\/beyondtype1.org\/es\/wp-json\/wp\/v2\/media?parent=34135"}],"curies":[{"name":"wp","href":"https:\/\/api.w.org\/{rel}","templated":true}]}}