{"id":34771,"date":"2019-01-04T16:34:39","date_gmt":"2019-01-04T16:34:39","guid":{"rendered":"https:\/\/beyondtype2.org\/?page_id=34771"},"modified":"2024-12-10T19:33:50","modified_gmt":"2024-12-10T19:33:50","slug":"campana-de-instagram-beyondpowerful","status":"publish","type":"page","link":"https:\/\/beyondtype1.org\/es\/campana-de-instagram-beyondpowerful\/","title":{"rendered":"Campa\u00f1a de Instagram #BeyondPowerful"},"content":{"rendered":"<div><\/div>\n<h2><strong>&iquest;C&oacute;mo eres &nbsp;#BeyondPowerful? (m&aacute;s all&aacute; de poderoso, en espa&ntilde;ol)<\/strong><\/h2>\n<p>ALGUNAS INSTRUCCIONES PARA PUBLICAR:<\/p>\n<ul>\n<li>&iexcl;Debes vivir con diabetes Tipo 2!<\/li>\n<li>Una solo foto por persona, por favor. Queremos que t&uacute; seas el centro de atenci&oacute;n. Si tienes una idea para someter una fotograf&iacute;a de un evento en especial por favor env&iacute;ala y la revisaremos.<\/li>\n<li>Env&iacute;a una foto sencilla, no es necesario aplicar photoshop ni filtros.<\/li>\n<li>Toma tu fotograf&iacute;a de preferencia frente a una pared blanca o en exteriores-&nbsp;<strong>necesitamos espacio para escribir sobre tu foto.<\/strong><\/li>\n<li>La imagen debe ser muy clara, al menos con 800 pixeles de alto por 800 pixeles de ancho. Una fotograf&iacute;a de tama&ntilde;o promedio de tel&eacute;fono celular tambi&eacute;n es &uacute;til.<\/li>\n<li>Sonr&iacute;e y muestra tu personalidad. &iexcl;No podemos esperar a ver lo que tienes para mostrarnos!<\/li>\n<\/ul>\n<p>ALGUNOS PUNTOS QUE DEBES TOMAR EN CUENTA<\/p>\n<ul>\n<li>Incluye por favor toda la informaci&oacute;n solicitada<\/li>\n<li>Para tu ubicaci&oacute;n, env&iacute;amos ciudad, estado y pa&iacute;s<\/li>\n<li>Para tu oraci&oacute;n, dinos c&oacute;mo ha sido tu experiencia con diabetes Tipo 2 y c&oacute;mo te sientes empoderado. Intenta escribir de&nbsp;<strong>4 a 5 oraciones<\/strong>. Nosotros editaremos en caso necesario.<\/li>\n<li>Si est&aacute;s enviando la fotograf&iacute;a de un ni&ntilde;o pide que &eacute;l o ella cuente su historia&nbsp;<strong>en sus propias palabras<\/strong>&nbsp;a&uacute;n cuando su respuesta sea muy sencilla.<\/li>\n<li>&iquest;Mencionamos que la foto debe ser muy clara? Puedes intentar colocarte en lugares donde tu cara se vea iluminada. Evita por favor los logotipos.<\/li>\n<li>S&iacute;guenos en al menos una de nuestras plataformas &nbsp;@beyondtype1 en&nbsp;<a href=\"http:\/\/instagram.com\/beyondtype2\" rel=\"noopener noreferrer\" data-wpel-link=\"external\" target=\"_blank\">Instagram<\/a>+&nbsp;<a href=\"https:\/\/twitter.com\/beyondtype2\" rel=\"noopener noreferrer\" data-wpel-link=\"external\" target=\"_blank\">Twitter<\/a>&nbsp;y Beyond Type 2 en&nbsp;<a href=\"https:\/\/www.facebook.com\/Beyond-Type-2-en-Espa%C3%B1ol-361231404680022\/?epa=SEARCH_BOX\" target=\"_blank\" rel=\"noopener noreferrer\">Facebook<\/a><\/li>\n<\/ul>\n<p>Al enviar tu fotograf&iacute;a te conviertes en un embajador oficial y te comprometes a compartir esta publicaci&oacute;n en tus plataformas de redes sociales y a invitar a otros a unir esfuerzos.<\/p>\n<p style=\"text-align: justify;\">&iquest;TIENES PREGUNTAS? <a title=\"Contact Us\" href=\"mailto:hello@beyondtype1.org\">ESCR&Iacute;BENOS UN CORREO &nbsp;<\/a><\/p>\n<div class=\"two-column-right\"><a id=\"formAnchor2079784826\" name=\"form2079784826\"><\/a><br>\n<script type=\"text\/javascript\" src=\"https:\/\/fs3.formsite.com\/include\/form\/embedManager.js?2079784826\"><\/script><br>\n<script type=\"text\/javascript\">\nEmbedManager.embed({\n\tkey: \"https:\/\/fs3.formsite.com\/res\/showFormEmbed?EParam=iGs2D6QRb6L5dJ%2BjcDCMZ5Ju11oyfkC3FzpUCZwnDno%3D&2079784826\",\n\twidth: \"100%\",\n\tmobileResponsive: true\n});\n<\/script><\/div>\n<p>[bt1-cta link=&raquo;https:\/\/community.beyondtype1.org\/&raquo; text=&raquo;Join the Beyond Type 2 Community!&raquo; color=&raquo;blue&raquo; align=&raquo;left&raquo; ]<\/p>\n\n","protected":false},"excerpt":{"rendered":"<p>&iquest;C&oacute;mo eres &nbsp;#BeyondPowerful? (m&aacute;s all&aacute; de poderoso, en espa&ntilde;ol) ALGUNAS INSTRUCCIONES PARA PUBLICAR: &iexcl;Debes vivir con diabetes Tipo 2! Una solo foto por persona, por favor. Queremos que t&uacute; seas el centro de atenci&oacute;n. Si tienes una idea para someter una fotograf&iacute;a de un evento en especial por favor env&iacute;ala y la revisaremos. Env&iacute;a una [&hellip;]<\/p>\n","protected":false},"author":5,"featured_media":34775,"parent":0,"menu_order":0,"comment_status":"closed","ping_status":"closed","template":"page_templates\/content.php","meta":{"_acf_changed":false,"footnotes":""},"class_list":["post-34771","page","type-page","status-publish","has-post-thumbnail","hentry","diabetes-types-tipo-2","tags-engage-es"],"acf":[],"yoast_head":"<!-- This site is optimized with the Yoast SEO plugin v27.0 - https:\/\/yoast.com\/product\/yoast-seo-wordpress\/ -->\n<title>Campa\u00f1a de Instagram #BeyondPowerful | Beyond Type 1<\/title>\n<meta name=\"description\" content=\"Participa en nuestra campa\u00f1a #BeyondPowerful compartiendo la forma en la que eres m\u00e1s all\u00e1 de poderoso. Nunca sabr\u00e1s el impacto que tendr\u00e1 tu historia.\" \/>\n<meta name=\"robots\" content=\"index, follow, max-snippet:-1, max-image-preview:large, max-video-preview:-1\" \/>\n<link rel=\"canonical\" href=\"https:\/\/beyondtype1.org\/es\/campana-de-instagram-beyondpowerful\/\" \/>\n<meta property=\"og:locale\" content=\"es_ES\" \/>\n<meta property=\"og:type\" content=\"article\" \/>\n<meta property=\"og:title\" content=\"Campa\u00f1a de Instagram #BeyondPowerful | Beyond Type 1\" \/>\n<meta property=\"og:description\" content=\"Participa en nuestra campa\u00f1a #BeyondPowerful compartiendo la forma en la que eres m\u00e1s all\u00e1 de poderoso. Nunca sabr\u00e1s el impacto que tendr\u00e1 tu historia.\" \/>\n<meta property=\"og:url\" content=\"https:\/\/beyondtype1.org\/es\/campana-de-instagram-beyondpowerful\/\" \/>\n<meta property=\"og:site_name\" content=\"Beyond Type 1\" \/>\n<meta property=\"article:publisher\" content=\"https:\/\/www.facebook.com\/beyondtype1\" \/>\n<meta property=\"article:modified_time\" content=\"2024-12-10T19:33:50+00:00\" \/>\n<meta property=\"og:image\" content=\"https:\/\/beyondtype1.org\/wp-content\/uploads\/2024\/12\/BT2-HEADER-BEYONDPOWERFUL-1-768x275-1.jpg\" \/>\n\t<meta property=\"og:image:width\" content=\"768\" \/>\n\t<meta property=\"og:image:height\" content=\"275\" \/>\n\t<meta property=\"og:image:type\" content=\"image\/jpeg\" \/>\n<meta name=\"twitter:card\" content=\"summary_large_image\" \/>\n<meta name=\"twitter:site\" content=\"@BeyondType1\" \/>\n<meta name=\"twitter:label1\" content=\"Tiempo de lectura\" \/>\n\t<meta name=\"twitter:data1\" content=\"2 minutos\" \/>\n<script type=\"application\/ld+json\" class=\"yoast-schema-graph\">{\"@context\":\"https:\/\/schema.org\",\"@graph\":[{\"@type\":\"WebPage\",\"@id\":\"https:\/\/beyondtype1.org\/es\/campana-de-instagram-beyondpowerful\/\",\"url\":\"https:\/\/beyondtype1.org\/es\/campana-de-instagram-beyondpowerful\/\",\"name\":\"Campa\u00f1a de Instagram #BeyondPowerful | Beyond Type 1\",\"isPartOf\":{\"@id\":\"https:\/\/beyondtype1.org\/es\/#website\"},\"primaryImageOfPage\":{\"@id\":\"https:\/\/beyondtype1.org\/es\/campana-de-instagram-beyondpowerful\/#primaryimage\"},\"image\":{\"@id\":\"https:\/\/beyondtype1.org\/es\/campana-de-instagram-beyondpowerful\/#primaryimage\"},\"thumbnailUrl\":\"https:\/\/beyondtype1.org\/wp-content\/uploads\/2024\/12\/BT2-HEADER-BEYONDPOWERFUL-1-768x275-1.jpg\",\"datePublished\":\"2019-01-04T16:34:39+00:00\",\"dateModified\":\"2024-12-10T19:33:50+00:00\",\"description\":\"Participa en nuestra campa\u00f1a #BeyondPowerful compartiendo la forma en la que eres m\u00e1s all\u00e1 de poderoso. Nunca sabr\u00e1s el impacto que tendr\u00e1 tu historia.\",\"breadcrumb\":{\"@id\":\"https:\/\/beyondtype1.org\/es\/campana-de-instagram-beyondpowerful\/#breadcrumb\"},\"inLanguage\":\"es\",\"potentialAction\":[{\"@type\":\"ReadAction\",\"target\":[\"https:\/\/beyondtype1.org\/es\/campana-de-instagram-beyondpowerful\/\"]}]},{\"@type\":\"ImageObject\",\"inLanguage\":\"es\",\"@id\":\"https:\/\/beyondtype1.org\/es\/campana-de-instagram-beyondpowerful\/#primaryimage\",\"url\":\"https:\/\/beyondtype1.org\/wp-content\/uploads\/2024\/12\/BT2-HEADER-BEYONDPOWERFUL-1-768x275-1.jpg\",\"contentUrl\":\"https:\/\/beyondtype1.org\/wp-content\/uploads\/2024\/12\/BT2-HEADER-BEYONDPOWERFUL-1-768x275-1.jpg\",\"width\":768,\"height\":275},{\"@type\":\"BreadcrumbList\",\"@id\":\"https:\/\/beyondtype1.org\/es\/campana-de-instagram-beyondpowerful\/#breadcrumb\",\"itemListElement\":[{\"@type\":\"ListItem\",\"position\":1,\"name\":\"Home\",\"item\":\"https:\/\/beyondtype1.org\/es\/\"},{\"@type\":\"ListItem\",\"position\":2,\"name\":\"Campa\u00f1a de Instagram #BeyondPowerful\"}]},{\"@type\":\"WebSite\",\"@id\":\"https:\/\/beyondtype1.org\/es\/#website\",\"url\":\"https:\/\/beyondtype1.org\/es\/\",\"name\":\"Beyond Type 1\",\"description\":\"Beyond Type 1 is the largest diabetes org online, funding advocacy, education and cure research.\",\"publisher\":{\"@id\":\"https:\/\/beyondtype1.org\/es\/#organization\"},\"potentialAction\":[{\"@type\":\"SearchAction\",\"target\":{\"@type\":\"EntryPoint\",\"urlTemplate\":\"https:\/\/beyondtype1.org\/es\/?s={search_term_string}\"},\"query-input\":{\"@type\":\"PropertyValueSpecification\",\"valueRequired\":true,\"valueName\":\"search_term_string\"}}],\"inLanguage\":\"es\"},{\"@type\":\"Organization\",\"@id\":\"https:\/\/beyondtype1.org\/es\/#organization\",\"name\":\"Beyond Type 1\",\"url\":\"https:\/\/beyondtype1.org\/es\/\",\"logo\":{\"@type\":\"ImageObject\",\"inLanguage\":\"es\",\"@id\":\"https:\/\/beyondtype1.org\/es\/#\/schema\/logo\/image\/\",\"url\":\"https:\/\/beyondtype1.org\/wp-content\/uploads\/2025\/08\/header-logo.svg\",\"contentUrl\":\"https:\/\/beyondtype1.org\/wp-content\/uploads\/2025\/08\/header-logo.svg\",\"width\":56,\"height\":56,\"caption\":\"Beyond Type 1\"},\"image\":{\"@id\":\"https:\/\/beyondtype1.org\/es\/#\/schema\/logo\/image\/\"},\"sameAs\":[\"https:\/\/www.facebook.com\/beyondtype1\",\"https:\/\/x.com\/BeyondType1\",\"http:\/\/instagram.com\/BeyondType1\/\",\"https:\/\/www.youtube.com\/c\/BeyondType1\",\"https:\/\/www.tiktok.com\/@beyondtype1\",\"https:\/\/www.linkedin.com\/company\/beyond-type1\/\"]}]}<\/script>\n<!-- \/ Yoast SEO plugin. -->","yoast_head_json":{"title":"Campa\u00f1a de Instagram #BeyondPowerful | Beyond Type 1","description":"Participa en nuestra campa\u00f1a #BeyondPowerful compartiendo la forma en la que eres m\u00e1s all\u00e1 de poderoso. Nunca sabr\u00e1s el impacto que tendr\u00e1 tu historia.","robots":{"index":"index","follow":"follow","max-snippet":"max-snippet:-1","max-image-preview":"max-image-preview:large","max-video-preview":"max-video-preview:-1"},"canonical":"https:\/\/beyondtype1.org\/es\/campana-de-instagram-beyondpowerful\/","og_locale":"es_ES","og_type":"article","og_title":"Campa\u00f1a de Instagram #BeyondPowerful | Beyond Type 1","og_description":"Participa en nuestra campa\u00f1a #BeyondPowerful compartiendo la forma en la que eres m\u00e1s all\u00e1 de poderoso. Nunca sabr\u00e1s el impacto que tendr\u00e1 tu historia.","og_url":"https:\/\/beyondtype1.org\/es\/campana-de-instagram-beyondpowerful\/","og_site_name":"Beyond Type 1","article_publisher":"https:\/\/www.facebook.com\/beyondtype1","article_modified_time":"2024-12-10T19:33:50+00:00","og_image":[{"width":768,"height":275,"url":"https:\/\/beyondtype1.org\/wp-content\/uploads\/2024\/12\/BT2-HEADER-BEYONDPOWERFUL-1-768x275-1.jpg","type":"image\/jpeg"}],"twitter_card":"summary_large_image","twitter_site":"@BeyondType1","twitter_misc":{"Tiempo de lectura":"2 minutos"},"schema":{"@context":"https:\/\/schema.org","@graph":[{"@type":"WebPage","@id":"https:\/\/beyondtype1.org\/es\/campana-de-instagram-beyondpowerful\/","url":"https:\/\/beyondtype1.org\/es\/campana-de-instagram-beyondpowerful\/","name":"Campa\u00f1a de Instagram #BeyondPowerful | Beyond Type 1","isPartOf":{"@id":"https:\/\/beyondtype1.org\/es\/#website"},"primaryImageOfPage":{"@id":"https:\/\/beyondtype1.org\/es\/campana-de-instagram-beyondpowerful\/#primaryimage"},"image":{"@id":"https:\/\/beyondtype1.org\/es\/campana-de-instagram-beyondpowerful\/#primaryimage"},"thumbnailUrl":"https:\/\/beyondtype1.org\/wp-content\/uploads\/2024\/12\/BT2-HEADER-BEYONDPOWERFUL-1-768x275-1.jpg","datePublished":"2019-01-04T16:34:39+00:00","dateModified":"2024-12-10T19:33:50+00:00","description":"Participa en nuestra campa\u00f1a #BeyondPowerful compartiendo la forma en la que eres m\u00e1s all\u00e1 de poderoso. Nunca sabr\u00e1s el impacto que tendr\u00e1 tu historia.","breadcrumb":{"@id":"https:\/\/beyondtype1.org\/es\/campana-de-instagram-beyondpowerful\/#breadcrumb"},"inLanguage":"es","potentialAction":[{"@type":"ReadAction","target":["https:\/\/beyondtype1.org\/es\/campana-de-instagram-beyondpowerful\/"]}]},{"@type":"ImageObject","inLanguage":"es","@id":"https:\/\/beyondtype1.org\/es\/campana-de-instagram-beyondpowerful\/#primaryimage","url":"https:\/\/beyondtype1.org\/wp-content\/uploads\/2024\/12\/BT2-HEADER-BEYONDPOWERFUL-1-768x275-1.jpg","contentUrl":"https:\/\/beyondtype1.org\/wp-content\/uploads\/2024\/12\/BT2-HEADER-BEYONDPOWERFUL-1-768x275-1.jpg","width":768,"height":275},{"@type":"BreadcrumbList","@id":"https:\/\/beyondtype1.org\/es\/campana-de-instagram-beyondpowerful\/#breadcrumb","itemListElement":[{"@type":"ListItem","position":1,"name":"Home","item":"https:\/\/beyondtype1.org\/es\/"},{"@type":"ListItem","position":2,"name":"Campa\u00f1a de Instagram #BeyondPowerful"}]},{"@type":"WebSite","@id":"https:\/\/beyondtype1.org\/es\/#website","url":"https:\/\/beyondtype1.org\/es\/","name":"Beyond Type 1","description":"Beyond Type 1 is the largest diabetes org online, funding advocacy, education and cure research.","publisher":{"@id":"https:\/\/beyondtype1.org\/es\/#organization"},"potentialAction":[{"@type":"SearchAction","target":{"@type":"EntryPoint","urlTemplate":"https:\/\/beyondtype1.org\/es\/?s={search_term_string}"},"query-input":{"@type":"PropertyValueSpecification","valueRequired":true,"valueName":"search_term_string"}}],"inLanguage":"es"},{"@type":"Organization","@id":"https:\/\/beyondtype1.org\/es\/#organization","name":"Beyond Type 1","url":"https:\/\/beyondtype1.org\/es\/","logo":{"@type":"ImageObject","inLanguage":"es","@id":"https:\/\/beyondtype1.org\/es\/#\/schema\/logo\/image\/","url":"https:\/\/beyondtype1.org\/wp-content\/uploads\/2025\/08\/header-logo.svg","contentUrl":"https:\/\/beyondtype1.org\/wp-content\/uploads\/2025\/08\/header-logo.svg","width":56,"height":56,"caption":"Beyond Type 1"},"image":{"@id":"https:\/\/beyondtype1.org\/es\/#\/schema\/logo\/image\/"},"sameAs":["https:\/\/www.facebook.com\/beyondtype1","https:\/\/x.com\/BeyondType1","http:\/\/instagram.com\/BeyondType1\/","https:\/\/www.youtube.com\/c\/BeyondType1","https:\/\/www.tiktok.com\/@beyondtype1","https:\/\/www.linkedin.com\/company\/beyond-type1\/"]}]}},"_links":{"self":[{"href":"https:\/\/beyondtype1.org\/es\/wp-json\/wp\/v2\/pages\/34771","targetHints":{"allow":["GET"]}}],"collection":[{"href":"https:\/\/beyondtype1.org\/es\/wp-json\/wp\/v2\/pages"}],"about":[{"href":"https:\/\/beyondtype1.org\/es\/wp-json\/wp\/v2\/types\/page"}],"author":[{"embeddable":true,"href":"https:\/\/beyondtype1.org\/es\/wp-json\/wp\/v2\/users\/5"}],"replies":[{"embeddable":true,"href":"https:\/\/beyondtype1.org\/es\/wp-json\/wp\/v2\/comments?post=34771"}],"version-history":[{"count":0,"href":"https:\/\/beyondtype1.org\/es\/wp-json\/wp\/v2\/pages\/34771\/revisions"}],"wp:featuredmedia":[{"embeddable":true,"href":"https:\/\/beyondtype1.org\/es\/wp-json\/wp\/v2\/media\/34775"}],"wp:attachment":[{"href":"https:\/\/beyondtype1.org\/es\/wp-json\/wp\/v2\/media?parent=34771"}],"curies":[{"name":"wp","href":"https:\/\/api.w.org\/{rel}","templated":true}]}}