{"id":34904,"date":"2018-12-17T18:56:10","date_gmt":"2018-12-17T18:56:10","guid":{"rendered":"https:\/\/beyondtype2.org\/?page_id=34904"},"modified":"2024-12-10T21:55:54","modified_gmt":"2024-12-10T21:55:54","slug":"comprender-la-diabetes-tipo-2","status":"publish","type":"page","link":"https:\/\/beyondtype1.org\/es\/comprender-la-diabetes-tipo-2\/","title":{"rendered":"Comprender la diabetes tipo 2"},"content":{"rendered":"<p>Ya sea que te est&aacute;s enfrentando a un diagn&oacute;stico reciente de diabetes tipo 2 o que est&eacute;s buscando la forma de ense&ntilde;ar a otros sobre diabetes tipo 2, aqu&iacute; encontrar&aacute;s las mejores gu&iacute;as de Beyond Type 2 para comprender esta condici&oacute;n de vida. La diabetes tipo 2 puede ser complicada en su manejo y ya sea que buscas explicarla a alguien, estas gu&iacute;as son el mejor lugar para empezar! Ver&aacute;s que son f&aacute;ciles de entender y compartir, las Gu&iacute;as para Ense&ntilde;ar a Otros sobre Diabetes tipo 2 son las mejores herramientas para educar y empoderar a aquellos nuevos en el mundo de la diabetes tipo 2.<\/p>\n\n","protected":false},"excerpt":{"rendered":"<p>Ya sea que te est&aacute;s enfrentando a un diagn&oacute;stico reciente de diabetes tipo 2 o que est&eacute;s buscando la forma de ense&ntilde;ar a otros sobre diabetes tipo 2, aqu&iacute; encontrar&aacute;s las mejores gu&iacute;as de Beyond Type 2 para comprender esta condici&oacute;n de vida. La diabetes tipo 2 puede ser complicada en su manejo y ya [&hellip;]<\/p>\n","protected":false},"author":5,"featured_media":34907,"parent":0,"menu_order":0,"comment_status":"closed","ping_status":"closed","template":"page_templates\/section.php","meta":{"_acf_changed":false,"footnotes":""},"class_list":["post-34904","page","type-page","status-publish","has-post-thumbnail","hentry","diabetes-types-tipo-2"],"acf":[],"yoast_head":"<!-- This site is optimized with the Yoast SEO plugin v27.0 - https:\/\/yoast.com\/product\/yoast-seo-wordpress\/ -->\n<title>Comprender la diabetes tipo 2 | Beyond Type 1<\/title>\n<meta name=\"description\" content=\"Aqu\u00ed encontrar\u00e1s las mejores gu\u00edas de Beyond Type 2 para comprender esta condici\u00f3n de vida si has sido diagnosticado recientemente.\" \/>\n<meta name=\"robots\" content=\"index, follow, max-snippet:-1, max-image-preview:large, max-video-preview:-1\" \/>\n<link rel=\"canonical\" href=\"https:\/\/beyondtype1.org\/es\/comprender-la-diabetes-tipo-2\/\" \/>\n<meta property=\"og:locale\" content=\"es_ES\" \/>\n<meta property=\"og:type\" content=\"article\" \/>\n<meta property=\"og:title\" content=\"Comprender la diabetes tipo 2 | Beyond Type 1\" \/>\n<meta property=\"og:description\" content=\"Aqu\u00ed encontrar\u00e1s las mejores gu\u00edas de Beyond Type 2 para comprender esta condici\u00f3n de vida si has sido diagnosticado recientemente.\" \/>\n<meta property=\"og:url\" content=\"https:\/\/beyondtype1.org\/es\/comprender-la-diabetes-tipo-2\/\" \/>\n<meta property=\"og:site_name\" content=\"Beyond Type 1\" \/>\n<meta property=\"article:publisher\" content=\"https:\/\/www.facebook.com\/beyondtype1\" \/>\n<meta property=\"article:modified_time\" content=\"2024-12-10T21:55:54+00:00\" \/>\n<meta property=\"og:image\" content=\"https:\/\/beyondtype1.org\/wp-content\/uploads\/2024\/12\/BT2-HEADER-UNDERSTANDING-T2.png\" \/>\n\t<meta property=\"og:image:width\" content=\"2048\" \/>\n\t<meta property=\"og:image:height\" content=\"733\" \/>\n\t<meta property=\"og:image:type\" content=\"image\/png\" \/>\n<meta name=\"twitter:card\" content=\"summary_large_image\" \/>\n<meta name=\"twitter:site\" content=\"@BeyondType1\" \/>\n<meta name=\"twitter:label1\" content=\"Tiempo de lectura\" \/>\n\t<meta name=\"twitter:data1\" content=\"1 minuto\" \/>\n<script type=\"application\/ld+json\" class=\"yoast-schema-graph\">{\"@context\":\"https:\/\/schema.org\",\"@graph\":[{\"@type\":\"WebPage\",\"@id\":\"https:\/\/beyondtype1.org\/es\/comprender-la-diabetes-tipo-2\/\",\"url\":\"https:\/\/beyondtype1.org\/es\/comprender-la-diabetes-tipo-2\/\",\"name\":\"Comprender la diabetes tipo 2 | Beyond Type 1\",\"isPartOf\":{\"@id\":\"https:\/\/beyondtype1.org\/es\/#website\"},\"primaryImageOfPage\":{\"@id\":\"https:\/\/beyondtype1.org\/es\/comprender-la-diabetes-tipo-2\/#primaryimage\"},\"image\":{\"@id\":\"https:\/\/beyondtype1.org\/es\/comprender-la-diabetes-tipo-2\/#primaryimage\"},\"thumbnailUrl\":\"https:\/\/beyondtype1.org\/wp-content\/uploads\/2024\/12\/BT2-HEADER-UNDERSTANDING-T2.png\",\"datePublished\":\"2018-12-17T18:56:10+00:00\",\"dateModified\":\"2024-12-10T21:55:54+00:00\",\"description\":\"Aqu\u00ed encontrar\u00e1s las mejores gu\u00edas de Beyond Type 2 para comprender esta condici\u00f3n de vida si has sido diagnosticado recientemente.\",\"breadcrumb\":{\"@id\":\"https:\/\/beyondtype1.org\/es\/comprender-la-diabetes-tipo-2\/#breadcrumb\"},\"inLanguage\":\"es\",\"potentialAction\":[{\"@type\":\"ReadAction\",\"target\":[\"https:\/\/beyondtype1.org\/es\/comprender-la-diabetes-tipo-2\/\"]}]},{\"@type\":\"ImageObject\",\"inLanguage\":\"es\",\"@id\":\"https:\/\/beyondtype1.org\/es\/comprender-la-diabetes-tipo-2\/#primaryimage\",\"url\":\"https:\/\/beyondtype1.org\/wp-content\/uploads\/2024\/12\/BT2-HEADER-UNDERSTANDING-T2.png\",\"contentUrl\":\"https:\/\/beyondtype1.org\/wp-content\/uploads\/2024\/12\/BT2-HEADER-UNDERSTANDING-T2.png\",\"width\":2048,\"height\":733},{\"@type\":\"BreadcrumbList\",\"@id\":\"https:\/\/beyondtype1.org\/es\/comprender-la-diabetes-tipo-2\/#breadcrumb\",\"itemListElement\":[{\"@type\":\"ListItem\",\"position\":1,\"name\":\"Home\",\"item\":\"https:\/\/beyondtype1.org\/es\/\"},{\"@type\":\"ListItem\",\"position\":2,\"name\":\"Comprender la diabetes tipo 2\"}]},{\"@type\":\"WebSite\",\"@id\":\"https:\/\/beyondtype1.org\/es\/#website\",\"url\":\"https:\/\/beyondtype1.org\/es\/\",\"name\":\"Beyond Type 1\",\"description\":\"Beyond Type 1 is the largest diabetes org online, funding advocacy, education and cure research.\",\"publisher\":{\"@id\":\"https:\/\/beyondtype1.org\/es\/#organization\"},\"potentialAction\":[{\"@type\":\"SearchAction\",\"target\":{\"@type\":\"EntryPoint\",\"urlTemplate\":\"https:\/\/beyondtype1.org\/es\/?s={search_term_string}\"},\"query-input\":{\"@type\":\"PropertyValueSpecification\",\"valueRequired\":true,\"valueName\":\"search_term_string\"}}],\"inLanguage\":\"es\"},{\"@type\":\"Organization\",\"@id\":\"https:\/\/beyondtype1.org\/es\/#organization\",\"name\":\"Beyond Type 1\",\"url\":\"https:\/\/beyondtype1.org\/es\/\",\"logo\":{\"@type\":\"ImageObject\",\"inLanguage\":\"es\",\"@id\":\"https:\/\/beyondtype1.org\/es\/#\/schema\/logo\/image\/\",\"url\":\"https:\/\/beyondtype1.org\/wp-content\/uploads\/2025\/08\/header-logo.svg\",\"contentUrl\":\"https:\/\/beyondtype1.org\/wp-content\/uploads\/2025\/08\/header-logo.svg\",\"width\":56,\"height\":56,\"caption\":\"Beyond Type 1\"},\"image\":{\"@id\":\"https:\/\/beyondtype1.org\/es\/#\/schema\/logo\/image\/\"},\"sameAs\":[\"https:\/\/www.facebook.com\/beyondtype1\",\"https:\/\/x.com\/BeyondType1\",\"http:\/\/instagram.com\/BeyondType1\/\",\"https:\/\/www.youtube.com\/c\/BeyondType1\",\"https:\/\/www.tiktok.com\/@beyondtype1\",\"https:\/\/www.linkedin.com\/company\/beyond-type1\/\"]}]}<\/script>\n<!-- \/ Yoast SEO plugin. -->","yoast_head_json":{"title":"Comprender la diabetes tipo 2 | Beyond Type 1","description":"Aqu\u00ed encontrar\u00e1s las mejores gu\u00edas de Beyond Type 2 para comprender esta condici\u00f3n de vida si has sido diagnosticado recientemente.","robots":{"index":"index","follow":"follow","max-snippet":"max-snippet:-1","max-image-preview":"max-image-preview:large","max-video-preview":"max-video-preview:-1"},"canonical":"https:\/\/beyondtype1.org\/es\/comprender-la-diabetes-tipo-2\/","og_locale":"es_ES","og_type":"article","og_title":"Comprender la diabetes tipo 2 | Beyond Type 1","og_description":"Aqu\u00ed encontrar\u00e1s las mejores gu\u00edas de Beyond Type 2 para comprender esta condici\u00f3n de vida si has sido diagnosticado recientemente.","og_url":"https:\/\/beyondtype1.org\/es\/comprender-la-diabetes-tipo-2\/","og_site_name":"Beyond Type 1","article_publisher":"https:\/\/www.facebook.com\/beyondtype1","article_modified_time":"2024-12-10T21:55:54+00:00","og_image":[{"width":2048,"height":733,"url":"https:\/\/beyondtype1.org\/wp-content\/uploads\/2024\/12\/BT2-HEADER-UNDERSTANDING-T2.png","type":"image\/png"}],"twitter_card":"summary_large_image","twitter_site":"@BeyondType1","twitter_misc":{"Tiempo de lectura":"1 minuto"},"schema":{"@context":"https:\/\/schema.org","@graph":[{"@type":"WebPage","@id":"https:\/\/beyondtype1.org\/es\/comprender-la-diabetes-tipo-2\/","url":"https:\/\/beyondtype1.org\/es\/comprender-la-diabetes-tipo-2\/","name":"Comprender la diabetes tipo 2 | Beyond Type 1","isPartOf":{"@id":"https:\/\/beyondtype1.org\/es\/#website"},"primaryImageOfPage":{"@id":"https:\/\/beyondtype1.org\/es\/comprender-la-diabetes-tipo-2\/#primaryimage"},"image":{"@id":"https:\/\/beyondtype1.org\/es\/comprender-la-diabetes-tipo-2\/#primaryimage"},"thumbnailUrl":"https:\/\/beyondtype1.org\/wp-content\/uploads\/2024\/12\/BT2-HEADER-UNDERSTANDING-T2.png","datePublished":"2018-12-17T18:56:10+00:00","dateModified":"2024-12-10T21:55:54+00:00","description":"Aqu\u00ed encontrar\u00e1s las mejores gu\u00edas de Beyond Type 2 para comprender esta condici\u00f3n de vida si has sido diagnosticado recientemente.","breadcrumb":{"@id":"https:\/\/beyondtype1.org\/es\/comprender-la-diabetes-tipo-2\/#breadcrumb"},"inLanguage":"es","potentialAction":[{"@type":"ReadAction","target":["https:\/\/beyondtype1.org\/es\/comprender-la-diabetes-tipo-2\/"]}]},{"@type":"ImageObject","inLanguage":"es","@id":"https:\/\/beyondtype1.org\/es\/comprender-la-diabetes-tipo-2\/#primaryimage","url":"https:\/\/beyondtype1.org\/wp-content\/uploads\/2024\/12\/BT2-HEADER-UNDERSTANDING-T2.png","contentUrl":"https:\/\/beyondtype1.org\/wp-content\/uploads\/2024\/12\/BT2-HEADER-UNDERSTANDING-T2.png","width":2048,"height":733},{"@type":"BreadcrumbList","@id":"https:\/\/beyondtype1.org\/es\/comprender-la-diabetes-tipo-2\/#breadcrumb","itemListElement":[{"@type":"ListItem","position":1,"name":"Home","item":"https:\/\/beyondtype1.org\/es\/"},{"@type":"ListItem","position":2,"name":"Comprender la diabetes tipo 2"}]},{"@type":"WebSite","@id":"https:\/\/beyondtype1.org\/es\/#website","url":"https:\/\/beyondtype1.org\/es\/","name":"Beyond Type 1","description":"Beyond Type 1 is the largest diabetes org online, funding advocacy, education and cure research.","publisher":{"@id":"https:\/\/beyondtype1.org\/es\/#organization"},"potentialAction":[{"@type":"SearchAction","target":{"@type":"EntryPoint","urlTemplate":"https:\/\/beyondtype1.org\/es\/?s={search_term_string}"},"query-input":{"@type":"PropertyValueSpecification","valueRequired":true,"valueName":"search_term_string"}}],"inLanguage":"es"},{"@type":"Organization","@id":"https:\/\/beyondtype1.org\/es\/#organization","name":"Beyond Type 1","url":"https:\/\/beyondtype1.org\/es\/","logo":{"@type":"ImageObject","inLanguage":"es","@id":"https:\/\/beyondtype1.org\/es\/#\/schema\/logo\/image\/","url":"https:\/\/beyondtype1.org\/wp-content\/uploads\/2025\/08\/header-logo.svg","contentUrl":"https:\/\/beyondtype1.org\/wp-content\/uploads\/2025\/08\/header-logo.svg","width":56,"height":56,"caption":"Beyond Type 1"},"image":{"@id":"https:\/\/beyondtype1.org\/es\/#\/schema\/logo\/image\/"},"sameAs":["https:\/\/www.facebook.com\/beyondtype1","https:\/\/x.com\/BeyondType1","http:\/\/instagram.com\/BeyondType1\/","https:\/\/www.youtube.com\/c\/BeyondType1","https:\/\/www.tiktok.com\/@beyondtype1","https:\/\/www.linkedin.com\/company\/beyond-type1\/"]}]}},"_links":{"self":[{"href":"https:\/\/beyondtype1.org\/es\/wp-json\/wp\/v2\/pages\/34904","targetHints":{"allow":["GET"]}}],"collection":[{"href":"https:\/\/beyondtype1.org\/es\/wp-json\/wp\/v2\/pages"}],"about":[{"href":"https:\/\/beyondtype1.org\/es\/wp-json\/wp\/v2\/types\/page"}],"author":[{"embeddable":true,"href":"https:\/\/beyondtype1.org\/es\/wp-json\/wp\/v2\/users\/5"}],"replies":[{"embeddable":true,"href":"https:\/\/beyondtype1.org\/es\/wp-json\/wp\/v2\/comments?post=34904"}],"version-history":[{"count":0,"href":"https:\/\/beyondtype1.org\/es\/wp-json\/wp\/v2\/pages\/34904\/revisions"}],"wp:featuredmedia":[{"embeddable":true,"href":"https:\/\/beyondtype1.org\/es\/wp-json\/wp\/v2\/media\/34907"}],"wp:attachment":[{"href":"https:\/\/beyondtype1.org\/es\/wp-json\/wp\/v2\/media?parent=34904"}],"curies":[{"name":"wp","href":"https:\/\/api.w.org\/{rel}","templated":true}]}}