{"id":34977,"date":"2020-02-19T19:13:01","date_gmt":"2020-02-19T19:13:01","guid":{"rendered":"https:\/\/beyondtype2.org\/?page_id=34977"},"modified":"2024-12-11T19:27:26","modified_gmt":"2024-12-11T19:27:26","slug":"hipoglucemia-y-diabetes-tipo-2","status":"publish","type":"page","link":"https:\/\/beyondtype1.org\/es\/hipoglucemia-y-diabetes-tipo-2\/","title":{"rendered":"Concienciaci\u00f3n sobre hipoglucemia y diabetes tipo 2"},"content":{"rendered":"<p>&nbsp;<\/p>\n<p>La hipoglucemia (niveles de glucosa en sangre inferiores a <span class=\"definition\"><span class=\"definition-show\">3.9 mmol\/L<\/span>70 mg\/dL<\/span>) no es un tema del que se hable con la frecuecia necesaria en la comunidad de diabetes Tipo 2 y &iquest;es comprensible verdad? Nuestra primera preocupaci&oacute;n es generalmente manejar los niveles <em><strong>elevados<\/strong><\/em> de glucosa en sangre para prevenir o retrasar la aparici&oacute;n de complicaciones relacionadas con la diabetes.<\/p>\n<h2>&iquest;Por qu&eacute; es Importante Crear Conciencia sobre Hipoglucemia en la Comunidad de Diabetes Tipo 2?<\/h2>\n<div class=\"jhH5U\">\n<div id=\"tw-ob\" class=\"tw-src-ltr\">\n<div class=\"oSioSc\">\n<div id=\"tw-target\">\n<div id=\"kAz1tf\" class=\"g9WsWb\">\n<div id=\"tw-target-text-container\" class=\"tw-ta-container tw-nfl\" tabindex=\"0\">\n<p id=\"tw-target-text\" class=\"tw-data-text tw-text-large tw-ta\" dir=\"ltr\" data-placeholder=\"Traducci&oacute;n\"><span lang=\"es\">Es importante porque si bien la hiperglucemia (niveles elevados de glucosa en sangre) pueden provocar problemas de salud tras cierto per&iacute;odo de tiempo, los problemas de salud derivados de la hipoglucemia, particularmente la hipoglucemia grave, son agudos. La hipoglucemia severa puede provocar p&eacute;rdida de conciencia y deterioro cognitivo. En este caso, uno necesita ayuda urgente. Afortunadamente, hay nuevos productos adem&aacute;s de jugos y dulces para el manejo de los niveles bajos de glucosa en sangre en una situaci&oacute;n de emergencia o para prevenir que se presenten.<\/span><\/p>\n<\/div>\n<\/div>\n<\/div>\n<\/div>\n<\/div>\n<\/div>\n<div class=\"jhH5U\">\n<div id=\"tw-ob\" class=\"tw-src-ltr\">\n<div class=\"oSioSc\">\n<div id=\"tw-target\">\n<div id=\"kAz1tf\" class=\"g9WsWb\">\n<div id=\"tw-target-text-container\" class=\"tw-ta-container tw-nfl\" tabindex=\"0\">\n<p id=\"tw-target-text\" class=\"tw-data-text tw-text-large tw-ta\" dir=\"ltr\" data-placeholder=\"Traducci&oacute;n\"><span lang=\"es\">Conocer los signos y s&iacute;ntomas de hipoglucemia puede salvar tu vida o la de otra persona con diabetes Tipo 2. Te invitamos a leer los art&iacute;culos que presentamos aqu&iacute; para aprender y ayudar a otros (con o sin diabetes) a aprender sobre la hipoglucemia, a tratarla y a prevenirla.<\/span><\/p>\n<\/div>\n<\/div>\n<\/div>\n<\/div>\n<\/div>\n<\/div>\n\n","protected":false},"excerpt":{"rendered":"<p>&nbsp; La hipoglucemia (niveles de glucosa en sangre inferiores a 3.9 mmol\/L70 mg\/dL) no es un tema del que se hable con la frecuecia necesaria en la comunidad de diabetes Tipo 2 y &iquest;es comprensible verdad? Nuestra primera preocupaci&oacute;n es generalmente manejar los niveles elevados de glucosa en sangre para prevenir o retrasar la aparici&oacute;n [&hellip;]<\/p>\n","protected":false},"author":5,"featured_media":34978,"parent":0,"menu_order":0,"comment_status":"closed","ping_status":"closed","template":"page_templates\/section.php","meta":{"_acf_changed":false,"footnotes":""},"class_list":["post-34977","page","type-page","status-publish","has-post-thumbnail","hentry","diabetes-types-tipo-2","diabetes-types-type-2","tags-core-evergreen-resource","tags-glucagonanxiety-es","tags-insulinadd-es"],"acf":[],"yoast_head":"<!-- This site is optimized with the Yoast SEO plugin v27.0 - https:\/\/yoast.com\/product\/yoast-seo-wordpress\/ -->\n<title>Concienciaci\u00f3n sobre hipoglucemia y diabetes tipo 2 | Beyond Type 1<\/title>\n<meta name=\"description\" content=\"El nivel elevado de glucosa en sangre no es lo \u00fanico que las personas con diabetes deben tener en cuenta, sino tambi\u00e9n el nivel bajo de glucosa en sangre.\" \/>\n<meta name=\"robots\" content=\"index, follow, max-snippet:-1, max-image-preview:large, max-video-preview:-1\" \/>\n<link rel=\"canonical\" href=\"https:\/\/beyondtype1.org\/es\/hipoglucemia-y-diabetes-tipo-2\/\" \/>\n<meta property=\"og:locale\" content=\"es_ES\" \/>\n<meta property=\"og:type\" content=\"article\" \/>\n<meta property=\"og:title\" content=\"Concienciaci\u00f3n sobre hipoglucemia y diabetes tipo 2 | Beyond Type 1\" \/>\n<meta property=\"og:description\" content=\"El nivel elevado de glucosa en sangre no es lo \u00fanico que las personas con diabetes deben tener en cuenta, sino tambi\u00e9n el nivel bajo de glucosa en sangre.\" \/>\n<meta property=\"og:url\" content=\"https:\/\/beyondtype1.org\/es\/hipoglucemia-y-diabetes-tipo-2\/\" \/>\n<meta property=\"og:site_name\" content=\"Beyond Type 1\" \/>\n<meta property=\"article:publisher\" content=\"https:\/\/www.facebook.com\/beyondtype1\" \/>\n<meta property=\"article:modified_time\" content=\"2024-12-11T19:27:26+00:00\" \/>\n<meta property=\"og:image\" content=\"https:\/\/beyondtype1.org\/wp-content\/uploads\/2024\/12\/BT2-HEADER-HYPO-UNAWARE-768x275-1.png\" \/>\n\t<meta property=\"og:image:width\" content=\"768\" \/>\n\t<meta property=\"og:image:height\" content=\"275\" \/>\n\t<meta property=\"og:image:type\" content=\"image\/png\" \/>\n<meta name=\"twitter:card\" content=\"summary_large_image\" \/>\n<meta name=\"twitter:site\" content=\"@BeyondType1\" \/>\n<meta name=\"twitter:label1\" content=\"Tiempo de lectura\" \/>\n\t<meta name=\"twitter:data1\" content=\"1 minuto\" \/>\n<script type=\"application\/ld+json\" class=\"yoast-schema-graph\">{\"@context\":\"https:\/\/schema.org\",\"@graph\":[{\"@type\":\"WebPage\",\"@id\":\"https:\/\/beyondtype1.org\/es\/hipoglucemia-y-diabetes-tipo-2\/\",\"url\":\"https:\/\/beyondtype1.org\/es\/hipoglucemia-y-diabetes-tipo-2\/\",\"name\":\"Concienciaci\u00f3n sobre hipoglucemia y diabetes tipo 2 | Beyond Type 1\",\"isPartOf\":{\"@id\":\"https:\/\/beyondtype1.org\/es\/#website\"},\"primaryImageOfPage\":{\"@id\":\"https:\/\/beyondtype1.org\/es\/hipoglucemia-y-diabetes-tipo-2\/#primaryimage\"},\"image\":{\"@id\":\"https:\/\/beyondtype1.org\/es\/hipoglucemia-y-diabetes-tipo-2\/#primaryimage\"},\"thumbnailUrl\":\"https:\/\/beyondtype1.org\/wp-content\/uploads\/2024\/12\/BT2-HEADER-HYPO-UNAWARE-768x275-1.png\",\"datePublished\":\"2020-02-19T19:13:01+00:00\",\"dateModified\":\"2024-12-11T19:27:26+00:00\",\"description\":\"El nivel elevado de glucosa en sangre no es lo \u00fanico que las personas con diabetes deben tener en cuenta, sino tambi\u00e9n el nivel bajo de glucosa en sangre.\",\"breadcrumb\":{\"@id\":\"https:\/\/beyondtype1.org\/es\/hipoglucemia-y-diabetes-tipo-2\/#breadcrumb\"},\"inLanguage\":\"es\",\"potentialAction\":[{\"@type\":\"ReadAction\",\"target\":[\"https:\/\/beyondtype1.org\/es\/hipoglucemia-y-diabetes-tipo-2\/\"]}]},{\"@type\":\"ImageObject\",\"inLanguage\":\"es\",\"@id\":\"https:\/\/beyondtype1.org\/es\/hipoglucemia-y-diabetes-tipo-2\/#primaryimage\",\"url\":\"https:\/\/beyondtype1.org\/wp-content\/uploads\/2024\/12\/BT2-HEADER-HYPO-UNAWARE-768x275-1.png\",\"contentUrl\":\"https:\/\/beyondtype1.org\/wp-content\/uploads\/2024\/12\/BT2-HEADER-HYPO-UNAWARE-768x275-1.png\",\"width\":768,\"height\":275},{\"@type\":\"BreadcrumbList\",\"@id\":\"https:\/\/beyondtype1.org\/es\/hipoglucemia-y-diabetes-tipo-2\/#breadcrumb\",\"itemListElement\":[{\"@type\":\"ListItem\",\"position\":1,\"name\":\"Home\",\"item\":\"https:\/\/beyondtype1.org\/es\/\"},{\"@type\":\"ListItem\",\"position\":2,\"name\":\"Concienciaci\u00f3n sobre hipoglucemia y diabetes tipo 2\"}]},{\"@type\":\"WebSite\",\"@id\":\"https:\/\/beyondtype1.org\/es\/#website\",\"url\":\"https:\/\/beyondtype1.org\/es\/\",\"name\":\"Beyond Type 1\",\"description\":\"Beyond Type 1 is the largest diabetes org online, funding advocacy, education and cure research.\",\"publisher\":{\"@id\":\"https:\/\/beyondtype1.org\/es\/#organization\"},\"potentialAction\":[{\"@type\":\"SearchAction\",\"target\":{\"@type\":\"EntryPoint\",\"urlTemplate\":\"https:\/\/beyondtype1.org\/es\/?s={search_term_string}\"},\"query-input\":{\"@type\":\"PropertyValueSpecification\",\"valueRequired\":true,\"valueName\":\"search_term_string\"}}],\"inLanguage\":\"es\"},{\"@type\":\"Organization\",\"@id\":\"https:\/\/beyondtype1.org\/es\/#organization\",\"name\":\"Beyond Type 1\",\"url\":\"https:\/\/beyondtype1.org\/es\/\",\"logo\":{\"@type\":\"ImageObject\",\"inLanguage\":\"es\",\"@id\":\"https:\/\/beyondtype1.org\/es\/#\/schema\/logo\/image\/\",\"url\":\"https:\/\/beyondtype1.org\/wp-content\/uploads\/2025\/08\/header-logo.svg\",\"contentUrl\":\"https:\/\/beyondtype1.org\/wp-content\/uploads\/2025\/08\/header-logo.svg\",\"width\":56,\"height\":56,\"caption\":\"Beyond Type 1\"},\"image\":{\"@id\":\"https:\/\/beyondtype1.org\/es\/#\/schema\/logo\/image\/\"},\"sameAs\":[\"https:\/\/www.facebook.com\/beyondtype1\",\"https:\/\/x.com\/BeyondType1\",\"http:\/\/instagram.com\/BeyondType1\/\",\"https:\/\/www.youtube.com\/c\/BeyondType1\",\"https:\/\/www.tiktok.com\/@beyondtype1\",\"https:\/\/www.linkedin.com\/company\/beyond-type1\/\"]}]}<\/script>\n<!-- \/ Yoast SEO plugin. -->","yoast_head_json":{"title":"Concienciaci\u00f3n sobre hipoglucemia y diabetes tipo 2 | Beyond Type 1","description":"El nivel elevado de glucosa en sangre no es lo \u00fanico que las personas con diabetes deben tener en cuenta, sino tambi\u00e9n el nivel bajo de glucosa en sangre.","robots":{"index":"index","follow":"follow","max-snippet":"max-snippet:-1","max-image-preview":"max-image-preview:large","max-video-preview":"max-video-preview:-1"},"canonical":"https:\/\/beyondtype1.org\/es\/hipoglucemia-y-diabetes-tipo-2\/","og_locale":"es_ES","og_type":"article","og_title":"Concienciaci\u00f3n sobre hipoglucemia y diabetes tipo 2 | Beyond Type 1","og_description":"El nivel elevado de glucosa en sangre no es lo \u00fanico que las personas con diabetes deben tener en cuenta, sino tambi\u00e9n el nivel bajo de glucosa en sangre.","og_url":"https:\/\/beyondtype1.org\/es\/hipoglucemia-y-diabetes-tipo-2\/","og_site_name":"Beyond Type 1","article_publisher":"https:\/\/www.facebook.com\/beyondtype1","article_modified_time":"2024-12-11T19:27:26+00:00","og_image":[{"width":768,"height":275,"url":"https:\/\/beyondtype1.org\/wp-content\/uploads\/2024\/12\/BT2-HEADER-HYPO-UNAWARE-768x275-1.png","type":"image\/png"}],"twitter_card":"summary_large_image","twitter_site":"@BeyondType1","twitter_misc":{"Tiempo de lectura":"1 minuto"},"schema":{"@context":"https:\/\/schema.org","@graph":[{"@type":"WebPage","@id":"https:\/\/beyondtype1.org\/es\/hipoglucemia-y-diabetes-tipo-2\/","url":"https:\/\/beyondtype1.org\/es\/hipoglucemia-y-diabetes-tipo-2\/","name":"Concienciaci\u00f3n sobre hipoglucemia y diabetes tipo 2 | Beyond Type 1","isPartOf":{"@id":"https:\/\/beyondtype1.org\/es\/#website"},"primaryImageOfPage":{"@id":"https:\/\/beyondtype1.org\/es\/hipoglucemia-y-diabetes-tipo-2\/#primaryimage"},"image":{"@id":"https:\/\/beyondtype1.org\/es\/hipoglucemia-y-diabetes-tipo-2\/#primaryimage"},"thumbnailUrl":"https:\/\/beyondtype1.org\/wp-content\/uploads\/2024\/12\/BT2-HEADER-HYPO-UNAWARE-768x275-1.png","datePublished":"2020-02-19T19:13:01+00:00","dateModified":"2024-12-11T19:27:26+00:00","description":"El nivel elevado de glucosa en sangre no es lo \u00fanico que las personas con diabetes deben tener en cuenta, sino tambi\u00e9n el nivel bajo de glucosa en sangre.","breadcrumb":{"@id":"https:\/\/beyondtype1.org\/es\/hipoglucemia-y-diabetes-tipo-2\/#breadcrumb"},"inLanguage":"es","potentialAction":[{"@type":"ReadAction","target":["https:\/\/beyondtype1.org\/es\/hipoglucemia-y-diabetes-tipo-2\/"]}]},{"@type":"ImageObject","inLanguage":"es","@id":"https:\/\/beyondtype1.org\/es\/hipoglucemia-y-diabetes-tipo-2\/#primaryimage","url":"https:\/\/beyondtype1.org\/wp-content\/uploads\/2024\/12\/BT2-HEADER-HYPO-UNAWARE-768x275-1.png","contentUrl":"https:\/\/beyondtype1.org\/wp-content\/uploads\/2024\/12\/BT2-HEADER-HYPO-UNAWARE-768x275-1.png","width":768,"height":275},{"@type":"BreadcrumbList","@id":"https:\/\/beyondtype1.org\/es\/hipoglucemia-y-diabetes-tipo-2\/#breadcrumb","itemListElement":[{"@type":"ListItem","position":1,"name":"Home","item":"https:\/\/beyondtype1.org\/es\/"},{"@type":"ListItem","position":2,"name":"Concienciaci\u00f3n sobre hipoglucemia y diabetes tipo 2"}]},{"@type":"WebSite","@id":"https:\/\/beyondtype1.org\/es\/#website","url":"https:\/\/beyondtype1.org\/es\/","name":"Beyond Type 1","description":"Beyond Type 1 is the largest diabetes org online, funding advocacy, education and cure research.","publisher":{"@id":"https:\/\/beyondtype1.org\/es\/#organization"},"potentialAction":[{"@type":"SearchAction","target":{"@type":"EntryPoint","urlTemplate":"https:\/\/beyondtype1.org\/es\/?s={search_term_string}"},"query-input":{"@type":"PropertyValueSpecification","valueRequired":true,"valueName":"search_term_string"}}],"inLanguage":"es"},{"@type":"Organization","@id":"https:\/\/beyondtype1.org\/es\/#organization","name":"Beyond Type 1","url":"https:\/\/beyondtype1.org\/es\/","logo":{"@type":"ImageObject","inLanguage":"es","@id":"https:\/\/beyondtype1.org\/es\/#\/schema\/logo\/image\/","url":"https:\/\/beyondtype1.org\/wp-content\/uploads\/2025\/08\/header-logo.svg","contentUrl":"https:\/\/beyondtype1.org\/wp-content\/uploads\/2025\/08\/header-logo.svg","width":56,"height":56,"caption":"Beyond Type 1"},"image":{"@id":"https:\/\/beyondtype1.org\/es\/#\/schema\/logo\/image\/"},"sameAs":["https:\/\/www.facebook.com\/beyondtype1","https:\/\/x.com\/BeyondType1","http:\/\/instagram.com\/BeyondType1\/","https:\/\/www.youtube.com\/c\/BeyondType1","https:\/\/www.tiktok.com\/@beyondtype1","https:\/\/www.linkedin.com\/company\/beyond-type1\/"]}]}},"_links":{"self":[{"href":"https:\/\/beyondtype1.org\/es\/wp-json\/wp\/v2\/pages\/34977","targetHints":{"allow":["GET"]}}],"collection":[{"href":"https:\/\/beyondtype1.org\/es\/wp-json\/wp\/v2\/pages"}],"about":[{"href":"https:\/\/beyondtype1.org\/es\/wp-json\/wp\/v2\/types\/page"}],"author":[{"embeddable":true,"href":"https:\/\/beyondtype1.org\/es\/wp-json\/wp\/v2\/users\/5"}],"replies":[{"embeddable":true,"href":"https:\/\/beyondtype1.org\/es\/wp-json\/wp\/v2\/comments?post=34977"}],"version-history":[{"count":0,"href":"https:\/\/beyondtype1.org\/es\/wp-json\/wp\/v2\/pages\/34977\/revisions"}],"wp:featuredmedia":[{"embeddable":true,"href":"https:\/\/beyondtype1.org\/es\/wp-json\/wp\/v2\/media\/34978"}],"wp:attachment":[{"href":"https:\/\/beyondtype1.org\/es\/wp-json\/wp\/v2\/media?parent=34977"}],"curies":[{"name":"wp","href":"https:\/\/api.w.org\/{rel}","templated":true}]}}