{"id":35349,"date":"2024-10-28T19:21:55","date_gmt":"2024-10-28T19:21:55","guid":{"rendered":"https:\/\/beyondtype2.org\/?page_id=35349"},"modified":"2024-12-16T21:49:51","modified_gmt":"2024-12-16T21:49:51","slug":"todo-sobre-la-insulina","status":"publish","type":"page","link":"https:\/\/beyondtype1.org\/es\/todo-sobre-la-insulina\/","title":{"rendered":"Todo sobre la insulina"},"content":{"rendered":"<p><span style=\"font-weight: 400;\">La insulina es una hormona producida en el p&aacute;ncreas que regula la cantidad de glucosa en la sangre. Cuando el p&aacute;ncreas ya no puede producir insulina o no tiene suficiente insulina, el diagn&oacute;stico puede ser diabetes tipo 1 o diabetes tipo 2. La diabetes gestacional tambi&eacute;n es una consideraci&oacute;n durante el embarazo.<\/span><\/p>\n<h2>La historia de la insulina<\/h2>\n<p><span style=\"font-weight: 400;\">En 1921, Frederick Banting y su asistente Charles Best descubrieron c&oacute;mo sacar la insulina del p&aacute;ncreas de un perro. Luego usaron la insulina para salvar las vidas de otros animales y, finalmente, las de humanos que sufr&iacute;an de diabetes.<\/span><\/p>\n<p><span style=\"font-weight: 400;\">La insulina del ganado y los cerdos se us&oacute; durante muchos a&ntilde;os, pero causaba reacciones al&eacute;rgicas en muchos pacientes. La primera insulina sint&eacute;tica &laquo;humana&raquo; se produjo en 1978 utilizando la bacteria E. coli en su producci&oacute;n. Eli Lilly finalmente produjo Humulin, la primera insulina humana biosint&eacute;tica comercialmente vendida.<\/span><\/p>\n<h2>La insulina en la actualidad<\/h2>\n<p><span style=\"font-weight: 400;\">La insulina ahora viene en muchas formas, y es importante saber la diferencia y ser consciente de las diversas cualidades que las distinguen.<\/span><\/p>\n<p><span style=\"font-weight: 400;\">Hoy en d&iacute;a existen varios tipos de insulina: de acci&oacute;n r&aacute;pida, de acci&oacute;n corta, de acci&oacute;n intermedia, de acci&oacute;n prolongada, de acci&oacute;n ultra larga e inhalada. Se clasifican por la rapidez con que comienzan a funcionar en el torrente sangu&iacute;neo y tambi&eacute;n por cu&aacute;nto tiempo durar&aacute;n sus efectos.<\/span><\/p>\n<h2><b>Insulina de acci&oacute;n r&aacute;pida (o ultra r&aacute;pida en algunos pa&iacute;ses de Am&eacute;rica Latina)<\/b><\/h2>\n<ul>\n<li style=\"font-weight: 400;\">Actualmente disponible en dos formas:\n<ul>\n<li><strong>Fiasp<\/strong> (inyectada o administrada en bolo).<\/li>\n<li><strong>Afrezza<\/strong> (inhalada).<\/li>\n<\/ul>\n<p><strong>Uso:<\/strong><\/p>\n<ul>\n<li>Se utiliza como bolo o se inhala antes o durante una comida, o para corregir niveles altos de glucosa en sangre.<\/li>\n<\/ul>\n<p><strong>Inicio y duraci&oacute;n del efecto:<\/strong><\/p>\n<ul>\n<li>Comienza a actuar en 15 minutos.<\/li>\n<li><strong>Fiasp<\/strong> dura entre dos y cuatro horas.<\/li>\n<li><strong>Afrezza<\/strong> dura entre una hora y media y tres horas.<\/li>\n<\/ul>\n<p><strong>Nombres comerciales:<\/strong><\/p>\n<ul>\n<li><strong>Lyumjev<\/strong> (lispro-aabc).<\/li>\n<li><strong>Fiasp<\/strong> (aspart, con Vitamina B3 para hacerla de acci&oacute;n ultra r&aacute;pida).<\/li>\n<li><strong>Afrezza<\/strong> (inhalada) &ndash; <em>no disponible en Am&eacute;rica Latina<\/em><\/li>\n<\/ul>\n<\/li>\n<\/ul>\n<h2><b>Insulina de acci&oacute;n corta&nbsp;(o regular en algunos pa&iacute;ses de Am&eacute;rica Latina)<\/b><\/h2>\n<ul>\n<li>Se administra en bolo antes o durante una comida, o para corregir niveles altos de glucosa en sangre.<\/li>\n<li>Comienza a actuar en 30 minutos.<\/li>\n<li>Dura entre tres y seis horas.<\/li>\n<li>Nombres comerciales: <strong>Humulin R<\/strong> (insulina regular humana), <strong>Novolin R<\/strong> (insulina regular humana).<\/li>\n<\/ul>\n<h2><b>Insulina de acci&oacute;n intermedia<\/b><\/h2>\n<ul>\n<li>Generalmente se usa dos veces al d&iacute;a como combinaci&oacute;n de insulina en bolo y basal.<\/li>\n<li>Comienza a actuar en dos a cuatro horas.<\/li>\n<li>Dura entre 12 y 18 horas.<\/li>\n<li>Nombres comerciales: <strong>Humulin N<\/strong> (insulina NPH), <strong>Novolin N<\/strong> (insulina NPH).<\/li>\n<\/ul>\n<h2><b>Insulina de acci&oacute;n prolongada<\/b><\/h2>\n<ul>\n<li>Se administra una o dos veces al d&iacute;a como insulina basal.<\/li>\n<li>Comienza a actuar en dos a cuatro horas.<\/li>\n<li>Dura 24 horas.<\/li>\n<li>Nombres comerciales: <strong>Lantus<\/strong> (glargina), <strong>Levemir<\/strong> (detemir), <strong>Basaglar<\/strong> (glargina).<\/li>\n<\/ul>\n<h2><b>Insulina de acci&oacute;n ultra prolongada<\/b><\/h2>\n<ul>\n<li>Se administra una vez al d&iacute;a como insulina basal.<\/li>\n<li>Comienza a actuar en seis horas.<\/li>\n<li>Dura 36 horas.<\/li>\n<li>Nombres comerciales: <strong>Toujeo<\/strong> (glargina), <strong>Tresiba<\/strong> (degludec).<\/li>\n<\/ul>\n\n","protected":false},"excerpt":{"rendered":"<p>La insulina es una hormona que produce el p\u00e1ncreas y regula la cantidad de glucosa en sangre. Si el p\u00e1ncreas ya no la produce o no tiene suficiente insulina, el diagn\u00f3stico puede ser diabetes.<\/p>\n","protected":false},"author":5,"featured_media":35352,"parent":0,"menu_order":0,"comment_status":"closed","ping_status":"closed","template":"page_templates\/section.php","meta":{"_acf_changed":false,"footnotes":""},"class_list":["post-35349","page","type-page","status-publish","has-post-thumbnail","hentry","content-categories-educacion","topics-insulina-y-medicamentos","diabetes-types-tipo-1","tags-getinsulinlearn-es"],"acf":[],"yoast_head":"<!-- This site is optimized with the Yoast SEO plugin v27.0 - https:\/\/yoast.com\/product\/yoast-seo-wordpress\/ -->\n<title>Todo sobre la insulina | Beyond Type 1<\/title>\n<meta name=\"robots\" content=\"index, follow, max-snippet:-1, max-image-preview:large, max-video-preview:-1\" \/>\n<link rel=\"canonical\" href=\"https:\/\/beyondtype1.org\/es\/todo-sobre-la-insulina\/\" \/>\n<meta property=\"og:locale\" content=\"es_ES\" \/>\n<meta property=\"og:type\" content=\"article\" \/>\n<meta property=\"og:title\" content=\"Todo sobre la insulina | Beyond Type 1\" \/>\n<meta property=\"og:description\" content=\"La insulina es una hormona que produce el p\u00e1ncreas y regula la cantidad de glucosa en sangre. Si el p\u00e1ncreas ya no la produce o no tiene suficiente insulina, el diagn\u00f3stico puede ser diabetes.\" \/>\n<meta property=\"og:url\" content=\"https:\/\/beyondtype1.org\/es\/todo-sobre-la-insulina\/\" \/>\n<meta property=\"og:site_name\" content=\"Beyond Type 1\" \/>\n<meta property=\"article:publisher\" content=\"https:\/\/www.facebook.com\/beyondtype1\" \/>\n<meta property=\"article:modified_time\" content=\"2024-12-16T21:49:51+00:00\" \/>\n<meta property=\"og:image\" content=\"https:\/\/beyondtype1.org\/wp-content\/uploads\/2024\/12\/BT1-HEADER-2021_0038_ALL-ABOUT-INSULIN-1200x429-1.jpg\" \/>\n\t<meta property=\"og:image:width\" content=\"1200\" \/>\n\t<meta property=\"og:image:height\" content=\"429\" \/>\n\t<meta property=\"og:image:type\" content=\"image\/jpeg\" \/>\n<meta name=\"twitter:card\" content=\"summary_large_image\" \/>\n<meta name=\"twitter:site\" content=\"@BeyondType1\" \/>\n<meta name=\"twitter:label1\" content=\"Tiempo de lectura\" \/>\n\t<meta name=\"twitter:data1\" content=\"3 minutos\" \/>\n<script type=\"application\/ld+json\" class=\"yoast-schema-graph\">{\"@context\":\"https:\/\/schema.org\",\"@graph\":[{\"@type\":\"WebPage\",\"@id\":\"https:\/\/beyondtype1.org\/es\/todo-sobre-la-insulina\/\",\"url\":\"https:\/\/beyondtype1.org\/es\/todo-sobre-la-insulina\/\",\"name\":\"Todo sobre la insulina | Beyond Type 1\",\"isPartOf\":{\"@id\":\"https:\/\/beyondtype1.org\/es\/#website\"},\"primaryImageOfPage\":{\"@id\":\"https:\/\/beyondtype1.org\/es\/todo-sobre-la-insulina\/#primaryimage\"},\"image\":{\"@id\":\"https:\/\/beyondtype1.org\/es\/todo-sobre-la-insulina\/#primaryimage\"},\"thumbnailUrl\":\"https:\/\/beyondtype1.org\/wp-content\/uploads\/2024\/12\/BT1-HEADER-2021_0038_ALL-ABOUT-INSULIN-1200x429-1.jpg\",\"datePublished\":\"2024-10-28T19:21:55+00:00\",\"dateModified\":\"2024-12-16T21:49:51+00:00\",\"breadcrumb\":{\"@id\":\"https:\/\/beyondtype1.org\/es\/todo-sobre-la-insulina\/#breadcrumb\"},\"inLanguage\":\"es\",\"potentialAction\":[{\"@type\":\"ReadAction\",\"target\":[\"https:\/\/beyondtype1.org\/es\/todo-sobre-la-insulina\/\"]}]},{\"@type\":\"ImageObject\",\"inLanguage\":\"es\",\"@id\":\"https:\/\/beyondtype1.org\/es\/todo-sobre-la-insulina\/#primaryimage\",\"url\":\"https:\/\/beyondtype1.org\/wp-content\/uploads\/2024\/12\/BT1-HEADER-2021_0038_ALL-ABOUT-INSULIN-1200x429-1.jpg\",\"contentUrl\":\"https:\/\/beyondtype1.org\/wp-content\/uploads\/2024\/12\/BT1-HEADER-2021_0038_ALL-ABOUT-INSULIN-1200x429-1.jpg\",\"width\":1200,\"height\":429},{\"@type\":\"BreadcrumbList\",\"@id\":\"https:\/\/beyondtype1.org\/es\/todo-sobre-la-insulina\/#breadcrumb\",\"itemListElement\":[{\"@type\":\"ListItem\",\"position\":1,\"name\":\"Home\",\"item\":\"https:\/\/beyondtype1.org\/es\/\"},{\"@type\":\"ListItem\",\"position\":2,\"name\":\"Todo sobre la insulina\"}]},{\"@type\":\"WebSite\",\"@id\":\"https:\/\/beyondtype1.org\/es\/#website\",\"url\":\"https:\/\/beyondtype1.org\/es\/\",\"name\":\"Beyond Type 1\",\"description\":\"Beyond Type 1 is the largest diabetes org online, funding advocacy, education and cure research.\",\"publisher\":{\"@id\":\"https:\/\/beyondtype1.org\/es\/#organization\"},\"potentialAction\":[{\"@type\":\"SearchAction\",\"target\":{\"@type\":\"EntryPoint\",\"urlTemplate\":\"https:\/\/beyondtype1.org\/es\/?s={search_term_string}\"},\"query-input\":{\"@type\":\"PropertyValueSpecification\",\"valueRequired\":true,\"valueName\":\"search_term_string\"}}],\"inLanguage\":\"es\"},{\"@type\":\"Organization\",\"@id\":\"https:\/\/beyondtype1.org\/es\/#organization\",\"name\":\"Beyond Type 1\",\"url\":\"https:\/\/beyondtype1.org\/es\/\",\"logo\":{\"@type\":\"ImageObject\",\"inLanguage\":\"es\",\"@id\":\"https:\/\/beyondtype1.org\/es\/#\/schema\/logo\/image\/\",\"url\":\"https:\/\/beyondtype1.org\/wp-content\/uploads\/2025\/08\/header-logo.svg\",\"contentUrl\":\"https:\/\/beyondtype1.org\/wp-content\/uploads\/2025\/08\/header-logo.svg\",\"width\":56,\"height\":56,\"caption\":\"Beyond Type 1\"},\"image\":{\"@id\":\"https:\/\/beyondtype1.org\/es\/#\/schema\/logo\/image\/\"},\"sameAs\":[\"https:\/\/www.facebook.com\/beyondtype1\",\"https:\/\/x.com\/BeyondType1\",\"http:\/\/instagram.com\/BeyondType1\/\",\"https:\/\/www.youtube.com\/c\/BeyondType1\",\"https:\/\/www.tiktok.com\/@beyondtype1\",\"https:\/\/www.linkedin.com\/company\/beyond-type1\/\"]}]}<\/script>\n<!-- \/ Yoast SEO plugin. -->","yoast_head_json":{"title":"Todo sobre la insulina | Beyond Type 1","robots":{"index":"index","follow":"follow","max-snippet":"max-snippet:-1","max-image-preview":"max-image-preview:large","max-video-preview":"max-video-preview:-1"},"canonical":"https:\/\/beyondtype1.org\/es\/todo-sobre-la-insulina\/","og_locale":"es_ES","og_type":"article","og_title":"Todo sobre la insulina | Beyond Type 1","og_description":"La insulina es una hormona que produce el p\u00e1ncreas y regula la cantidad de glucosa en sangre. Si el p\u00e1ncreas ya no la produce o no tiene suficiente insulina, el diagn\u00f3stico puede ser diabetes.","og_url":"https:\/\/beyondtype1.org\/es\/todo-sobre-la-insulina\/","og_site_name":"Beyond Type 1","article_publisher":"https:\/\/www.facebook.com\/beyondtype1","article_modified_time":"2024-12-16T21:49:51+00:00","og_image":[{"width":1200,"height":429,"url":"https:\/\/beyondtype1.org\/wp-content\/uploads\/2024\/12\/BT1-HEADER-2021_0038_ALL-ABOUT-INSULIN-1200x429-1.jpg","type":"image\/jpeg"}],"twitter_card":"summary_large_image","twitter_site":"@BeyondType1","twitter_misc":{"Tiempo de lectura":"3 minutos"},"schema":{"@context":"https:\/\/schema.org","@graph":[{"@type":"WebPage","@id":"https:\/\/beyondtype1.org\/es\/todo-sobre-la-insulina\/","url":"https:\/\/beyondtype1.org\/es\/todo-sobre-la-insulina\/","name":"Todo sobre la insulina | Beyond Type 1","isPartOf":{"@id":"https:\/\/beyondtype1.org\/es\/#website"},"primaryImageOfPage":{"@id":"https:\/\/beyondtype1.org\/es\/todo-sobre-la-insulina\/#primaryimage"},"image":{"@id":"https:\/\/beyondtype1.org\/es\/todo-sobre-la-insulina\/#primaryimage"},"thumbnailUrl":"https:\/\/beyondtype1.org\/wp-content\/uploads\/2024\/12\/BT1-HEADER-2021_0038_ALL-ABOUT-INSULIN-1200x429-1.jpg","datePublished":"2024-10-28T19:21:55+00:00","dateModified":"2024-12-16T21:49:51+00:00","breadcrumb":{"@id":"https:\/\/beyondtype1.org\/es\/todo-sobre-la-insulina\/#breadcrumb"},"inLanguage":"es","potentialAction":[{"@type":"ReadAction","target":["https:\/\/beyondtype1.org\/es\/todo-sobre-la-insulina\/"]}]},{"@type":"ImageObject","inLanguage":"es","@id":"https:\/\/beyondtype1.org\/es\/todo-sobre-la-insulina\/#primaryimage","url":"https:\/\/beyondtype1.org\/wp-content\/uploads\/2024\/12\/BT1-HEADER-2021_0038_ALL-ABOUT-INSULIN-1200x429-1.jpg","contentUrl":"https:\/\/beyondtype1.org\/wp-content\/uploads\/2024\/12\/BT1-HEADER-2021_0038_ALL-ABOUT-INSULIN-1200x429-1.jpg","width":1200,"height":429},{"@type":"BreadcrumbList","@id":"https:\/\/beyondtype1.org\/es\/todo-sobre-la-insulina\/#breadcrumb","itemListElement":[{"@type":"ListItem","position":1,"name":"Home","item":"https:\/\/beyondtype1.org\/es\/"},{"@type":"ListItem","position":2,"name":"Todo sobre la insulina"}]},{"@type":"WebSite","@id":"https:\/\/beyondtype1.org\/es\/#website","url":"https:\/\/beyondtype1.org\/es\/","name":"Beyond Type 1","description":"Beyond Type 1 is the largest diabetes org online, funding advocacy, education and cure research.","publisher":{"@id":"https:\/\/beyondtype1.org\/es\/#organization"},"potentialAction":[{"@type":"SearchAction","target":{"@type":"EntryPoint","urlTemplate":"https:\/\/beyondtype1.org\/es\/?s={search_term_string}"},"query-input":{"@type":"PropertyValueSpecification","valueRequired":true,"valueName":"search_term_string"}}],"inLanguage":"es"},{"@type":"Organization","@id":"https:\/\/beyondtype1.org\/es\/#organization","name":"Beyond Type 1","url":"https:\/\/beyondtype1.org\/es\/","logo":{"@type":"ImageObject","inLanguage":"es","@id":"https:\/\/beyondtype1.org\/es\/#\/schema\/logo\/image\/","url":"https:\/\/beyondtype1.org\/wp-content\/uploads\/2025\/08\/header-logo.svg","contentUrl":"https:\/\/beyondtype1.org\/wp-content\/uploads\/2025\/08\/header-logo.svg","width":56,"height":56,"caption":"Beyond Type 1"},"image":{"@id":"https:\/\/beyondtype1.org\/es\/#\/schema\/logo\/image\/"},"sameAs":["https:\/\/www.facebook.com\/beyondtype1","https:\/\/x.com\/BeyondType1","http:\/\/instagram.com\/BeyondType1\/","https:\/\/www.youtube.com\/c\/BeyondType1","https:\/\/www.tiktok.com\/@beyondtype1","https:\/\/www.linkedin.com\/company\/beyond-type1\/"]}]}},"_links":{"self":[{"href":"https:\/\/beyondtype1.org\/es\/wp-json\/wp\/v2\/pages\/35349","targetHints":{"allow":["GET"]}}],"collection":[{"href":"https:\/\/beyondtype1.org\/es\/wp-json\/wp\/v2\/pages"}],"about":[{"href":"https:\/\/beyondtype1.org\/es\/wp-json\/wp\/v2\/types\/page"}],"author":[{"embeddable":true,"href":"https:\/\/beyondtype1.org\/es\/wp-json\/wp\/v2\/users\/5"}],"replies":[{"embeddable":true,"href":"https:\/\/beyondtype1.org\/es\/wp-json\/wp\/v2\/comments?post=35349"}],"version-history":[{"count":0,"href":"https:\/\/beyondtype1.org\/es\/wp-json\/wp\/v2\/pages\/35349\/revisions"}],"wp:featuredmedia":[{"embeddable":true,"href":"https:\/\/beyondtype1.org\/es\/wp-json\/wp\/v2\/media\/35352"}],"wp:attachment":[{"href":"https:\/\/beyondtype1.org\/es\/wp-json\/wp\/v2\/media?parent=35349"}],"curies":[{"name":"wp","href":"https:\/\/api.w.org\/{rel}","templated":true}]}}